{"id":4657,"date":"2022-03-20T16:16:27","date_gmt":"2022-03-20T15:16:27","guid":{"rendered":"https:\/\/jacekplacek.com.pl\/?post_type=product&#038;p=4657"},"modified":"2025-12-16T15:38:38","modified_gmt":"2025-12-16T14:38:38","slug":"slunecnicove-mini-cookies","status":"publish","type":"product","link":"https:\/\/jacekplacek.com.pl\/cs\/obchod\/cookies-a-cookies\/cookies\/slunecnicove-mini-cookies\/","title":{"rendered":"Mini slune\u010dnicov\u00e9 su\u0161enky"},"content":{"rendered":"<p>Jak fajn spojit slabost pro k\u0159upav\u00e9 su\u0161enky se snahou doplnit si j\u00eddeln\u00ed\u010dek o hodnotn\u00e1 sem\u00ednka... Slune\u010dnicov\u00e1 sem\u00ednka nav\u00edc umoc\u0148uj\u00ed k\u0159upav\u00fd efekt \u2013 mrkn\u011bte na to!<\/p>\n<p><span style=\"font-weight: 400\">Doporu\u010dujeme vyzkou\u0161et verzi s d\u00fd\u0148ov\u00fdmi sem\u00ednky \u2013\u00a0<strong><a href=\"https:\/\/jacekplacek.com.pl\/cs\/obchod\/cookies-a-cookies\/cookies\/krehke-susenky-s-dynovymi-seminky\/\" target=\"_blank\" rel=\"noopener\">oh tady...<\/a><\/strong><\/span><\/p>","protected":false},"excerpt":{"rendered":"<p><span style=\"font-weight: 400\">Kulat\u00e9 k\u0159ehk\u00e9 su\u0161enky se slune\u010dnicov\u00fdmi sem\u00ednky - mini verze.<\/span><\/p>","protected":false},"featured_media":4630,"comment_status":"closed","ping_status":"closed","template":"","meta":{"content-type":""},"product_brand":[],"product_cat":[121],"product_tag":[348,454,444,446,445,449,354,355],"class_list":{"0":"post-4657","1":"product","2":"type-product","3":"status-publish","4":"has-post-thumbnail","6":"product_cat-ciasteczka","7":"product_tag-ciasteczka-kruche","8":"product_tag-ciasteczka-na-wage","9":"product_tag-cukiernia-jacek-placek","10":"product_tag-jacek-placek-gdansk","11":"product_tag-jacek-placek-gowino","12":"product_tag-jacek-placek-sopot","13":"product_tag-z-nasionami","14":"product_tag-ze-slonecznikiem","16":"entry","17":"has-media","19":"first","20":"outofstock","21":"shipping-taxable","22":"product-type-simple","23":"has-product-nav","24":"col","25":"span_1_of_4","26":"owp-content-center","27":"owp-thumbs-layout-horizontal","28":"owp-btn-normal","29":"owp-tabs-layout-horizontal"},"acf":[],"_links":{"self":[{"href":"https:\/\/jacekplacek.com.pl\/cs\/wp-json\/wp\/v2\/product\/4657","targetHints":{"allow":["GET"]}}],"collection":[{"href":"https:\/\/jacekplacek.com.pl\/cs\/wp-json\/wp\/v2\/product"}],"about":[{"href":"https:\/\/jacekplacek.com.pl\/cs\/wp-json\/wp\/v2\/types\/product"}],"replies":[{"embeddable":true,"href":"https:\/\/jacekplacek.com.pl\/cs\/wp-json\/wp\/v2\/comments?post=4657"}],"wp:featuredmedia":[{"embeddable":true,"href":"https:\/\/jacekplacek.com.pl\/cs\/wp-json\/wp\/v2\/media\/4630"}],"wp:attachment":[{"href":"https:\/\/jacekplacek.com.pl\/cs\/wp-json\/wp\/v2\/media?parent=4657"}],"wp:term":[{"taxonomy":"product_brand","embeddable":true,"href":"https:\/\/jacekplacek.com.pl\/cs\/wp-json\/wp\/v2\/product_brand?post=4657"},{"taxonomy":"product_cat","embeddable":true,"href":"https:\/\/jacekplacek.com.pl\/cs\/wp-json\/wp\/v2\/product_cat?post=4657"},{"taxonomy":"product_tag","embeddable":true,"href":"https:\/\/jacekplacek.com.pl\/cs\/wp-json\/wp\/v2\/product_tag?post=4657"}],"curies":[{"name":"wp","href":"https:\/\/api.w.org\/{rel}","templated":true}]}}