{"id":4516,"date":"2022-02-08T14:13:15","date_gmt":"2022-02-08T13:13:15","guid":{"rendered":"https:\/\/jacekplacek.com.pl\/?post_type=product&#038;p=4516"},"modified":"2025-11-18T18:27:21","modified_gmt":"2025-11-18T17:27:21","slug":"mini-cheesecake-skorice","status":"publish","type":"product","link":"https:\/\/jacekplacek.com.pl\/cs\/obchod\/torty_i_desery\/kavarna-mini-dezerty-2\/mini-cheesecake-skorice\/","title":{"rendered":"Mini sko\u0159icov\u00fd cheesecake 3 kusy"},"content":{"rendered":"<p><strong>Lah\u016fdka pro ty, kte\u0159\u00ed miluj\u00ed pikantn\u00ed zimn\u00ed chut\u011b - mini studen\u00fd sko\u0159icov\u00fd cheesecake! S\u00fdrov\u00e1 hmota z t\u00e9 nejlep\u0161\u00ed smetany ke \u0161leh\u00e1n\u00ed a prav\u00e9ho m\u00e1sla, zespodu jemn\u00e9 sko\u0159icov\u00e9 su\u0161enky, naho\u0159e posypan\u00e9 sko\u0159ic\u00ed.<\/strong><\/p>\n<p>Pr\u016fm\u011br 7,5 cm, v\u00fd\u0161ka 4 cm.<\/p>\n<p>Produkt dostupn\u00fd v <strong>hromadn\u00e9 balen\u00ed 3 ks (1 ks cca 140g).<\/strong><\/p>","protected":false},"excerpt":{"rendered":"<p><span data-sheets-root=\"1\">Z\u00e1klad z k\u0159ehk\u00e9ho t\u011bsta se sko\u0159ic\u00ed, tvarohovou n\u00e1pln\u00ed a sko\u0159icov\u00fdm posypem.<\/span><\/p>\n<p>Produkt dostupn\u00fd v\u00a0<strong>hromadn\u00e9 balen\u00ed 3 ks (1 ks cca 140g).<\/strong><\/p>","protected":false},"featured_media":11338,"comment_status":"closed","ping_status":"closed","template":"","meta":{"content-type":""},"product_brand":[],"product_cat":[723],"product_tag":[444,442,446,445,449,441,200,135],"class_list":{"0":"post-4516","1":"product","2":"type-product","3":"status-publish","4":"has-post-thumbnail","6":"product_cat-mini-desery-do-kawiarni","7":"product_tag-cukiernia-jacek-placek","8":"product_tag-deser-jednoporcjowy","9":"product_tag-jacek-placek-gdansk","10":"product_tag-jacek-placek-gowino","11":"product_tag-jacek-placek-sopot","12":"product_tag-mini-sernik","13":"product_tag-sernik-cynamonowy","14":"product_tag-sernik-na-zimno","16":"entry","17":"has-media","19":"first","20":"instock","21":"shipping-taxable","22":"product-type-simple","23":"has-product-nav","24":"col","25":"span_1_of_4","26":"owp-content-center","27":"owp-thumbs-layout-horizontal","28":"owp-btn-normal","29":"owp-tabs-layout-horizontal"},"acf":[],"_links":{"self":[{"href":"https:\/\/jacekplacek.com.pl\/cs\/wp-json\/wp\/v2\/product\/4516","targetHints":{"allow":["GET"]}}],"collection":[{"href":"https:\/\/jacekplacek.com.pl\/cs\/wp-json\/wp\/v2\/product"}],"about":[{"href":"https:\/\/jacekplacek.com.pl\/cs\/wp-json\/wp\/v2\/types\/product"}],"replies":[{"embeddable":true,"href":"https:\/\/jacekplacek.com.pl\/cs\/wp-json\/wp\/v2\/comments?post=4516"}],"wp:featuredmedia":[{"embeddable":true,"href":"https:\/\/jacekplacek.com.pl\/cs\/wp-json\/wp\/v2\/media\/11338"}],"wp:attachment":[{"href":"https:\/\/jacekplacek.com.pl\/cs\/wp-json\/wp\/v2\/media?parent=4516"}],"wp:term":[{"taxonomy":"product_brand","embeddable":true,"href":"https:\/\/jacekplacek.com.pl\/cs\/wp-json\/wp\/v2\/product_brand?post=4516"},{"taxonomy":"product_cat","embeddable":true,"href":"https:\/\/jacekplacek.com.pl\/cs\/wp-json\/wp\/v2\/product_cat?post=4516"},{"taxonomy":"product_tag","embeddable":true,"href":"https:\/\/jacekplacek.com.pl\/cs\/wp-json\/wp\/v2\/product_tag?post=4516"}],"curies":[{"name":"wp","href":"https:\/\/api.w.org\/{rel}","templated":true}]}}