{"id":4515,"date":"2022-02-08T14:15:05","date_gmt":"2022-02-08T13:15:05","guid":{"rendered":"https:\/\/jacekplacek.com.pl\/?post_type=product&#038;p=4515"},"modified":"2025-11-18T18:27:21","modified_gmt":"2025-11-18T17:27:21","slug":"mini-dort-cerveno-samet","status":"publish","type":"product","link":"https:\/\/jacekplacek.com.pl\/cs\/obchod\/torty_i_desery\/kavarna-mini-dezerty-2\/mini-dort-cerveno-samet\/","title":{"rendered":"Mini Red Velvet dort, 3 kusy"},"content":{"rendered":"<p><b>Zveme v\u00e1s ochutnat n\u00e1\u0161 vlajkov\u00fd mini dort Red Velvet Cake \u2013 klasick\u00fd dezert s nov\u00fdm n\u00e1dechem.<\/b><\/p>\n<p><b>N\u00e1\u0161 dort je nejen chutn\u00fd, ale tak\u00e9 zdrav\u00fd, proto\u017ee se vyh\u00fdb\u00e1me um\u011bl\u00fdm p\u0159\u00edsad\u00e1m pou\u017e\u00edv\u00e1n\u00edm p\u0159\u00edrodn\u00edho barviva lykopenu z\u00edskan\u00e9ho z raj\u010dat.<\/b><span style=\"font-weight: 400;\"> Vnit\u0159ek dortu pln\u00edme lahodn\u00fdm kr\u00e9mem z mascarpone a malinov\u00fdm d\u017eemem, kter\u00fd mu dod\u00e1v\u00e1 jedine\u010dnou chu\u0165. P\u0159esv\u011bd\u010dte se sami, \u017ee tradi\u010dn\u00ed chu\u0165 m\u016f\u017ee j\u00edt ruku v ruce s d\u016frazem na kvalitu surovin.<\/span><\/p>\n<p>Dezert nejen na elegantn\u00ed stoly - perfektn\u00ed na oslavu jmenin, narozenin \u010di jin\u00fdch oslav doma nebo v pr\u00e1ci...<\/p>\n<p>Produkt dostupn\u00fd v\u00a0<strong>3 kusy v hromadn\u00e9m balen\u00ed (3 kusy cca 450g).<\/strong><\/p>","protected":false},"excerpt":{"rendered":"<p><span style=\"font-weight: 400;\">Na\u0161e vlajkov\u00e1 lo\u010f Red Velvet Cake - klasick\u00fd dezert s nov\u00fdm n\u00e1dechem. P\u0159esv\u011bd\u010dte se sami, \u017ee tradi\u010dn\u00ed chu\u0165 m\u016f\u017ee j\u00edt ruku v ruce s d\u016frazem na kvalitu surovin.<\/span><\/p>\n<p>Produkt dostupn\u00fd v\u00a0<strong>3 kusy v hromadn\u00e9m balen\u00ed (3 kusy cca 450g).<\/strong><\/p>","protected":false},"featured_media":11347,"comment_status":"closed","ping_status":"closed","template":"","meta":{"content-type":""},"product_brand":[],"product_cat":[723],"product_tag":[444,442,446,445,291,450,447,448],"class_list":{"0":"post-4515","1":"product","2":"type-product","3":"status-publish","4":"has-post-thumbnail","6":"product_cat-mini-desery-do-kawiarni","7":"product_tag-cukiernia-jacek-placek","8":"product_tag-deser-jednoporcjowy","9":"product_tag-jacek-placek-gdansk","10":"product_tag-jacek-placek-gowino","11":"product_tag-tort-malinowy","12":"product_tag-tort-mini","13":"product_tag-tort-red-velvet","14":"product_tag-tort-z-mascarpone","16":"entry","17":"has-media","19":"first","20":"instock","21":"shipping-taxable","22":"product-type-simple","23":"has-product-nav","24":"col","25":"span_1_of_4","26":"owp-content-center","27":"owp-thumbs-layout-horizontal","28":"owp-btn-normal","29":"owp-tabs-layout-horizontal"},"acf":[],"_links":{"self":[{"href":"https:\/\/jacekplacek.com.pl\/cs\/wp-json\/wp\/v2\/product\/4515","targetHints":{"allow":["GET"]}}],"collection":[{"href":"https:\/\/jacekplacek.com.pl\/cs\/wp-json\/wp\/v2\/product"}],"about":[{"href":"https:\/\/jacekplacek.com.pl\/cs\/wp-json\/wp\/v2\/types\/product"}],"replies":[{"embeddable":true,"href":"https:\/\/jacekplacek.com.pl\/cs\/wp-json\/wp\/v2\/comments?post=4515"}],"wp:featuredmedia":[{"embeddable":true,"href":"https:\/\/jacekplacek.com.pl\/cs\/wp-json\/wp\/v2\/media\/11347"}],"wp:attachment":[{"href":"https:\/\/jacekplacek.com.pl\/cs\/wp-json\/wp\/v2\/media?parent=4515"}],"wp:term":[{"taxonomy":"product_brand","embeddable":true,"href":"https:\/\/jacekplacek.com.pl\/cs\/wp-json\/wp\/v2\/product_brand?post=4515"},{"taxonomy":"product_cat","embeddable":true,"href":"https:\/\/jacekplacek.com.pl\/cs\/wp-json\/wp\/v2\/product_cat?post=4515"},{"taxonomy":"product_tag","embeddable":true,"href":"https:\/\/jacekplacek.com.pl\/cs\/wp-json\/wp\/v2\/product_tag?post=4515"}],"curies":[{"name":"wp","href":"https:\/\/api.w.org\/{rel}","templated":true}]}}