{"id":416,"date":"2020-11-25T11:20:11","date_gmt":"2020-11-25T10:20:11","guid":{"rendered":"https:\/\/jacekplacek.com.pl\/?post_type=product&#038;p=416"},"modified":"2025-11-18T18:28:52","modified_gmt":"2025-11-18T17:28:52","slug":"citronovy-tvarohovy-kolac","status":"publish","type":"product","link":"https:\/\/jacekplacek.com.pl\/cs\/obchod\/tvarohove-kolace-vse\/tvarohove-kolace\/citronovy-tvarohovy-kolac\/","title":{"rendered":"Citronov\u00fd cheesecake"},"content":{"rendered":"<p><strong>Variace cheesecaku, ve kter\u00e9m chu\u0165ovou barvu dopl\u0148uj\u00ed citrony.<\/strong><\/p>\n<p>Z\u00e1klad tvo\u0159\u00ed tmav\u00e1 drobenka, tvarohov\u00e1 n\u00e1pl\u0148 s citronovou k\u016frou a \u0161\u0165\u00e1vou, v\u0161e p\u0159elit\u00e9 \u010dokol\u00e1dovou polevou.<\/p>\n<p>Dal\u0161\u00ed druhy tvarohov\u00fdch kol\u00e1\u010d\u016f k dispozici\u00a0<strong><a href=\"https:\/\/jacekplacek.com.pl\/cs\/kategorie-produktu\/tvarohove-kolace-vse\/\" target=\"_blank\" rel=\"noopener\">tady.<\/a><\/strong><\/p>","protected":false},"excerpt":{"rendered":"<p><span data-sheets-root=\"1\">Kakao, k\u0159upav\u00fd z\u00e1klad, nad\u00fdchan\u00e1 tvarohov\u00e1 n\u00e1pl\u0148 s citronovou \u0161\u0165\u00e1vou a \u010dokol\u00e1dovou polevou. Vyv\u00e1\u017een\u00e9 chut\u011b citronu a \u010dokol\u00e1dy.<\/span><\/p>","protected":false},"featured_media":2862,"comment_status":"closed","ping_status":"closed","template":"","meta":{"content-type":""},"product_brand":[],"product_cat":[60],"product_tag":[421,444,186,446,445,449,72,61,184,185],"class_list":{"0":"post-416","1":"product","2":"type-product","3":"status-publish","4":"has-post-thumbnail","6":"product_cat-serniki","7":"product_tag-ciasta-swiateczne","8":"product_tag-cukiernia-jacek-placek","9":"product_tag-cytrynowy","10":"product_tag-jacek-placek-gdansk","11":"product_tag-jacek-placek-gowino","12":"product_tag-jacek-placek-sopot","13":"product_tag-polewa-czekoladowa","14":"product_tag-sernik","15":"product_tag-sernik-cytrynowy","16":"product_tag-sernik-z-czekolada","18":"entry","19":"has-media","21":"first","22":"instock","23":"shipping-taxable","24":"product-type-variable","25":"has-default-attributes","26":"has-product-nav","27":"col","28":"span_1_of_4","29":"owp-content-center","30":"owp-thumbs-layout-horizontal","31":"owp-btn-normal","32":"owp-tabs-layout-horizontal"},"acf":[],"_links":{"self":[{"href":"https:\/\/jacekplacek.com.pl\/cs\/wp-json\/wp\/v2\/product\/416","targetHints":{"allow":["GET"]}}],"collection":[{"href":"https:\/\/jacekplacek.com.pl\/cs\/wp-json\/wp\/v2\/product"}],"about":[{"href":"https:\/\/jacekplacek.com.pl\/cs\/wp-json\/wp\/v2\/types\/product"}],"replies":[{"embeddable":true,"href":"https:\/\/jacekplacek.com.pl\/cs\/wp-json\/wp\/v2\/comments?post=416"}],"wp:featuredmedia":[{"embeddable":true,"href":"https:\/\/jacekplacek.com.pl\/cs\/wp-json\/wp\/v2\/media\/2862"}],"wp:attachment":[{"href":"https:\/\/jacekplacek.com.pl\/cs\/wp-json\/wp\/v2\/media?parent=416"}],"wp:term":[{"taxonomy":"product_brand","embeddable":true,"href":"https:\/\/jacekplacek.com.pl\/cs\/wp-json\/wp\/v2\/product_brand?post=416"},{"taxonomy":"product_cat","embeddable":true,"href":"https:\/\/jacekplacek.com.pl\/cs\/wp-json\/wp\/v2\/product_cat?post=416"},{"taxonomy":"product_tag","embeddable":true,"href":"https:\/\/jacekplacek.com.pl\/cs\/wp-json\/wp\/v2\/product_tag?post=416"}],"curies":[{"name":"wp","href":"https:\/\/api.w.org\/{rel}","templated":true}]}}