{"id":3980,"date":"2021-12-06T17:24:11","date_gmt":"2021-12-06T16:24:11","guid":{"rendered":"https:\/\/jacekplacek.com.pl\/?post_type=product&#038;p=3980"},"modified":"2025-11-18T18:28:52","modified_gmt":"2025-11-18T17:28:52","slug":"tvarohovy-kolac-broskev-mrak","status":"publish","type":"product","link":"https:\/\/jacekplacek.com.pl\/cs\/obchod\/tvarohove-kolace-vse\/tvarohove-kolace\/tvarohovy-kolac-broskev-mrak\/","title":{"rendered":"Cheesecake broskvov\u00fd cloud"},"content":{"rendered":"<p><strong><b>Pro ty, kte\u0159\u00ed d\u00e1vaj\u00ed p\u0159ednost ovoci p\u0159ed \u010dokol\u00e1dou - mimo\u0159\u00e1dn\u011b zda\u0159il\u00e1 kombinace klasick\u00e9ho cheesecaku na k\u0159ehk\u00e9m t\u011bst\u011b s kousky \u0161\u0165avnat\u00fdch broskv\u00ed v sirupu, p\u0159elit\u00e9 vrstvou pusinky lehk\u00e9 jako obl\u00e1\u010dek a ozdoben\u00e9 drobenkou.<\/b><\/strong><\/p>\n<p>Dal\u0161\u00ed druhy tvarohov\u00fdch kol\u00e1\u010d\u016f k dispozici <strong><a href=\"https:\/\/jacekplacek.com.pl\/cs\/kategorie-produktu\/tvarohove-kolace-vse\/\" target=\"_blank\" rel=\"noopener\">tady.<\/a><\/strong><\/p>","protected":false},"excerpt":{"rendered":"<p>Dno je z k\u0159ehk\u00e9ho t\u011bsta, tvarohov\u00e1 hmota s kousky broskv\u00ed ze sirupu, vrstva pusinek a vr\u0161ek zdoben\u00fd drobenkou.<\/p>","protected":false},"featured_media":4598,"comment_status":"closed","ping_status":"closed","template":"","meta":{"content-type":""},"product_brand":[],"product_cat":[60],"product_tag":[554,444,446,449,61,555,193],"class_list":{"0":"post-3980","1":"product","2":"type-product","3":"status-publish","4":"has-post-thumbnail","6":"product_cat-serniki","7":"product_tag-brzoskwinie","8":"product_tag-cukiernia-jacek-placek","9":"product_tag-jacek-placek-gdansk","10":"product_tag-jacek-placek-sopot","11":"product_tag-sernik","12":"product_tag-sernik-z-beza","13":"product_tag-sernik-z-brzoskwiniami","15":"entry","16":"has-media","18":"first","19":"instock","20":"shipping-taxable","21":"product-type-variable","22":"has-default-attributes","23":"has-product-nav","24":"col","25":"span_1_of_4","26":"owp-content-center","27":"owp-thumbs-layout-horizontal","28":"owp-btn-normal","29":"owp-tabs-layout-horizontal"},"acf":[],"_links":{"self":[{"href":"https:\/\/jacekplacek.com.pl\/cs\/wp-json\/wp\/v2\/product\/3980","targetHints":{"allow":["GET"]}}],"collection":[{"href":"https:\/\/jacekplacek.com.pl\/cs\/wp-json\/wp\/v2\/product"}],"about":[{"href":"https:\/\/jacekplacek.com.pl\/cs\/wp-json\/wp\/v2\/types\/product"}],"replies":[{"embeddable":true,"href":"https:\/\/jacekplacek.com.pl\/cs\/wp-json\/wp\/v2\/comments?post=3980"}],"wp:featuredmedia":[{"embeddable":true,"href":"https:\/\/jacekplacek.com.pl\/cs\/wp-json\/wp\/v2\/media\/4598"}],"wp:attachment":[{"href":"https:\/\/jacekplacek.com.pl\/cs\/wp-json\/wp\/v2\/media?parent=3980"}],"wp:term":[{"taxonomy":"product_brand","embeddable":true,"href":"https:\/\/jacekplacek.com.pl\/cs\/wp-json\/wp\/v2\/product_brand?post=3980"},{"taxonomy":"product_cat","embeddable":true,"href":"https:\/\/jacekplacek.com.pl\/cs\/wp-json\/wp\/v2\/product_cat?post=3980"},{"taxonomy":"product_tag","embeddable":true,"href":"https:\/\/jacekplacek.com.pl\/cs\/wp-json\/wp\/v2\/product_tag?post=3980"}],"curies":[{"name":"wp","href":"https:\/\/api.w.org\/{rel}","templated":true}]}}