{"id":263,"date":"2020-09-08T14:10:49","date_gmt":"2020-09-08T12:10:49","guid":{"rendered":"https:\/\/jacekplacek.com.pl\/?post_type=product&#038;p=263"},"modified":"2025-11-18T18:26:48","modified_gmt":"2025-11-18T17:26:48","slug":"lahodne-knedliky","status":"publish","type":"product","link":"https:\/\/jacekplacek.com.pl\/cs\/obchod\/pierogi-i-paszteciki\/mrazene-knedliky\/lahodne-knedliky\/","title":{"rendered":"Lahodn\u00e9 knedl\u00edky"},"content":{"rendered":"<p>Lahodn\u00e9 knedl\u00edky - se zel\u00edm a houbami, to jsou jedine\u010dn\u00e9 dom\u00e1c\u00ed knedl\u00edky z t\u011bsta podle star\u00e9 rodinn\u00e9 receptury. Jejich skv\u011bl\u00e1 chu\u0165 uspokoj\u00ed ka\u017ed\u00e9ho gurm\u00e1na. Na\u0161e knedl\u00edky jsou vyrobeny z t\u011bch nejkvalitn\u011bj\u0161\u00edch surovin, proto je jejich chu\u0165 a v\u016fn\u011b jedine\u010dn\u00e1.<\/p>\n<p>Nab\u00edz\u00edme je mra\u017een\u00e9, v balen\u00ed o hmotnosti cca 0,4 kg. Balen\u00ed obsahuje p\u0159ibli\u017en\u011b 13 kus\u016f knedl\u00edk\u016f.<\/p>\n<p>Prohl\u00e9dn\u011bte si na\u0161i nab\u00eddku a ochutnejte chu\u0165 prav\u00e9ho dom\u00e1c\u00edho knedl\u00edku!<\/p>\n<p><strong><a href=\"https:\/\/jacekplacek.com.pl\/cs\/kategorie-produktu\/svaciny-a-knedliky\/mrazene-knedliky\/\">Zveme v\u00e1s, abyste se sezn\u00e1mili s na\u0161imi dal\u0161\u00edmi p\u0159\u00edchut\u011bmi.<\/a><\/strong><\/p>","protected":false},"excerpt":{"rendered":"<p>Knedl\u00edky z tradi\u010dn\u00edho dom\u00e1c\u00edho t\u011bsta pln\u011bn\u00e9 zel\u00edm a houbami. Balen\u00ed obsahuje p\u0159ibli\u017en\u011b 13 kus\u016f knedl\u00edk\u016f.<\/p>","protected":false},"featured_media":8545,"comment_status":"closed","ping_status":"closed","template":"","meta":{"content-type":""},"product_brand":[],"product_cat":[82],"product_tag":[444,446,445,449,103,607,111,110],"class_list":{"0":"post-263","1":"product","2":"type-product","3":"status-publish","4":"has-post-thumbnail","6":"product_cat-pierogi-mrozone","7":"product_tag-cukiernia-jacek-placek","8":"product_tag-jacek-placek-gdansk","9":"product_tag-jacek-placek-gowino","10":"product_tag-jacek-placek-sopot","11":"product_tag-pierogi","12":"product_tag-pierogi-wysmienite","13":"product_tag-z-grzybami","14":"product_tag-z-kapusta","16":"entry","17":"has-media","19":"first","20":"instock","21":"shipping-taxable","22":"product-type-simple","23":"has-product-nav","24":"col","25":"span_1_of_4","26":"owp-content-center","27":"owp-thumbs-layout-horizontal","28":"owp-btn-normal","29":"owp-tabs-layout-horizontal"},"acf":[],"_links":{"self":[{"href":"https:\/\/jacekplacek.com.pl\/cs\/wp-json\/wp\/v2\/product\/263","targetHints":{"allow":["GET"]}}],"collection":[{"href":"https:\/\/jacekplacek.com.pl\/cs\/wp-json\/wp\/v2\/product"}],"about":[{"href":"https:\/\/jacekplacek.com.pl\/cs\/wp-json\/wp\/v2\/types\/product"}],"replies":[{"embeddable":true,"href":"https:\/\/jacekplacek.com.pl\/cs\/wp-json\/wp\/v2\/comments?post=263"}],"wp:featuredmedia":[{"embeddable":true,"href":"https:\/\/jacekplacek.com.pl\/cs\/wp-json\/wp\/v2\/media\/8545"}],"wp:attachment":[{"href":"https:\/\/jacekplacek.com.pl\/cs\/wp-json\/wp\/v2\/media?parent=263"}],"wp:term":[{"taxonomy":"product_brand","embeddable":true,"href":"https:\/\/jacekplacek.com.pl\/cs\/wp-json\/wp\/v2\/product_brand?post=263"},{"taxonomy":"product_cat","embeddable":true,"href":"https:\/\/jacekplacek.com.pl\/cs\/wp-json\/wp\/v2\/product_cat?post=263"},{"taxonomy":"product_tag","embeddable":true,"href":"https:\/\/jacekplacek.com.pl\/cs\/wp-json\/wp\/v2\/product_tag?post=263"}],"curies":[{"name":"wp","href":"https:\/\/api.w.org\/{rel}","templated":true}]}}