{"id":257,"date":"2020-09-08T13:59:09","date_gmt":"2020-09-08T11:59:09","guid":{"rendered":"https:\/\/jacekplacek.com.pl\/?post_type=product&#038;p=257"},"modified":"2025-11-18T18:26:47","modified_gmt":"2025-11-18T17:26:47","slug":"myslivecke-knedliky","status":"publish","type":"product","link":"https:\/\/jacekplacek.com.pl\/cs\/obchod\/pierogi-i-paszteciki\/mrazene-knedliky\/myslivecke-knedliky\/","title":{"rendered":"Mysliveck\u00e9 knedl\u00edky"},"content":{"rendered":"<p>My\u015bliwskie Pierogi - maso se zel\u00edm a houbami, jsou jedine\u010dn\u00e9 dom\u00e1c\u00ed knedl\u00edky, vyroben\u00e9 z t\u011bsta podle star\u00e9 rodinn\u00e9 receptury. Jejich b\u00e1je\u010dn\u00e1 chu\u0165 uspokoj\u00ed ka\u017ed\u00e9ho gurm\u00e1na. Na\u0161e knedl\u00edky jsou vyrobeny z t\u011bch nejkvalitn\u011bj\u0161\u00edch surovin, proto je jejich chu\u0165 a v\u016fn\u011b jedine\u010dn\u00e1.<\/p>\n<p>Nab\u00edz\u00edme je mra\u017een\u00e9, v balen\u00ed o hmotnosti cca 0,4 kg. Balen\u00ed obsahuje p\u0159ibli\u017en\u011b 13 kus\u016f knedl\u00edk\u016f.<\/p>\n<p>Prohl\u00e9dn\u011bte si na\u0161i nab\u00eddku a ochutnejte chu\u0165 prav\u00e9ho dom\u00e1c\u00edho knedl\u00edku!<\/p>\n<p><strong><a href=\"https:\/\/jacekplacek.com.pl\/cs\/kategorie-produktu\/svaciny-a-knedliky\/mrazene-knedliky\/\">Zveme v\u00e1s, abyste se sezn\u00e1mili s na\u0161imi dal\u0161\u00edmi p\u0159\u00edchut\u011bmi.<\/a><\/strong><\/p>","protected":false},"excerpt":{"rendered":"<p>Knedl\u00edky z tradi\u010dn\u00edho dom\u00e1c\u00edho t\u011bsta pln\u011bn\u00e9 masem, zel\u00edm a houbami. Balen\u00ed obsahuje p\u0159ibli\u017en\u011b 13 kus\u016f knedl\u00edk\u016f.<\/p>","protected":false},"featured_media":8549,"comment_status":"closed","ping_status":"closed","template":"","meta":{"content-type":""},"product_brand":[],"product_cat":[82],"product_tag":[108,103,107,111,110,109],"class_list":{"0":"post-257","1":"product","2":"type-product","3":"status-publish","4":"has-post-thumbnail","6":"product_cat-pierogi-mrozone","7":"product_tag-mysliwskie","8":"product_tag-pierogi","9":"product_tag-pierogi-mysliwskie","10":"product_tag-z-grzybami","11":"product_tag-z-kapusta","12":"product_tag-z-miesem","14":"entry","15":"has-media","17":"first","18":"instock","19":"shipping-taxable","20":"product-type-simple","21":"has-product-nav","22":"col","23":"span_1_of_4","24":"owp-content-center","25":"owp-thumbs-layout-horizontal","26":"owp-btn-normal","27":"owp-tabs-layout-horizontal"},"acf":[],"_links":{"self":[{"href":"https:\/\/jacekplacek.com.pl\/cs\/wp-json\/wp\/v2\/product\/257","targetHints":{"allow":["GET"]}}],"collection":[{"href":"https:\/\/jacekplacek.com.pl\/cs\/wp-json\/wp\/v2\/product"}],"about":[{"href":"https:\/\/jacekplacek.com.pl\/cs\/wp-json\/wp\/v2\/types\/product"}],"replies":[{"embeddable":true,"href":"https:\/\/jacekplacek.com.pl\/cs\/wp-json\/wp\/v2\/comments?post=257"}],"wp:featuredmedia":[{"embeddable":true,"href":"https:\/\/jacekplacek.com.pl\/cs\/wp-json\/wp\/v2\/media\/8549"}],"wp:attachment":[{"href":"https:\/\/jacekplacek.com.pl\/cs\/wp-json\/wp\/v2\/media?parent=257"}],"wp:term":[{"taxonomy":"product_brand","embeddable":true,"href":"https:\/\/jacekplacek.com.pl\/cs\/wp-json\/wp\/v2\/product_brand?post=257"},{"taxonomy":"product_cat","embeddable":true,"href":"https:\/\/jacekplacek.com.pl\/cs\/wp-json\/wp\/v2\/product_cat?post=257"},{"taxonomy":"product_tag","embeddable":true,"href":"https:\/\/jacekplacek.com.pl\/cs\/wp-json\/wp\/v2\/product_tag?post=257"}],"curies":[{"name":"wp","href":"https:\/\/api.w.org\/{rel}","templated":true}]}}