{"id":256,"date":"2020-09-08T13:58:59","date_gmt":"2020-09-08T11:58:59","guid":{"rendered":"https:\/\/jacekplacek.com.pl\/?post_type=product&#038;p=256"},"modified":"2025-11-18T18:26:47","modified_gmt":"2025-11-18T17:26:47","slug":"pierogi-maciusia","status":"publish","type":"product","link":"https:\/\/jacekplacek.com.pl\/cs\/obchod\/pierogi-i-paszteciki\/mrazene-knedliky\/pierogi-maciusia\/","title":{"rendered":"Maciusovy knedl\u00edky"},"content":{"rendered":"<p>Pierogi Maciusia - s tvarohem, jsou jedine\u010dn\u00e9 dom\u00e1c\u00ed knedl\u00edky, vyroben\u00e9 z t\u011bsta podle star\u00e9 rodinn\u00e9 receptury. Jejich b\u00e1je\u010dn\u00e1 chu\u0165 uspokoj\u00ed ka\u017ed\u00e9ho gurm\u00e1na. Na\u0161e knedl\u00edky jsou vyrobeny z t\u011bch nejkvalitn\u011bj\u0161\u00edch surovin, proto je jejich chu\u0165 a v\u016fn\u011b jedine\u010dn\u00e1.<\/p>\n<p>Nab\u00edz\u00edme je mra\u017een\u00e9, v balen\u00ed o hmotnosti cca 0,4 kg. Balen\u00ed obsahuje p\u0159ibli\u017en\u011b 13 kus\u016f knedl\u00edk\u016f.<\/p>\n<p>Prohl\u00e9dn\u011bte si na\u0161i nab\u00eddku a ochutnejte chu\u0165 prav\u00e9ho dom\u00e1c\u00edho knedl\u00edku!<\/p>\n<p><strong><a href=\"https:\/\/jacekplacek.com.pl\/cs\/kategorie-produktu\/svaciny-a-knedliky\/mrazene-knedliky\/\">Zveme v\u00e1s, abyste se sezn\u00e1mili s na\u0161imi dal\u0161\u00edmi p\u0159\u00edchut\u011bmi.<\/a><\/strong><\/p>","protected":false},"excerpt":{"rendered":"<p>Knedl\u00edky z tradi\u010dn\u00edho dom\u00e1c\u00edho t\u011bsta se sladkou tvarohovou n\u00e1pln\u00ed.<\/p>\n<p>Balen\u00ed obsahuje p\u0159ibli\u017en\u011b 13 kus\u016f knedl\u00edk\u016f.<\/p>","protected":false},"featured_media":10152,"comment_status":"closed","ping_status":"closed","template":"","meta":{"content-type":""},"product_brand":[],"product_cat":[82],"product_tag":[444,63,446,445,449,688,103,104,105,106],"class_list":{"0":"post-256","1":"product","2":"type-product","3":"status-publish","4":"has-post-thumbnail","6":"product_cat-pierogi-mrozone","7":"product_tag-cukiernia-jacek-placek","8":"product_tag-deser","9":"product_tag-jacek-placek-gdansk","10":"product_tag-jacek-placek-gowino","11":"product_tag-jacek-placek-sopot","12":"product_tag-obiad","13":"product_tag-pierogi","14":"product_tag-pierogi-na-slodko","15":"product_tag-pierogi-z-twarogiem","16":"product_tag-twarog","18":"entry","19":"has-media","21":"first","22":"instock","23":"shipping-taxable","24":"product-type-simple","25":"has-product-nav","26":"col","27":"span_1_of_4","28":"owp-content-center","29":"owp-thumbs-layout-horizontal","30":"owp-btn-normal","31":"owp-tabs-layout-horizontal"},"acf":[],"_links":{"self":[{"href":"https:\/\/jacekplacek.com.pl\/cs\/wp-json\/wp\/v2\/product\/256","targetHints":{"allow":["GET"]}}],"collection":[{"href":"https:\/\/jacekplacek.com.pl\/cs\/wp-json\/wp\/v2\/product"}],"about":[{"href":"https:\/\/jacekplacek.com.pl\/cs\/wp-json\/wp\/v2\/types\/product"}],"replies":[{"embeddable":true,"href":"https:\/\/jacekplacek.com.pl\/cs\/wp-json\/wp\/v2\/comments?post=256"}],"wp:featuredmedia":[{"embeddable":true,"href":"https:\/\/jacekplacek.com.pl\/cs\/wp-json\/wp\/v2\/media\/10152"}],"wp:attachment":[{"href":"https:\/\/jacekplacek.com.pl\/cs\/wp-json\/wp\/v2\/media?parent=256"}],"wp:term":[{"taxonomy":"product_brand","embeddable":true,"href":"https:\/\/jacekplacek.com.pl\/cs\/wp-json\/wp\/v2\/product_brand?post=256"},{"taxonomy":"product_cat","embeddable":true,"href":"https:\/\/jacekplacek.com.pl\/cs\/wp-json\/wp\/v2\/product_cat?post=256"},{"taxonomy":"product_tag","embeddable":true,"href":"https:\/\/jacekplacek.com.pl\/cs\/wp-json\/wp\/v2\/product_tag?post=256"}],"curies":[{"name":"wp","href":"https:\/\/api.w.org\/{rel}","templated":true}]}}