{"id":219,"date":"2020-09-08T13:36:08","date_gmt":"2020-09-08T11:36:08","guid":{"rendered":"https:\/\/jacekplacek.com.pl\/?post_type=product&#038;p=219"},"modified":"2025-11-18T18:28:57","modified_gmt":"2025-11-18T17:28:57","slug":"domaci-cider","status":"publish","type":"product","link":"https:\/\/jacekplacek.com.pl\/cs\/obchod\/ovocne-kolace\/domaci-cider\/","title":{"rendered":"Dom\u00e1c\u00ed jable\u010dn\u00fd kol\u00e1\u010d"},"content":{"rendered":"<p><span style=\"font-weight: 400;\"><strong>Asi nejslavn\u011bj\u0161\u00ed dort na sv\u011bt\u011b. A kolik kucha\u0159\u016f, tolik variac\u00ed jedn\u00e9 pozn\u00e1mky pod \u010darou.<\/strong> <\/span><\/p>\n<p>K\u0159ehk\u00e9 t\u011bsto p\u0159ipraven\u00e9 podle tradi\u010dn\u00ed receptury. Poci\u0165te dom\u00e1c\u00ed chu\u0165 na\u0161eho pe\u010diva.<\/p>\n<p><span style=\"font-weight: 400;\">Spodek je ze sv\u011btl\u00e9ho k\u0159ehk\u00e9ho t\u011bsta, navrchu jsou ope\u010den\u00e1 jablka, jejich\u017e \u0161\u0165\u00e1va p\u0159i pe\u010den\u00ed st\u00e9k\u00e1 a nam\u00e1\u010d\u00ed k\u0159upav\u00e9 dno a naho\u0159e k\u0159upav\u00e1 drobenka. Oh\u0159\u00e1t\u00fd a pod\u00e1van\u00fd se zmrzlinou bude dokonal\u00fdm dezertem pro ka\u017edou p\u0159\u00edle\u017eitost.<\/span><\/p>","protected":false},"excerpt":{"rendered":"<p><span data-sheets-root=\"1\">Z\u00e1klad z k\u0159ehk\u00e9ho t\u011bsta, n\u00e1pl\u0148 z pe\u010den\u00fdch jablek a k\u0159upav\u00e1 drobenka.<\/span><\/p>","protected":false},"featured_media":10485,"comment_status":"closed","ping_status":"closed","template":"","meta":{"content-type":""},"product_brand":[],"product_cat":[74],"product_tag":[65,86,444,84,87,446,445,449,85,88],"class_list":{"0":"post-219","1":"product","2":"type-product","3":"status-publish","4":"has-post-thumbnail","6":"product_cat-ciasta-owocowe","7":"product_tag-ciasto-kruche","8":"product_tag-ciasto-z-jablkami","9":"product_tag-cukiernia-jacek-placek","10":"product_tag-jablecznik","11":"product_tag-jablecznik-domowy","12":"product_tag-jacek-placek-gdansk","13":"product_tag-jacek-placek-gowino","14":"product_tag-jacek-placek-sopot","15":"product_tag-szarlotka","16":"product_tag-tradycyjna-szarlotka","18":"entry","19":"has-media","21":"first","22":"instock","23":"shipping-taxable","24":"product-type-variable","25":"has-default-attributes","26":"has-product-nav","27":"col","28":"span_1_of_4","29":"owp-content-center","30":"owp-thumbs-layout-horizontal","31":"owp-btn-normal","32":"owp-tabs-layout-horizontal"},"acf":[],"_links":{"self":[{"href":"https:\/\/jacekplacek.com.pl\/cs\/wp-json\/wp\/v2\/product\/219","targetHints":{"allow":["GET"]}}],"collection":[{"href":"https:\/\/jacekplacek.com.pl\/cs\/wp-json\/wp\/v2\/product"}],"about":[{"href":"https:\/\/jacekplacek.com.pl\/cs\/wp-json\/wp\/v2\/types\/product"}],"replies":[{"embeddable":true,"href":"https:\/\/jacekplacek.com.pl\/cs\/wp-json\/wp\/v2\/comments?post=219"}],"wp:featuredmedia":[{"embeddable":true,"href":"https:\/\/jacekplacek.com.pl\/cs\/wp-json\/wp\/v2\/media\/10485"}],"wp:attachment":[{"href":"https:\/\/jacekplacek.com.pl\/cs\/wp-json\/wp\/v2\/media?parent=219"}],"wp:term":[{"taxonomy":"product_brand","embeddable":true,"href":"https:\/\/jacekplacek.com.pl\/cs\/wp-json\/wp\/v2\/product_brand?post=219"},{"taxonomy":"product_cat","embeddable":true,"href":"https:\/\/jacekplacek.com.pl\/cs\/wp-json\/wp\/v2\/product_cat?post=219"},{"taxonomy":"product_tag","embeddable":true,"href":"https:\/\/jacekplacek.com.pl\/cs\/wp-json\/wp\/v2\/product_tag?post=219"}],"curies":[{"name":"wp","href":"https:\/\/api.w.org\/{rel}","templated":true}]}}