{"id":207,"date":"2020-09-08T12:47:20","date_gmt":"2020-09-08T10:47:20","guid":{"rendered":"https:\/\/jacekplacek.com.pl\/?post_type=product&#038;p=207"},"modified":"2025-11-18T18:28:52","modified_gmt":"2025-11-18T17:28:52","slug":"tvarohovy-kolac-isaura","status":"publish","type":"product","link":"https:\/\/jacekplacek.com.pl\/cs\/obchod\/tvarohove-kolace-vse\/tvarohove-kolace\/tvarohovy-kolac-isaura\/","title":{"rendered":"Izaura tvarohov\u00fd kol\u00e1\u010d"},"content":{"rendered":"<p><strong>Cheesecake Izaura kombinuje lahodnou tvarohovou hmotu a \u010dokol\u00e1dov\u00e9 ostru\u017einov\u00e9 t\u011bsto, kter\u00e9 velmi nepravideln\u011b kyne a vytv\u00e1\u0159\u00ed zaj\u00edmav\u00e9 vzory, viditeln\u00e9 po rozkrojen\u00ed t\u011bsta.<\/strong><\/p>\n<p>Tento recept se stal senzac\u00ed v 80. letech, soub\u011b\u017en\u011b s mimo\u0159\u00e1dn\u011b popul\u00e1rn\u00ed brazilskou s\u00e9ri\u00ed \u201eSlave Isaura\u201c, kter\u00e9 vd\u011b\u010d\u00ed za sv\u016fj n\u00e1zev.<\/p>\n<p>Dal\u0161\u00ed druhy tvarohov\u00fdch kol\u00e1\u010d\u016f k dispozici\u00a0<strong><a href=\"https:\/\/jacekplacek.com.pl\/cs\/kategorie-produktu\/tvarohove-kolace-vse\/\" target=\"_blank\" rel=\"noopener\">tady.<\/a><\/strong><\/p>","protected":false},"excerpt":{"rendered":"<p><span data-sheets-root=\"1\">Kombinace t\u011bsta na brownie a tvarohov\u00e9 hmoty z homogenizovan\u00e9ho tvarohu. Nepravideln\u00e9 vzory a \u010dokol\u00e1dov\u00e1 poleva odli\u0161uj\u00ed tento tvarohov\u00fd kol\u00e1\u010d bez rozinek.<\/span><\/p>","protected":false},"featured_media":10643,"comment_status":"closed","ping_status":"closed","template":"","meta":{"content-type":""},"product_brand":[],"product_cat":[60],"product_tag":[421,71,444,70,446,445,449,73,72,61],"class_list":{"0":"post-207","1":"product","2":"type-product","3":"status-publish","4":"has-post-thumbnail","6":"product_cat-serniki","7":"product_tag-ciasta-swiateczne","8":"product_tag-ciasto-murzynkowe","9":"product_tag-cukiernia-jacek-placek","10":"product_tag-izaura","11":"product_tag-jacek-placek-gdansk","12":"product_tag-jacek-placek-gowino","13":"product_tag-jacek-placek-sopot","14":"product_tag-masa-z-serkow","15":"product_tag-polewa-czekoladowa","16":"product_tag-sernik","18":"entry","19":"has-media","21":"first","22":"instock","23":"shipping-taxable","24":"product-type-variable","25":"has-default-attributes","26":"has-product-nav","27":"col","28":"span_1_of_4","29":"owp-content-center","30":"owp-thumbs-layout-horizontal","31":"owp-btn-normal","32":"owp-tabs-layout-horizontal"},"acf":[],"_links":{"self":[{"href":"https:\/\/jacekplacek.com.pl\/cs\/wp-json\/wp\/v2\/product\/207","targetHints":{"allow":["GET"]}}],"collection":[{"href":"https:\/\/jacekplacek.com.pl\/cs\/wp-json\/wp\/v2\/product"}],"about":[{"href":"https:\/\/jacekplacek.com.pl\/cs\/wp-json\/wp\/v2\/types\/product"}],"replies":[{"embeddable":true,"href":"https:\/\/jacekplacek.com.pl\/cs\/wp-json\/wp\/v2\/comments?post=207"}],"wp:featuredmedia":[{"embeddable":true,"href":"https:\/\/jacekplacek.com.pl\/cs\/wp-json\/wp\/v2\/media\/10643"}],"wp:attachment":[{"href":"https:\/\/jacekplacek.com.pl\/cs\/wp-json\/wp\/v2\/media?parent=207"}],"wp:term":[{"taxonomy":"product_brand","embeddable":true,"href":"https:\/\/jacekplacek.com.pl\/cs\/wp-json\/wp\/v2\/product_brand?post=207"},{"taxonomy":"product_cat","embeddable":true,"href":"https:\/\/jacekplacek.com.pl\/cs\/wp-json\/wp\/v2\/product_cat?post=207"},{"taxonomy":"product_tag","embeddable":true,"href":"https:\/\/jacekplacek.com.pl\/cs\/wp-json\/wp\/v2\/product_tag?post=207"}],"curies":[{"name":"wp","href":"https:\/\/api.w.org\/{rel}","templated":true}]}}