{"id":2005,"date":"2021-02-03T20:27:28","date_gmt":"2021-02-03T19:27:28","guid":{"rendered":"https:\/\/jacekplacek.com.pl\/?post_type=product&#038;p=2005"},"modified":"2025-12-16T15:38:40","modified_gmt":"2025-12-16T14:38:40","slug":"krehke-susenky-se-slunecnicovymi-seminky","status":"publish","type":"product","link":"https:\/\/jacekplacek.com.pl\/cs\/obchod\/cookies-a-cookies\/cookies\/krehke-susenky-se-slunecnicovymi-seminky\/","title":{"rendered":"FIT vegansk\u00e9 su\u0161enky"},"content":{"rendered":"<p>Jak fajn spojit slabost pro k\u0159ehk\u00e9 su\u0161enky se snahou doplnit si j\u00eddeln\u00ed\u010dek o hodnotn\u00e1 sem\u00ednka...<\/p>\n<p><span style=\"font-weight: 400;\">Objevte \u00fa\u017easnou chu\u0165 na\u0161ich jedine\u010dn\u00fdch FIT vegansk\u00fdch su\u0161enek. Na\u0161e pe\u010dliv\u011b vybran\u00e1 kombinace ingredienc\u00ed d\u011bl\u00e1 tyto su\u0161enky nejen lahodnou chut\u00ed, ale tak\u00e9 poskytuj\u00ed \u010detn\u00e9 v\u00fdhody pro va\u0161e zdrav\u00ed. <\/span><\/p>\n<p><span style=\"font-weight: 400;\">D\u00edky velk\u00e9mu mno\u017estv\u00ed obilovin, vl\u00e1kniny a \u017eivin jsou v\u00fd\u017eivn\u00e9 a syt\u00e9. Nav\u00edc maj\u00ed sn\u00ed\u017een\u00fd obsah lepku a \u017eivo\u010di\u0161n\u00fdch produkt\u016f. <span style=\"color: #000000;\">(Vzhledem k absenci samostatn\u00e9 v\u00fdrobn\u00ed linky m\u016f\u017ee v\u00fdrobek obsahovat stopy lepku a dal\u0161\u00edch alergen\u016f. Z\u00e1vod pou\u017e\u00edv\u00e1: mouku, vejce, o\u0159echy, sezam a ml\u00e9ko, proto ka\u017ed\u00fd v\u00fdrobek m\u016f\u017ee obsahovat stopy uveden\u00fdch alergen\u016f, i kdy\u017e jsou nen\u00ed uvedeno v popisu a seznamu slo\u017eek.)<\/span><\/span><\/p>\n<p><span style=\"font-weight: 400;\">Vychutnejte si lahodnou chu\u0165, ani\u017e byste ob\u011btovali jej\u00ed blahod\u00e1rn\u00e9 vlastnosti.<\/span><\/p>\n<p>&nbsp;<\/p>\n<p>&nbsp;<\/p>","protected":false},"excerpt":{"rendered":"<p><span style=\"font-weight: 400;\">Zveme v\u00e1s ochutnat na\u0161e \u00fa\u017easn\u00e9 FIT vegansk\u00e9 su\u0161enky. <\/span><\/p>\n<p><span style=\"font-weight: 400;\">Nejen, \u017ee budou lahodn\u011b chutnat, ale tak\u00e9 dodaj\u00ed va\u0161emu t\u011blu pot\u0159ebn\u00e9 \u017eiviny a zajist\u00ed v\u00e1m, \u017ee budete j\u00edst zdrav\u011b.<\/span><\/p>","protected":false},"featured_media":9884,"comment_status":"closed","ping_status":"closed","template":"","meta":{"content-type":""},"product_brand":[],"product_cat":[121],"product_tag":[348,454,444,446,445,449,354,355],"class_list":{"0":"post-2005","1":"product","2":"type-product","3":"status-publish","4":"has-post-thumbnail","6":"product_cat-ciasteczka","7":"product_tag-ciasteczka-kruche","8":"product_tag-ciasteczka-na-wage","9":"product_tag-cukiernia-jacek-placek","10":"product_tag-jacek-placek-gdansk","11":"product_tag-jacek-placek-gowino","12":"product_tag-jacek-placek-sopot","13":"product_tag-z-nasionami","14":"product_tag-ze-slonecznikiem","16":"entry","17":"has-media","19":"first","20":"outofstock","21":"shipping-taxable","22":"product-type-variable","23":"has-default-attributes","24":"has-product-nav","25":"col","26":"span_1_of_4","27":"owp-content-center","28":"owp-thumbs-layout-horizontal","29":"owp-btn-normal","30":"owp-tabs-layout-horizontal"},"acf":[],"_links":{"self":[{"href":"https:\/\/jacekplacek.com.pl\/cs\/wp-json\/wp\/v2\/product\/2005","targetHints":{"allow":["GET"]}}],"collection":[{"href":"https:\/\/jacekplacek.com.pl\/cs\/wp-json\/wp\/v2\/product"}],"about":[{"href":"https:\/\/jacekplacek.com.pl\/cs\/wp-json\/wp\/v2\/types\/product"}],"replies":[{"embeddable":true,"href":"https:\/\/jacekplacek.com.pl\/cs\/wp-json\/wp\/v2\/comments?post=2005"}],"wp:featuredmedia":[{"embeddable":true,"href":"https:\/\/jacekplacek.com.pl\/cs\/wp-json\/wp\/v2\/media\/9884"}],"wp:attachment":[{"href":"https:\/\/jacekplacek.com.pl\/cs\/wp-json\/wp\/v2\/media?parent=2005"}],"wp:term":[{"taxonomy":"product_brand","embeddable":true,"href":"https:\/\/jacekplacek.com.pl\/cs\/wp-json\/wp\/v2\/product_brand?post=2005"},{"taxonomy":"product_cat","embeddable":true,"href":"https:\/\/jacekplacek.com.pl\/cs\/wp-json\/wp\/v2\/product_cat?post=2005"},{"taxonomy":"product_tag","embeddable":true,"href":"https:\/\/jacekplacek.com.pl\/cs\/wp-json\/wp\/v2\/product_tag?post=2005"}],"curies":[{"name":"wp","href":"https:\/\/api.w.org\/{rel}","templated":true}]}}