{"id":189,"date":"2020-09-08T10:59:30","date_gmt":"2020-09-08T08:59:30","guid":{"rendered":"https:\/\/jacekplacek.com.pl\/?post_type=product&#038;p=189"},"modified":"2025-11-18T18:28:56","modified_gmt":"2025-11-18T17:28:56","slug":"domaci-tvarohovy-kolac","status":"publish","type":"product","link":"https:\/\/jacekplacek.com.pl\/cs\/obchod\/tvarohove-kolace-vse\/tvarohove-kolace\/domaci-tvarohovy-kolac\/","title":{"rendered":"Dom\u00e1c\u00ed tvarohov\u00fd kol\u00e1\u010d bez mouky"},"content":{"rendered":"<p><strong>Generacemi oce\u0148ovan\u00fd nad\u010dasov\u00fd recept na\u0161\u00ed babi\u010dky Ag\u00e1tky na \u00fa\u017easn\u011b vlhk\u00fd, nad\u00fdchan\u00fd, v \u00fastech se rozpl\u00fdvaj\u00edc\u00ed tvarohov\u00fd kol\u00e1\u010d s rozinkami, vyroben\u00fd z nejkvalitn\u011bj\u0161\u00edho tvarohu. <\/strong><\/p>\n<p><span style=\"font-weight: 400;\">Pokud bychom m\u011bli ozna\u010dit produkt, kter\u00fd je nejv\u00edce spjat s na\u0161imi z\u00e1kazn\u00edky a nej\u00fa\u017eeji spojen s na\u0161\u00ed zna\u010dkou, byl by to dom\u00e1c\u00ed cheesecake!<\/span><\/p>\n<p>Dal\u0161\u00ed druhy tvarohov\u00fdch kol\u00e1\u010d\u016f k dispozici\u00a0<strong><a href=\"https:\/\/jacekplacek.com.pl\/cs\/kategorie-produktu\/tvarohove-kolace-vse\/\" target=\"_blank\" rel=\"noopener\">tady.<\/a><\/strong><\/p>\n<p><span style=\"font-weight: 400;\">(Rostlina pou\u017e\u00edv\u00e1: mouku, vejce, o\u0159echy, sezam a ml\u00e9ko. Ka\u017ed\u00fd v\u00fdrobek proto m\u016f\u017ee obsahovat stopy zm\u00edn\u011bn\u00fdch alergen\u016f, i kdy\u017e nejsou uvedeny v popisu a seznamu slo\u017eek.)<\/span><\/p>\n<p>&nbsp;<\/p>","protected":false},"excerpt":{"rendered":"<p><span data-sheets-root=\"1\">Nad\u00fdchan\u00e1 tvarohov\u00e1 hmota s bramborem a rozinkami, bez mouky a pr\u00e1\u0161ku do pe\u010diva. Tradi\u010dn\u00ed dom\u00e1c\u00ed tvarohov\u00fd kol\u00e1\u010d z rodinn\u00e9ho receptu.<\/span><\/p>","protected":false},"featured_media":8383,"comment_status":"closed","ping_status":"closed","template":"","meta":{"content-type":""},"product_brand":[],"product_cat":[60,534],"product_tag":[557,444,446,445,449,68,61,556,55,69],"class_list":{"0":"post-189","1":"product","2":"type-product","3":"status-publish","4":"has-post-thumbnail","6":"product_cat-serniki","7":"product_cat-ciasta-weganskie-i-keto","8":"product_tag-ciasto-bez-maki","9":"product_tag-cukiernia-jacek-placek","10":"product_tag-jacek-placek-gdansk","11":"product_tag-jacek-placek-gowino","12":"product_tag-jacek-placek-sopot","13":"product_tag-klasyczny","14":"product_tag-sernik","15":"product_tag-sernik-bez-maki","16":"product_tag-sernik-domowy","17":"product_tag-tradycyjny-sernik","19":"entry","20":"has-media","22":"first","23":"instock","24":"shipping-taxable","25":"product-type-variable","26":"has-default-attributes","27":"has-product-nav","28":"col","29":"span_1_of_4","30":"owp-content-center","31":"owp-thumbs-layout-horizontal","32":"owp-btn-normal","33":"owp-tabs-layout-horizontal"},"acf":[],"_links":{"self":[{"href":"https:\/\/jacekplacek.com.pl\/cs\/wp-json\/wp\/v2\/product\/189","targetHints":{"allow":["GET"]}}],"collection":[{"href":"https:\/\/jacekplacek.com.pl\/cs\/wp-json\/wp\/v2\/product"}],"about":[{"href":"https:\/\/jacekplacek.com.pl\/cs\/wp-json\/wp\/v2\/types\/product"}],"replies":[{"embeddable":true,"href":"https:\/\/jacekplacek.com.pl\/cs\/wp-json\/wp\/v2\/comments?post=189"}],"wp:featuredmedia":[{"embeddable":true,"href":"https:\/\/jacekplacek.com.pl\/cs\/wp-json\/wp\/v2\/media\/8383"}],"wp:attachment":[{"href":"https:\/\/jacekplacek.com.pl\/cs\/wp-json\/wp\/v2\/media?parent=189"}],"wp:term":[{"taxonomy":"product_brand","embeddable":true,"href":"https:\/\/jacekplacek.com.pl\/cs\/wp-json\/wp\/v2\/product_brand?post=189"},{"taxonomy":"product_cat","embeddable":true,"href":"https:\/\/jacekplacek.com.pl\/cs\/wp-json\/wp\/v2\/product_cat?post=189"},{"taxonomy":"product_tag","embeddable":true,"href":"https:\/\/jacekplacek.com.pl\/cs\/wp-json\/wp\/v2\/product_tag?post=189"}],"curies":[{"name":"wp","href":"https:\/\/api.w.org\/{rel}","templated":true}]}}