{"id":184,"date":"2020-09-03T12:49:07","date_gmt":"2020-09-03T10:49:07","guid":{"rendered":"https:\/\/jacekplacek.com.pl\/?post_type=product&#038;p=184"},"modified":"2025-11-18T18:27:22","modified_gmt":"2025-11-18T17:27:22","slug":"lovecke-placicky-kopie-2","status":"publish","type":"product","link":"https:\/\/jacekplacek.com.pl\/cs\/obchod\/pierogi-i-paszteciki\/placicky\/lovecke-placicky-kopie-2\/","title":{"rendered":"Mini loveck\u00e9 placi\u010dky"},"content":{"rendered":"<p>T\u011b\u017eko si p\u0159edstavit dne\u0161n\u00ed sv\u011bt bez listov\u00e9ho t\u011bsta \u2013 co by si Pa\u0159\u00ed\u017ean po\u010dal bez sv\u00e9ho k\u00e1vov\u00e9ho croissantu, o papal\u00e1\u0161sk\u00fdch kr\u00e9mov\u00fdch dort\u00edc\u00edch nemluv\u011b... Pol\u00e1ci naopak miluj\u00ed slan\u00e9 pochutiny z listov\u00e9ho t\u011bsta, nejl\u00e9pe s \u010dist\u00fdm bor\u0161\u010dem.<\/p>\n<p>V 1 kg balen\u00ed je p\u0159ibli\u017en\u011b 40 placi\u010dek.<\/p>\n<p><span style=\"font-weight: 400;\">Z tohoto listov\u00e9ho t\u011bsta se v na\u0161\u00ed cukr\u00e1rn\u011b d\u011blaj\u00ed placi\u010dky pln\u011bn\u00e9 \u0161pen\u00e1tem a fetou, d\u00e1le se zel\u00edm a houbami - najdete<strong><a href=\"https:\/\/jacekplacek.com.pl\/cs\/kategorie-produktu\/svaciny-a-knedliky\/placicky\/\" target=\"_blank\" rel=\"noopener\"> tady\u2026<\/a><\/strong><\/span><\/p>\n<p>&nbsp;<\/p>\n<p>&nbsp;<\/p>\n<p>&nbsp;<\/p>","protected":false},"excerpt":{"rendered":"<p>Chutn\u00e1 sva\u010dina s masem, zel\u00edm a houbami - na listov\u00e9m t\u011bst\u011b jen s m\u00e1slem. V 1 kg balen\u00ed je p\u0159ibli\u017en\u011b 40 placi\u010dek.<\/p>","protected":false},"featured_media":278,"comment_status":"closed","ping_status":"closed","template":"","meta":{"content-type":""},"product_brand":[],"product_cat":[37],"product_tag":[42,444,41,446,445,449,40,39,50,38,43],"class_list":{"0":"post-184","1":"product","2":"type-product","3":"status-publish","4":"has-post-thumbnail","6":"product_cat-paszteciki","7":"product_tag-ciasto-francuskie","8":"product_tag-cukiernia-jacek-placek","9":"product_tag-grzyby","10":"product_tag-jacek-placek-gdansk","11":"product_tag-jacek-placek-gowino","12":"product_tag-jacek-placek-sopot","13":"product_tag-kapusta","14":"product_tag-mieso","15":"product_tag-mini-paszteciki","16":"product_tag-paszteciki","17":"product_tag-przekaska","19":"entry","20":"has-media","22":"first","23":"instock","24":"shipping-taxable","25":"product-type-variable","26":"has-default-attributes","27":"has-product-nav","28":"col","29":"span_1_of_4","30":"owp-content-center","31":"owp-thumbs-layout-horizontal","32":"owp-btn-normal","33":"owp-tabs-layout-horizontal"},"acf":[],"_links":{"self":[{"href":"https:\/\/jacekplacek.com.pl\/cs\/wp-json\/wp\/v2\/product\/184","targetHints":{"allow":["GET"]}}],"collection":[{"href":"https:\/\/jacekplacek.com.pl\/cs\/wp-json\/wp\/v2\/product"}],"about":[{"href":"https:\/\/jacekplacek.com.pl\/cs\/wp-json\/wp\/v2\/types\/product"}],"replies":[{"embeddable":true,"href":"https:\/\/jacekplacek.com.pl\/cs\/wp-json\/wp\/v2\/comments?post=184"}],"wp:featuredmedia":[{"embeddable":true,"href":"https:\/\/jacekplacek.com.pl\/cs\/wp-json\/wp\/v2\/media\/278"}],"wp:attachment":[{"href":"https:\/\/jacekplacek.com.pl\/cs\/wp-json\/wp\/v2\/media?parent=184"}],"wp:term":[{"taxonomy":"product_brand","embeddable":true,"href":"https:\/\/jacekplacek.com.pl\/cs\/wp-json\/wp\/v2\/product_brand?post=184"},{"taxonomy":"product_cat","embeddable":true,"href":"https:\/\/jacekplacek.com.pl\/cs\/wp-json\/wp\/v2\/product_cat?post=184"},{"taxonomy":"product_tag","embeddable":true,"href":"https:\/\/jacekplacek.com.pl\/cs\/wp-json\/wp\/v2\/product_tag?post=184"}],"curies":[{"name":"wp","href":"https:\/\/api.w.org\/{rel}","templated":true}]}}