{"id":178,"date":"2020-09-03T12:22:32","date_gmt":"2020-09-03T10:22:32","guid":{"rendered":"https:\/\/jacekplacek.com.pl\/?post_type=product&#038;p=178"},"modified":"2025-11-18T18:26:45","modified_gmt":"2025-11-18T17:26:45","slug":"lovecke-placicky","status":"publish","type":"product","link":"https:\/\/jacekplacek.com.pl\/cs\/obchod\/pierogi-i-paszteciki\/placicky\/lovecke-placicky\/","title":{"rendered":"Lahodn\u00e9 placi\u010dky 100g\/ks"},"content":{"rendered":"<p>T\u011b\u017eko si p\u0159edstavit dne\u0161n\u00ed sv\u011bt bez listov\u00e9ho t\u011bsta \u2013 co by si Pa\u0159\u00ed\u017ean po\u010dal bez sv\u00e9ho k\u00e1vov\u00e9ho croissantu, o papal\u00e1\u0161sk\u00fdch kr\u00e9mov\u00fdch dort\u00edc\u00edch nemluv\u011b... Pol\u00e1ci naopak miluj\u00ed slan\u00e9 pochutiny z listov\u00e9ho t\u011bsta, nejl\u00e9pe s \u010dist\u00fdm bor\u0161\u010dem.<\/p>\n<p><span style=\"font-weight: 400;\">Na\u0161e cukr\u00e1rna pou\u017e\u00edv\u00e1 toto pl\u00e1tov\u00e9 t\u011bsto tak\u00e9 k v\u00fdrob\u011b placi\u010dek pln\u011bn\u00fdch \u0161pen\u00e1tem a s\u00fdrem feta, d\u00e1le masem, zel\u00edm a houbami - najdete je<strong><a href=\"https:\/\/jacekplacek.com.pl\/cs\/kategorie-produktu\/svaciny-a-knedliky\/placicky\/\" target=\"_blank\" rel=\"noopener\"> tady\u2026<\/a><\/strong><\/span><\/p>","protected":false},"excerpt":{"rendered":"<p>V souladu se sv\u00fdm jm\u00e9nem chutnaj\u00ed lahodn\u011b. Lahodn\u00e1 kombinace zel\u00ed a hub - na listov\u00e9m t\u011bst\u011b v\u00fdhradn\u011b s m\u00e1slem.<\/p>","protected":false},"featured_media":281,"comment_status":"closed","ping_status":"closed","template":"","meta":{"content-type":""},"product_brand":[],"product_cat":[37],"product_tag":[42,444,41,446,445,449,40,38,44,43],"class_list":{"0":"post-178","1":"product","2":"type-product","3":"status-publish","4":"has-post-thumbnail","6":"product_cat-paszteciki","7":"product_tag-ciasto-francuskie","8":"product_tag-cukiernia-jacek-placek","9":"product_tag-grzyby","10":"product_tag-jacek-placek-gdansk","11":"product_tag-jacek-placek-gowino","12":"product_tag-jacek-placek-sopot","13":"product_tag-kapusta","14":"product_tag-paszteciki","15":"product_tag-pieczarki","16":"product_tag-przekaska","18":"entry","19":"has-media","21":"first","22":"instock","23":"shipping-taxable","24":"product-type-simple","25":"has-product-nav","26":"col","27":"span_1_of_4","28":"owp-content-center","29":"owp-thumbs-layout-horizontal","30":"owp-btn-normal","31":"owp-tabs-layout-horizontal"},"acf":[],"_links":{"self":[{"href":"https:\/\/jacekplacek.com.pl\/cs\/wp-json\/wp\/v2\/product\/178","targetHints":{"allow":["GET"]}}],"collection":[{"href":"https:\/\/jacekplacek.com.pl\/cs\/wp-json\/wp\/v2\/product"}],"about":[{"href":"https:\/\/jacekplacek.com.pl\/cs\/wp-json\/wp\/v2\/types\/product"}],"replies":[{"embeddable":true,"href":"https:\/\/jacekplacek.com.pl\/cs\/wp-json\/wp\/v2\/comments?post=178"}],"wp:featuredmedia":[{"embeddable":true,"href":"https:\/\/jacekplacek.com.pl\/cs\/wp-json\/wp\/v2\/media\/281"}],"wp:attachment":[{"href":"https:\/\/jacekplacek.com.pl\/cs\/wp-json\/wp\/v2\/media?parent=178"}],"wp:term":[{"taxonomy":"product_brand","embeddable":true,"href":"https:\/\/jacekplacek.com.pl\/cs\/wp-json\/wp\/v2\/product_brand?post=178"},{"taxonomy":"product_cat","embeddable":true,"href":"https:\/\/jacekplacek.com.pl\/cs\/wp-json\/wp\/v2\/product_cat?post=178"},{"taxonomy":"product_tag","embeddable":true,"href":"https:\/\/jacekplacek.com.pl\/cs\/wp-json\/wp\/v2\/product_tag?post=178"}],"curies":[{"name":"wp","href":"https:\/\/api.w.org\/{rel}","templated":true}]}}