{"id":14646,"date":"2024-11-15T13:03:56","date_gmt":"2024-11-15T12:03:56","guid":{"rendered":"https:\/\/jacekplacek.com.pl\/?post_type=product&#038;p=14646"},"modified":"2025-11-18T18:31:26","modified_gmt":"2025-11-18T17:31:26","slug":"japonsky-makovy-kolac-bez-mouky","status":"publish","type":"product","link":"https:\/\/jacekplacek.com.pl\/cs\/obchod\/babki-i-makowce\/japonsky-makovy-kolac-bez-mouky\/","title":{"rendered":"Japonsk\u00fd makov\u00fd kol\u00e1\u010d \u2013 bez mouky"},"content":{"rendered":"<p><strong>Japonsk\u00fd makov\u00fd kol\u00e1\u010d bez mouky<\/strong> je perfektn\u00ed volbou na v\u00e1no\u010dn\u00ed st\u016fl - zdrav\u00fd, lehk\u00fd a z\u00e1rove\u0148 pln\u00fd tradi\u010dn\u00edch chut\u00ed, kter\u00e9 jsou spojeny s teplem a rodinnou atmosf\u00e9rou. Skv\u011ble se hod\u00ed tak\u00e9 jako dezert pro zvl\u00e1\u0161tn\u00ed p\u0159\u00edle\u017eitosti nebo sladk\u00e9 pot\u011b\u0161en\u00ed s \u0161\u00e1lkem k\u00e1vy nebo \u010daje. U\u017eijte si sv\u00e1tky s t\u00edmto jedine\u010dn\u00fdm pe\u010den\u00edm, kter\u00e9 kombinuje jednoduchost a sofistikovanost!<\/p>\n<p>Z\u00e1kladem tohoto makov\u00e9ho kol\u00e1\u010de je m\u00e1k, kter\u00fd mu dod\u00e1v\u00e1 bohat\u00fd, lehce o\u0159\u00ed\u0161kov\u00fd charakter. Jemn\u00e1 sladkost z\u00edskan\u00e1 d\u00edky p\u0159\u00edrodn\u00edm ingredienc\u00edm zd\u016fraz\u0148uje chu\u0165 m\u00e1ku a celek dotv\u00e1\u0159\u00ed jemn\u00fd vanilkov\u00fd t\u00f3n. Zdoben\u00fd lehkou \u010dokol\u00e1dovou polevou nebo posypem mou\u010dkov\u00e9ho cukru p\u016fsob\u00ed makov\u00fd dort elegantn\u011b a chutn\u011b.<\/p>","protected":false},"excerpt":{"rendered":"<p><span data-sheets-root=\"1\">Vlhk\u00fd, nad\u00fdchan\u00fd makov\u00fd kol\u00e1\u010d se su\u0161en\u00fdm ovocem, jablky, j\u00e1hlovou moukou a v\u00fdrazn\u00fdm mandlov\u00fdm aroma. N\u00e1\u0161 recept neobsahuje mouku, tak\u017ee je p\u0159\u00e1telsk\u00fd pro lidi, kte\u0159\u00ed se vyh\u00fdbaj\u00ed lepku.<\/span><\/p>","protected":false},"featured_media":14657,"comment_status":"closed","ping_status":"closed","template":"","meta":{"content-type":""},"product_brand":[],"product_cat":[81,907],"product_tag":[557,866,868,867,99,854,444,446,445,449,141,865],"class_list":{"0":"post-14646","1":"product","2":"type-product","3":"status-publish","4":"has-post-thumbnail","6":"product_cat-babki-i-makowce","7":"product_cat-ciasta-swiateczne","8":"product_tag-ciasto-bez-maki","9":"product_tag-ciasto-bezglutenowe","10":"product_tag-ciasto-boze-narodzenie","11":"product_tag-ciasto-specjalistyczne","12":"product_tag-ciasto-swiateczne","13":"product_tag-cukiernia-gdansk","14":"product_tag-cukiernia-jacek-placek","15":"product_tag-jacek-placek-gdansk","16":"product_tag-jacek-placek-gowino","17":"product_tag-jacek-placek-sopot","18":"product_tag-makowiec","19":"product_tag-makowiec-japonski","21":"entry","22":"has-media","24":"first","25":"instock","26":"shipping-taxable","27":"product-type-variable","28":"has-product-nav","29":"col","30":"span_1_of_4","31":"owp-content-center","32":"owp-thumbs-layout-horizontal","33":"owp-btn-normal","34":"owp-tabs-layout-horizontal"},"acf":[],"_links":{"self":[{"href":"https:\/\/jacekplacek.com.pl\/cs\/wp-json\/wp\/v2\/product\/14646","targetHints":{"allow":["GET"]}}],"collection":[{"href":"https:\/\/jacekplacek.com.pl\/cs\/wp-json\/wp\/v2\/product"}],"about":[{"href":"https:\/\/jacekplacek.com.pl\/cs\/wp-json\/wp\/v2\/types\/product"}],"replies":[{"embeddable":true,"href":"https:\/\/jacekplacek.com.pl\/cs\/wp-json\/wp\/v2\/comments?post=14646"}],"wp:featuredmedia":[{"embeddable":true,"href":"https:\/\/jacekplacek.com.pl\/cs\/wp-json\/wp\/v2\/media\/14657"}],"wp:attachment":[{"href":"https:\/\/jacekplacek.com.pl\/cs\/wp-json\/wp\/v2\/media?parent=14646"}],"wp:term":[{"taxonomy":"product_brand","embeddable":true,"href":"https:\/\/jacekplacek.com.pl\/cs\/wp-json\/wp\/v2\/product_brand?post=14646"},{"taxonomy":"product_cat","embeddable":true,"href":"https:\/\/jacekplacek.com.pl\/cs\/wp-json\/wp\/v2\/product_cat?post=14646"},{"taxonomy":"product_tag","embeddable":true,"href":"https:\/\/jacekplacek.com.pl\/cs\/wp-json\/wp\/v2\/product_tag?post=14646"}],"curies":[{"name":"wp","href":"https:\/\/api.w.org\/{rel}","templated":true}]}}