{"id":14627,"date":"2024-11-14T16:50:42","date_gmt":"2024-11-14T15:50:42","guid":{"rendered":"https:\/\/jacekplacek.com.pl\/?post_type=product&#038;p=14627"},"modified":"2025-11-18T18:31:26","modified_gmt":"2025-11-18T17:31:26","slug":"cokoladovy-pernikovy-kolac","status":"publish","type":"product","link":"https:\/\/jacekplacek.com.pl\/cs\/obchod\/kolace-4\/cokoladovy-pernikovy-kolac\/","title":{"rendered":"\u010cokol\u00e1dov\u00fd pern\u00edkov\u00fd kol\u00e1\u010d"},"content":{"rendered":"<p>P\u0159ipravte se na opravdovou chu\u0165ovku s na\u0161imi <strong>\u010cokol\u00e1dovo-pern\u00edkov\u00fd kol\u00e1\u010d<\/strong> \u2013 dokonal\u00e1 kombinace hlubok\u00e9ho aroma ko\u0159en\u00ed a sametov\u00e9, intenzivn\u00ed \u010dokol\u00e1dy. Jedn\u00e1 se o elegantn\u00ed dezert, kter\u00fd kombinuje tradi\u010dn\u00ed v\u00e1no\u010dn\u00ed chut\u011b s modern\u00edm povrchem.<\/p>\n<p>Z\u00e1kladem tohoto dortu je jemn\u00e9, vlhk\u00e9 pern\u00edkov\u00e9 t\u011bsto, vyroben\u00e9 z na\u0161\u00ed vlastn\u00ed sm\u011bsi ko\u0159en\u00ed. Sko\u0159ice, h\u0159eb\u00ed\u010dek, mu\u0161k\u00e1tov\u00fd o\u0159\u00ed\u0161ek a z\u00e1zvor prostupuj\u00ed ka\u017ed\u00e9 sousto a dod\u00e1vaj\u00ed mu charakteristickou h\u0159ejivou v\u016fni, kter\u00e1 v\u00e1s dokonale nalad\u00ed na v\u00e1no\u010dn\u00ed atmosf\u00e9ru.<\/p>\n<p>Na pern\u00edkov\u00e9m z\u00e1kladu je vrstva dom\u00e1c\u00ed marmel\u00e1dy s brusinkami, kter\u00e9 svou lehce nakyslou n\u00f3tou dokonale rozb\u00edjej\u00ed sladkost a zd\u016fraz\u0148uj\u00ed bohatost chuti. Cel\u00e9 je to zalit\u00e9 hladkou, intenzivn\u00ed \u010dokol\u00e1dovou polevou, kter\u00e1 dezertu dod\u00e1v\u00e1 sametovou a hloubku a z\u00e1rove\u0148 kr\u00e1sn\u011b kontrastuje s pikantn\u00edm charakterem dortu.<\/p>","protected":false},"excerpt":{"rendered":"<p><span data-sheets-root=\"1\">Piernikowy sp\u00f3d z autorsk\u0105 mieszank\u0105 przypraw korzennych, domowe powid\u0142a \u017curawinowe i intensywna czekoladowa polewa.<\/span><\/p>","protected":false},"featured_media":14641,"comment_status":"closed","ping_status":"closed","template":"","meta":{"content-type":""},"product_brand":[],"product_cat":[830],"product_tag":[868,99,854,747,831,425,872,834,166,730,733,731,732,734],"class_list":{"0":"post-14627","1":"product","2":"type-product","3":"status-publish","4":"has-post-thumbnail","6":"product_cat-tarty","7":"product_tag-ciasto-boze-narodzenie","8":"product_tag-ciasto-swiateczne","9":"product_tag-cukiernia-gdansk","10":"product_tag-luksusowy-tort","11":"product_tag-slodka-tarta","12":"product_tag-tarta","13":"product_tag-tarta-czekoladowo-piernikowa","14":"product_tag-tarta-slony-karmel","15":"product_tag-tort","16":"product_tag-tort-na-urodziny","17":"product_tag-tort-naturalny","18":"product_tag-tort-urodzinowy","19":"product_tag-torty-naturalne","20":"product_tag-zdrowy-sklad","22":"entry","23":"has-media","25":"first","26":"instock","27":"shipping-taxable","28":"product-type-variable","29":"has-default-attributes","30":"has-product-nav","31":"col","32":"span_1_of_4","33":"owp-content-center","34":"owp-thumbs-layout-horizontal","35":"owp-btn-normal","36":"owp-tabs-layout-horizontal"},"acf":[],"_links":{"self":[{"href":"https:\/\/jacekplacek.com.pl\/cs\/wp-json\/wp\/v2\/product\/14627","targetHints":{"allow":["GET"]}}],"collection":[{"href":"https:\/\/jacekplacek.com.pl\/cs\/wp-json\/wp\/v2\/product"}],"about":[{"href":"https:\/\/jacekplacek.com.pl\/cs\/wp-json\/wp\/v2\/types\/product"}],"replies":[{"embeddable":true,"href":"https:\/\/jacekplacek.com.pl\/cs\/wp-json\/wp\/v2\/comments?post=14627"}],"wp:featuredmedia":[{"embeddable":true,"href":"https:\/\/jacekplacek.com.pl\/cs\/wp-json\/wp\/v2\/media\/14641"}],"wp:attachment":[{"href":"https:\/\/jacekplacek.com.pl\/cs\/wp-json\/wp\/v2\/media?parent=14627"}],"wp:term":[{"taxonomy":"product_brand","embeddable":true,"href":"https:\/\/jacekplacek.com.pl\/cs\/wp-json\/wp\/v2\/product_brand?post=14627"},{"taxonomy":"product_cat","embeddable":true,"href":"https:\/\/jacekplacek.com.pl\/cs\/wp-json\/wp\/v2\/product_cat?post=14627"},{"taxonomy":"product_tag","embeddable":true,"href":"https:\/\/jacekplacek.com.pl\/cs\/wp-json\/wp\/v2\/product_tag?post=14627"}],"curies":[{"name":"wp","href":"https:\/\/api.w.org\/{rel}","templated":true}]}}