{"id":14624,"date":"2024-11-14T16:50:40","date_gmt":"2024-11-14T15:50:40","guid":{"rendered":"https:\/\/jacekplacek.com.pl\/?post_type=product&#038;p=14624"},"modified":"2025-11-18T18:31:26","modified_gmt":"2025-11-18T17:31:26","slug":"kahlua-makovy-kolac","status":"publish","type":"product","link":"https:\/\/jacekplacek.com.pl\/cs\/obchod\/kolace-4\/kahlua-makovy-kolac\/","title":{"rendered":"Makov\u00fd kol\u00e1\u010d se smetanou Kahlua"},"content":{"rendered":"<p><strong>Makov\u00fd kol\u00e1\u010d se smetanou Kahlua<\/strong> Tato harmonick\u00e1 kombinace m\u00e1ku a k\u00e1vov\u00e9 smetany v\u00e1s p\u0159ekvap\u00ed svou bohatost\u00ed chuti a eleganc\u00ed a stane se ozdobou ka\u017ed\u00e9ho v\u00e1no\u010dn\u00edho stolu.<\/p>\n<p>Jemn\u00e9 k\u0159ehk\u00e9 kol\u00e1\u010dov\u00e9 t\u011bsto vytv\u00e1\u0159\u00ed ide\u00e1ln\u00ed z\u00e1klad pro vlhkou a aromatickou makovou hmotu p\u0159ipravenou z nejkvalitn\u011bj\u0161\u00edho m\u00e1ku. N\u00e1pl\u0148 dopl\u0148uje kr\u00e9m na b\u00e1zi lik\u00e9ru Kahlua, kter\u00fd dezertu dod\u00e1v\u00e1 rafinovanou k\u00e1vovou hloubku a sametovou texturu. Cel\u00e9 je to zakon\u010deno sv\u011btelnou dekorac\u00ed, kter\u00e1 dezertu dod\u00e1v\u00e1 slavnostn\u00ed r\u00e1z.<\/p>\n<p><strong>Makov\u00fd kol\u00e1\u010d se smetanou Kahlua<\/strong> je vynikaj\u00edc\u00ed volbou pro milovn\u00edky jedine\u010dn\u00fdch dezert\u016f, kter\u00e9 kombinuj\u00ed tradi\u010dn\u00ed chut\u011b s modern\u00edmi akcenty. Skv\u011ble se hod\u00ed jako p\u016fsobiv\u00fd dopln\u011bk k v\u00e1no\u010dn\u00ed k\u00e1v\u011b, zp\u016fsob, jak pot\u011b\u0161it hosty nebo jedine\u010dn\u00fd sladk\u00fd d\u00e1rek pro va\u0161e bl\u00edzk\u00e9. Pokud hled\u00e1te n\u011bco, \u010d\u00edm va\u0161e dovolen\u00e1 vynikne, tento kol\u00e1\u010d bude nezapomenutelnou volbou.<\/p>","protected":false},"excerpt":{"rendered":"<p><strong>Makov\u00fd kol\u00e1\u010d se smetanou Kahlua<\/strong> je jedine\u010dn\u00fd dezert, kter\u00fd kombinuje tradi\u010dn\u00ed chu\u0165 m\u00e1ku s n\u00e1dechem smetany s k\u00e1vovou chut\u00ed a v\u016fn\u00ed.<\/p>","protected":false},"featured_media":14630,"comment_status":"closed","ping_status":"closed","template":"","meta":{"content-type":""},"product_brand":[],"product_cat":[830],"product_tag":[878,877,99,854,831,425,876,875,166,730,733,731,732,734],"class_list":{"0":"post-14624","1":"product","2":"type-product","3":"status-publish","4":"has-post-thumbnail","6":"product_cat-tarty","7":"product_tag-ciasto-na-boze-narodzenie","8":"product_tag-ciasto-na-swieta","9":"product_tag-ciasto-swiateczne","10":"product_tag-cukiernia-gdansk","11":"product_tag-slodka-tarta","12":"product_tag-tarta","13":"product_tag-tarta-makowa","14":"product_tag-tarta-makowa-z-kremem-kahlua","15":"product_tag-tort","16":"product_tag-tort-na-urodziny","17":"product_tag-tort-naturalny","18":"product_tag-tort-urodzinowy","19":"product_tag-torty-naturalne","20":"product_tag-zdrowy-sklad","22":"entry","23":"has-media","25":"first","26":"instock","27":"shipping-taxable","28":"product-type-variable","29":"has-default-attributes","30":"has-product-nav","31":"col","32":"span_1_of_4","33":"owp-content-center","34":"owp-thumbs-layout-horizontal","35":"owp-btn-normal","36":"owp-tabs-layout-horizontal"},"acf":[],"_links":{"self":[{"href":"https:\/\/jacekplacek.com.pl\/cs\/wp-json\/wp\/v2\/product\/14624","targetHints":{"allow":["GET"]}}],"collection":[{"href":"https:\/\/jacekplacek.com.pl\/cs\/wp-json\/wp\/v2\/product"}],"about":[{"href":"https:\/\/jacekplacek.com.pl\/cs\/wp-json\/wp\/v2\/types\/product"}],"replies":[{"embeddable":true,"href":"https:\/\/jacekplacek.com.pl\/cs\/wp-json\/wp\/v2\/comments?post=14624"}],"wp:featuredmedia":[{"embeddable":true,"href":"https:\/\/jacekplacek.com.pl\/cs\/wp-json\/wp\/v2\/media\/14630"}],"wp:attachment":[{"href":"https:\/\/jacekplacek.com.pl\/cs\/wp-json\/wp\/v2\/media?parent=14624"}],"wp:term":[{"taxonomy":"product_brand","embeddable":true,"href":"https:\/\/jacekplacek.com.pl\/cs\/wp-json\/wp\/v2\/product_brand?post=14624"},{"taxonomy":"product_cat","embeddable":true,"href":"https:\/\/jacekplacek.com.pl\/cs\/wp-json\/wp\/v2\/product_cat?post=14624"},{"taxonomy":"product_tag","embeddable":true,"href":"https:\/\/jacekplacek.com.pl\/cs\/wp-json\/wp\/v2\/product_tag?post=14624"}],"curies":[{"name":"wp","href":"https:\/\/api.w.org\/{rel}","templated":true}]}}