{"id":14607,"date":"2024-11-14T16:25:51","date_gmt":"2024-11-14T15:25:51","guid":{"rendered":"https:\/\/jacekplacek.com.pl\/?post_type=product&#038;p=14607"},"modified":"2025-11-18T18:31:26","modified_gmt":"2025-11-18T17:31:26","slug":"pernikovy-dort","status":"publish","type":"product","link":"https:\/\/jacekplacek.com.pl\/cs\/obchod\/torty_i_desery\/kolace-2\/pernikovy-dort\/","title":{"rendered":"Pern\u00edkov\u00fd dort"},"content":{"rendered":"<p><strong>Pern\u00edkov\u00fd dort <\/strong>\u2013 hloubka ko\u0159en\u00ed jako sko\u0159ice, z\u00e1zvor a h\u0159eb\u00ed\u010dek v kombinaci s vlhk\u00fdm pern\u00edkov\u00fdm dortem vytv\u00e1\u0159\u00ed jedine\u010dnou chu\u0165, kter\u00e1 pot\u011b\u0161\u00ed ka\u017ed\u00e9ho milovn\u00edka v\u00e1no\u010dn\u00edho cukrov\u00ed.<\/p>\n<ul>\n<li style=\"font-weight: 400;\" aria-level=\"1\"><span style=\"font-weight: 400;\">Pern\u00edkov\u00fd dort na z\u00e1klad\u011b vlastn\u00ed sm\u011bsi ko\u0159en\u00ed.<\/span><\/li>\n<li style=\"font-weight: 400;\" aria-level=\"1\"><span style=\"font-weight: 400;\">Dom\u00e1c\u00ed \u0161vestkov\u00e1 povidla.<\/span><\/li>\n<li style=\"font-weight: 400;\" aria-level=\"1\"><span style=\"font-weight: 400;\">\u010cokol\u00e1dov\u00fd m\u00e1slov\u00fd kr\u00e9m na b\u00e1zi m\u00e1sla.<\/span><\/li>\n<\/ul>\n<p>Dop\u0159ejte si trochu luxusu a poci\u0165te v\u00e1no\u010dn\u00ed kouzlo v tomto n\u00e1dhern\u00e9m dortu!<\/p>","protected":false},"excerpt":{"rendered":"<p><span data-sheets-root=\"1\">Pern\u00edkov\u00e9 t\u011bsto na b\u00e1zi na\u0161\u00ed vlastn\u00ed sm\u011bsi ko\u0159en\u00ed. Dom\u00e1c\u00ed \u0161vestkov\u00e1 povidla. \u010cokol\u00e1dov\u00fd m\u00e1slov\u00fd kr\u00e9m vyroben\u00fd z m\u00e1sla.<\/span><\/p>","protected":false},"featured_media":14617,"comment_status":"closed","ping_status":"closed","template":"","meta":{"content-type":""},"product_brand":[],"product_cat":[123],"product_tag":[747,166,176,730,733,848,731,732,734],"class_list":{"0":"post-14607","1":"product","2":"type-product","3":"status-publish","4":"has-post-thumbnail","6":"product_cat-torty","7":"product_tag-luksusowy-tort","8":"product_tag-tort","9":"product_tag-tort-czekoladowy","10":"product_tag-tort-na-urodziny","11":"product_tag-tort-naturalny","12":"product_tag-tort-piernikowy","13":"product_tag-tort-urodzinowy","14":"product_tag-torty-naturalne","15":"product_tag-zdrowy-sklad","17":"entry","18":"has-media","20":"first","21":"instock","22":"shipping-taxable","23":"product-type-variable","24":"has-default-attributes","25":"has-product-nav","26":"col","27":"span_1_of_4","28":"owp-content-center","29":"owp-thumbs-layout-horizontal","30":"owp-btn-normal","31":"owp-tabs-layout-horizontal"},"acf":[],"_links":{"self":[{"href":"https:\/\/jacekplacek.com.pl\/cs\/wp-json\/wp\/v2\/product\/14607","targetHints":{"allow":["GET"]}}],"collection":[{"href":"https:\/\/jacekplacek.com.pl\/cs\/wp-json\/wp\/v2\/product"}],"about":[{"href":"https:\/\/jacekplacek.com.pl\/cs\/wp-json\/wp\/v2\/types\/product"}],"replies":[{"embeddable":true,"href":"https:\/\/jacekplacek.com.pl\/cs\/wp-json\/wp\/v2\/comments?post=14607"}],"wp:featuredmedia":[{"embeddable":true,"href":"https:\/\/jacekplacek.com.pl\/cs\/wp-json\/wp\/v2\/media\/14617"}],"wp:attachment":[{"href":"https:\/\/jacekplacek.com.pl\/cs\/wp-json\/wp\/v2\/media?parent=14607"}],"wp:term":[{"taxonomy":"product_brand","embeddable":true,"href":"https:\/\/jacekplacek.com.pl\/cs\/wp-json\/wp\/v2\/product_brand?post=14607"},{"taxonomy":"product_cat","embeddable":true,"href":"https:\/\/jacekplacek.com.pl\/cs\/wp-json\/wp\/v2\/product_cat?post=14607"},{"taxonomy":"product_tag","embeddable":true,"href":"https:\/\/jacekplacek.com.pl\/cs\/wp-json\/wp\/v2\/product_tag?post=14607"}],"curies":[{"name":"wp","href":"https:\/\/api.w.org\/{rel}","templated":true}]}}