{"id":14601,"date":"2024-11-14T16:08:31","date_gmt":"2024-11-14T15:08:31","guid":{"rendered":"https:\/\/jacekplacek.com.pl\/?post_type=product&#038;p=14601"},"modified":"2025-11-18T18:31:23","modified_gmt":"2025-11-18T17:31:23","slug":"mini-pernikovy-dort-3-kusy","status":"publish","type":"product","link":"https:\/\/jacekplacek.com.pl\/cs\/obchod\/torty_i_desery\/kavarna-mini-dezerty-2\/mini-pernikovy-dort-3-kusy\/","title":{"rendered":"Mini pern\u00edkov\u00fd dort"},"content":{"rendered":"<p><strong>Mini pern\u00edkov\u00fd dort <\/strong>\u2013 hloubka ko\u0159en\u00ed jako sko\u0159ice, z\u00e1zvor a h\u0159eb\u00ed\u010dek v kombinaci s vlhk\u00fdm pern\u00edkov\u00fdm dortem vytv\u00e1\u0159\u00ed jedine\u010dnou chu\u0165, kter\u00e1 pot\u011b\u0161\u00ed ka\u017ed\u00e9ho milovn\u00edka v\u00e1no\u010dn\u00edho cukrov\u00ed.<\/p>\n<ul>\n<li style=\"font-weight: 400;\" aria-level=\"1\"><span style=\"font-weight: 400;\">Pern\u00edkov\u00fd dort na z\u00e1klad\u011b vlastn\u00ed sm\u011bsi ko\u0159en\u00ed.<\/span><\/li>\n<li style=\"font-weight: 400;\" aria-level=\"1\"><span style=\"font-weight: 400;\">Dom\u00e1c\u00ed \u0161vestkov\u00e1 povidla.<\/span><\/li>\n<li style=\"font-weight: 400;\" aria-level=\"1\"><span style=\"font-weight: 400;\">\u010cokol\u00e1dov\u00fd m\u00e1slov\u00fd kr\u00e9m na b\u00e1zi m\u00e1sla.<\/span><\/li>\n<\/ul>\n<p>Dop\u0159ejte si trochu luxusu a poci\u0165te v\u00e1no\u010dn\u00ed kouzlo uzav\u0159en\u00e9 v tomto okouzluj\u00edc\u00edm dortu!<\/p>\n<p>Produkt dostupn\u00fd v\u00a0<strong>3 kusy v hromadn\u00e9m balen\u00ed (3 kusy cca 390g).<\/strong><\/p>","protected":false},"excerpt":{"rendered":"<p>N\u00e1\u0161 <strong>Mini pern\u00edkov\u00fd dort<\/strong> je jedine\u010dn\u00fd dezert, kter\u00fd v sob\u011b spojuje to nejlep\u0161\u00ed z tradi\u010dn\u00edch v\u00e1no\u010dn\u00edch chut\u00ed.<\/p>\n<p>Produkt dostupn\u00fd v\u00a0<strong>3 kusy v hromadn\u00e9m balen\u00ed (3 kusy cca 390g).<\/strong><\/p>","protected":false},"featured_media":14597,"comment_status":"closed","ping_status":"closed","template":"","meta":{"content-type":""},"product_brand":[],"product_cat":[723],"product_tag":[444,442,446,445,450,848],"class_list":{"0":"post-14601","1":"product","2":"type-product","3":"status-publish","4":"has-post-thumbnail","6":"product_cat-mini-desery-do-kawiarni","7":"product_tag-cukiernia-jacek-placek","8":"product_tag-deser-jednoporcjowy","9":"product_tag-jacek-placek-gdansk","10":"product_tag-jacek-placek-gowino","11":"product_tag-tort-mini","12":"product_tag-tort-piernikowy","14":"entry","15":"has-media","17":"first","18":"instock","19":"shipping-taxable","20":"product-type-simple","21":"has-product-nav","22":"col","23":"span_1_of_4","24":"owp-content-center","25":"owp-thumbs-layout-horizontal","26":"owp-btn-normal","27":"owp-tabs-layout-horizontal"},"acf":[],"_links":{"self":[{"href":"https:\/\/jacekplacek.com.pl\/cs\/wp-json\/wp\/v2\/product\/14601","targetHints":{"allow":["GET"]}}],"collection":[{"href":"https:\/\/jacekplacek.com.pl\/cs\/wp-json\/wp\/v2\/product"}],"about":[{"href":"https:\/\/jacekplacek.com.pl\/cs\/wp-json\/wp\/v2\/types\/product"}],"replies":[{"embeddable":true,"href":"https:\/\/jacekplacek.com.pl\/cs\/wp-json\/wp\/v2\/comments?post=14601"}],"wp:featuredmedia":[{"embeddable":true,"href":"https:\/\/jacekplacek.com.pl\/cs\/wp-json\/wp\/v2\/media\/14597"}],"wp:attachment":[{"href":"https:\/\/jacekplacek.com.pl\/cs\/wp-json\/wp\/v2\/media?parent=14601"}],"wp:term":[{"taxonomy":"product_brand","embeddable":true,"href":"https:\/\/jacekplacek.com.pl\/cs\/wp-json\/wp\/v2\/product_brand?post=14601"},{"taxonomy":"product_cat","embeddable":true,"href":"https:\/\/jacekplacek.com.pl\/cs\/wp-json\/wp\/v2\/product_cat?post=14601"},{"taxonomy":"product_tag","embeddable":true,"href":"https:\/\/jacekplacek.com.pl\/cs\/wp-json\/wp\/v2\/product_tag?post=14601"}],"curies":[{"name":"wp","href":"https:\/\/api.w.org\/{rel}","templated":true}]}}