{"id":14587,"date":"2024-11-14T15:42:53","date_gmt":"2024-11-14T14:42:53","guid":{"rendered":"https:\/\/jacekplacek.com.pl\/?post_type=product&#038;p=14587"},"modified":"2025-11-18T18:31:26","modified_gmt":"2025-11-18T17:31:26","slug":"vegansky-pernik","status":"publish","type":"product","link":"https:\/\/jacekplacek.com.pl\/cs\/obchod\/babki-i-makowce\/vegansky-pernik\/","title":{"rendered":"Pern\u00edk se \u0161vestkov\u00fdmi povidly \u2013 vegansk\u00fd kol\u00e1\u010d"},"content":{"rendered":"<p>N\u00e1\u0161 <strong>Pern\u00edk se \u0161vestkov\u00fdmi povidly<\/strong> je vegansk\u00e1 interpretace klasick\u00e9ho v\u00e1no\u010dn\u00edho dortu, kter\u00fd pot\u011b\u0161\u00ed svou hlubokou chut\u00ed a v\u016fn\u00ed. Vlhk\u00e9, intenzivn\u011b ko\u0159en\u011bn\u00e9, obohacen\u00e9 o p\u0159irozenou sladkost na\u0161ich \u0161vestkov\u00fdch povidel. Tento pern\u00edk je dokonalou kombinac\u00ed tradi\u010dn\u00ed chuti a rostlinn\u00fdch ingredienc\u00ed, kter\u00e1 ka\u017ed\u00e9mu umo\u017en\u00ed vychutnat si v\u00e1no\u010dn\u00ed pe\u010den\u00ed bez kompromis\u016f.<\/p>\n<p>Pern\u00edk se \u0161vestkov\u00fdmi povidly <span style=\"font-weight: 400;\"> vlastn\u00ed v\u00fdroba <\/span>je v\u00fdjime\u010dn\u011b aromatick\u00fd a ko\u0159enit\u00e9 t\u00f3ny skv\u011ble lad\u00ed s hlubokou chut\u00ed \u0161vestek a vytv\u00e1\u0159\u00ed \u00fatulnou, sv\u00e1te\u010dn\u00ed atmosf\u00e9ru. <span style=\"font-weight: 400;\">Slazen\u00e9 t\u011bsto <strong>ag\u00e1vov\u00fd sirup a cukr Muscovado<\/strong>, a jeho v<\/span>D\u00edky vegansk\u00e9 receptu\u0159e je dort nejen zdrav\u00fd, ale tak\u00e9 vhodn\u00fd pro lidi, kte\u0159\u00ed se vyh\u00fdbaj\u00ed \u017eivo\u010di\u0161n\u00fdm produkt\u016fm, bez jak\u00fdchkoli kompromis\u016f v chuti a struktu\u0159e.<\/p>","protected":false},"excerpt":{"rendered":"<p><strong>Vegansk\u00fd pern\u00edk se \u0161vestkov\u00fdmi povidly<\/strong>\u00a0\u2013 tento kol\u00e1\u010d se bude skv\u011ble hodit na v\u00e1no\u010dn\u00ed st\u016fl \u2013 jak pro vegany, tak pro v\u0161echny, kte\u0159\u00ed cht\u011bj\u00ed vyzkou\u0161et modern\u00ed verzi tradi\u010dn\u00edho pe\u010den\u00ed \u2013 jeho vegansk\u00e1 verze z n\u011bj ud\u011bl\u00e1 ide\u00e1ln\u00ed volbu na oslavu s bl\u00edzk\u00fdmi.<\/p>","protected":false},"featured_media":14593,"comment_status":"closed","ping_status":"closed","template":"","meta":{"content-type":""},"product_brand":[],"product_cat":[81,907],"product_tag":[452,444,446,445,449,846],"class_list":{"0":"post-14587","1":"product","2":"type-product","3":"status-publish","4":"has-post-thumbnail","6":"product_cat-babki-i-makowce","7":"product_cat-ciasta-swiateczne","8":"product_tag-ciasto-weganskie","9":"product_tag-cukiernia-jacek-placek","10":"product_tag-jacek-placek-gdansk","11":"product_tag-jacek-placek-gowino","12":"product_tag-jacek-placek-sopot","13":"product_tag-piernik-z-powidlami-sliwkowymi","15":"entry","16":"has-media","18":"first","19":"instock","20":"shipping-taxable","21":"product-type-variable","22":"has-product-nav","23":"col","24":"span_1_of_4","25":"owp-content-center","26":"owp-thumbs-layout-horizontal","27":"owp-btn-normal","28":"owp-tabs-layout-horizontal"},"acf":[],"_links":{"self":[{"href":"https:\/\/jacekplacek.com.pl\/cs\/wp-json\/wp\/v2\/product\/14587","targetHints":{"allow":["GET"]}}],"collection":[{"href":"https:\/\/jacekplacek.com.pl\/cs\/wp-json\/wp\/v2\/product"}],"about":[{"href":"https:\/\/jacekplacek.com.pl\/cs\/wp-json\/wp\/v2\/types\/product"}],"replies":[{"embeddable":true,"href":"https:\/\/jacekplacek.com.pl\/cs\/wp-json\/wp\/v2\/comments?post=14587"}],"wp:featuredmedia":[{"embeddable":true,"href":"https:\/\/jacekplacek.com.pl\/cs\/wp-json\/wp\/v2\/media\/14593"}],"wp:attachment":[{"href":"https:\/\/jacekplacek.com.pl\/cs\/wp-json\/wp\/v2\/media?parent=14587"}],"wp:term":[{"taxonomy":"product_brand","embeddable":true,"href":"https:\/\/jacekplacek.com.pl\/cs\/wp-json\/wp\/v2\/product_brand?post=14587"},{"taxonomy":"product_cat","embeddable":true,"href":"https:\/\/jacekplacek.com.pl\/cs\/wp-json\/wp\/v2\/product_cat?post=14587"},{"taxonomy":"product_tag","embeddable":true,"href":"https:\/\/jacekplacek.com.pl\/cs\/wp-json\/wp\/v2\/product_tag?post=14587"}],"curies":[{"name":"wp","href":"https:\/\/api.w.org\/{rel}","templated":true}]}}