{"id":14578,"date":"2024-11-14T15:29:26","date_gmt":"2024-11-14T14:29:26","guid":{"rendered":"https:\/\/jacekplacek.com.pl\/?post_type=product&#038;p=14578"},"modified":"2025-11-18T18:31:21","modified_gmt":"2025-11-18T17:31:21","slug":"pernik-s-marmeladou","status":"publish","type":"product","link":"https:\/\/jacekplacek.com.pl\/cs\/obchod\/babki-i-makowce\/pernik-s-marmeladou\/","title":{"rendered":"Pern\u00edk s marmel\u00e1dou"},"content":{"rendered":"<div class=\"flex-shrink-0 flex flex-col relative items-end\">\n<div class=\"pt-0\">\n<div class=\"gizmo-bot-avatar flex h-8 w-8 items-center justify-center overflow-hidden rounded-full\">\n<div class=\"relative p-1 rounded-sm flex items-center justify-center bg-token-main-surface-primary text-token-text-primary h-8 w-8\">\n<h1>Pr\u00e1zdniny - \u010das tradice a jedine\u010dn\u00fdch chut\u00ed<\/h1>\n<p>V\u00e1noce jsou zvl\u00e1\u0161tn\u00ed \u010das, pln\u00fd rodinn\u00fdch setk\u00e1n\u00ed, kr\u00e1sn\u00fdch dekorac\u00ed a vo\u0148av\u00e9ho pe\u010diva. Nic nenavod\u00ed v\u00e1no\u010dn\u00ed n\u00e1ladu tak, jako v\u016fn\u011b ko\u0159en\u00ed a sladk\u00fdch kol\u00e1\u010d\u016f, kter\u00e1 se line domem.<\/p>\n<h2><\/h2>\n<h2>Pern\u00ed\u010dky \u2013 chu\u0165 a v\u016fn\u011b V\u00e1noc<\/h2>\n<p>Pern\u00ed\u010dky jsou pe\u010divo s hluboce zako\u0159en\u011bnou tradic\u00ed, kter\u00e9 je po stalet\u00ed symbolem sv\u00e1tk\u016f. Jejich ko\u0159enit\u00e9 aroma pln\u00e9 sko\u0159ice, h\u0159eb\u00ed\u010dku a z\u00e1zvoru n\u00e1s p\u0159enese do kouzeln\u00e9 atmosf\u00e9ry V\u00e1noc. Tradice vrstven\u00ed pern\u00edku s ovocn\u00fdm d\u017eemem nebo marmel\u00e1dou sah\u00e1 a\u017e do dob, kdy byly sladk\u00e9 p\u0159\u00edsady pochoutkou. Ovocn\u00e1 n\u00e1pl\u0148 nejen dodala chu\u0165, ale tak\u00e9 prodlou\u017eila \u010derstvost pe\u010den\u00ed, tak\u017ee kol\u00e1\u010d z\u016fstane d\u00e9le vlhk\u00fd a m\u011bkk\u00fd.<\/p>\n<p>Dnes je pern\u00edk s marmel\u00e1dou kombinac\u00ed klasiky s ovocn\u00fdm akcentem, kter\u00e1 v\u017edy pot\u011b\u0161\u00ed svou jednoduchost\u00ed a chut\u00ed. Jedn\u00e1 se o jedno z t\u011bch pe\u010div, kter\u00e9 v sob\u011b spojuje tradici a funk\u010dnost, a je tak ide\u00e1ln\u00ed volbou na sv\u00e1te\u010dn\u00ed st\u016fl.<\/p>\n<h2><\/h2>\n<h2>Pern\u00edk s marmel\u00e1dou - jedine\u010dn\u00e1 chu\u0165 a vlhkost<\/h2>\n<p>N\u00e1\u0161 pern\u00edk s marmel\u00e1dou je perfektn\u00ed kombinac\u00ed tradi\u010dn\u00edho dortu s ovocn\u00fdm akcentem. D\u00edky kombinaci klasick\u00e9ho pern\u00edku s jahodovou marmel\u00e1dou a \u010dokol\u00e1dovou polevou vynikaj\u00ed pe\u010divo svou chut\u00ed a konzistenc\u00ed.<\/p>\n<h3><strong>Zvl\u00e1\u0161tnosti na\u0161eho pern\u00edku:<\/strong><\/h3>\n<ul>\n<li><strong>Pikantn\u00ed kol\u00e1\u010d<\/strong> \u2013 aromatick\u00fd, na b\u00e1zi sko\u0159ice, h\u0159eb\u00ed\u010dku a medu.<\/li>\n<li><strong>Ovocn\u00e1 n\u00e1pl\u0148<\/strong> \u2013 jahodov\u00e1 marmel\u00e1da, kter\u00e1 dod\u00e1v\u00e1 vlhkost a jemnou sladkost.<\/li>\n<li><strong>\u010cokol\u00e1dov\u00e1 poleva<\/strong> \u2013 hladk\u00e1, intenzivn\u00ed v chuti, dokonale se hod\u00ed k pern\u00edku.<\/li>\n<li><strong>Vydr\u017e\u00ed dlouho \u010derstv\u00e9<\/strong> \u2013 d\u00edky marmel\u00e1d\u011b z\u016fstane pern\u00edk po mnoho dn\u00ed m\u011bkk\u00fd a vlhk\u00fd.<\/li>\n<\/ul>\n<p>Toto je perfektn\u00ed volba pro ka\u017ed\u00e9ho, kdo hled\u00e1 tradi\u010dn\u00ed pe\u010den\u00ed s n\u00e1dechem inovace ovoce.<\/p>\n<h3><\/h3>\n<h3>Dorty, kter\u00e9 stoj\u00ed za to pamatovat o pr\u00e1zdnin\u00e1ch<\/h3>\n<p>Na v\u00e1no\u010dn\u00edm stole nesm\u00ed chyb\u011bt nejr\u016fzn\u011bj\u0161\u00ed cukrov\u00ed, kter\u00e9 V\u00e1noce prov\u00e1z\u00ed u\u017e l\u00e9ta. Krom\u011b pern\u00ed\u010dk\u016f s ovocnou n\u00e1pln\u00ed stoj\u00ed za vyzkou\u0161en\u00ed:<\/p>\n<ul>\n<li><strong>Makov\u00e9 kol\u00e1\u010de<\/strong> \u2013 pln\u00e9 aromatick\u00e9ho m\u00e1ku a su\u0161en\u00e9ho ovoce, kter\u00e9 jsou symbolem v\u00e1no\u010dn\u00ed tradice.<\/li>\n<li><strong>Cheesecakes<\/strong> \u2013 kr\u00e9mov\u00e9 a jemn\u00e9, ide\u00e1ln\u00ed pro milovn\u00edky klasick\u00e9ho pe\u010den\u00ed.<\/li>\n<li><strong>Ovocn\u00e9 kol\u00e1\u010de<\/strong> \u2013 bohat\u00e9 na su\u0161en\u00e9 ovoce a o\u0159echy, dokonale lad\u00edc\u00ed s v\u00e1no\u010dn\u00ed n\u00e1ladou.<\/li>\n<li><strong>Dorty a dorty<\/strong> \u2013 modern\u00ed dezerty, kter\u00e9 pot\u011b\u0161\u00ed sv\u00fdm vzhledem a jedine\u010dnou chut\u00ed.<\/li>\n<\/ul>\n<p>Vyberte si r\u016fzn\u00e9 druhy pe\u010diva, kter\u00e9 do va\u0161eho domova vnesou jedine\u010dnou sv\u00e1te\u010dn\u00ed atmosf\u00e9ru a uspokoj\u00ed mlsn\u00e9 jaz\u00fd\u010dky ka\u017ed\u00e9ho hosta! \ud83c\udf84<\/p>\n<p>Dal\u0161\u00ed n\u00e1vrhy na V\u00e1noce najdete\u00a0<strong><a href=\"https:\/\/jacekplacek.com.pl\/cs\/kategorie-produktu\/vanoce\/\" target=\"_blank\" rel=\"noopener\">tady.<\/a><\/strong><\/p>\n<\/div>\n<p>&nbsp;<\/p>\n<\/div>\n<\/div>\n<\/div>","protected":false},"excerpt":{"rendered":"<p><strong>Pern\u00edk s marmel\u00e1dou<\/strong><\/p>\n<p><span data-sheets-root=\"1\">Klasick\u00fd ko\u0159en\u011bn\u00fd pern\u00edk pln\u011bn\u00fd jahodovou marmel\u00e1dou a polit\u00fd \u010dokol\u00e1dou. D\u00edky marmel\u00e1d\u011b je vlhk\u00e9, jemn\u00e9 a vydr\u017e\u00ed dlouho \u010derstv\u00e9.<\/span><\/p>","protected":false},"featured_media":11694,"comment_status":"closed","ping_status":"closed","template":"","meta":{"content-type":""},"product_brand":[],"product_cat":[907,81],"product_tag":[444,446,445,449,95],"class_list":{"0":"post-14578","1":"product","2":"type-product","3":"status-publish","4":"has-post-thumbnail","6":"product_cat-ciasta-swiateczne","7":"product_cat-babki-i-makowce","8":"product_tag-cukiernia-jacek-placek","9":"product_tag-jacek-placek-gdansk","10":"product_tag-jacek-placek-gowino","11":"product_tag-jacek-placek-sopot","12":"product_tag-piernik","14":"entry","15":"has-media","17":"first","18":"instock","19":"shipping-taxable","20":"product-type-variable","21":"has-product-nav","22":"col","23":"span_1_of_4","24":"owp-content-center","25":"owp-thumbs-layout-horizontal","26":"owp-btn-normal","27":"owp-tabs-layout-horizontal","28":"has-no-thumbnails"},"acf":[],"_links":{"self":[{"href":"https:\/\/jacekplacek.com.pl\/cs\/wp-json\/wp\/v2\/product\/14578","targetHints":{"allow":["GET"]}}],"collection":[{"href":"https:\/\/jacekplacek.com.pl\/cs\/wp-json\/wp\/v2\/product"}],"about":[{"href":"https:\/\/jacekplacek.com.pl\/cs\/wp-json\/wp\/v2\/types\/product"}],"replies":[{"embeddable":true,"href":"https:\/\/jacekplacek.com.pl\/cs\/wp-json\/wp\/v2\/comments?post=14578"}],"wp:featuredmedia":[{"embeddable":true,"href":"https:\/\/jacekplacek.com.pl\/cs\/wp-json\/wp\/v2\/media\/11694"}],"wp:attachment":[{"href":"https:\/\/jacekplacek.com.pl\/cs\/wp-json\/wp\/v2\/media?parent=14578"}],"wp:term":[{"taxonomy":"product_brand","embeddable":true,"href":"https:\/\/jacekplacek.com.pl\/cs\/wp-json\/wp\/v2\/product_brand?post=14578"},{"taxonomy":"product_cat","embeddable":true,"href":"https:\/\/jacekplacek.com.pl\/cs\/wp-json\/wp\/v2\/product_cat?post=14578"},{"taxonomy":"product_tag","embeddable":true,"href":"https:\/\/jacekplacek.com.pl\/cs\/wp-json\/wp\/v2\/product_tag?post=14578"}],"curies":[{"name":"wp","href":"https:\/\/api.w.org\/{rel}","templated":true}]}}