{"id":14575,"date":"2024-11-14T15:12:02","date_gmt":"2024-11-14T14:12:02","guid":{"rendered":"https:\/\/jacekplacek.com.pl\/?post_type=product&#038;p=14575"},"modified":"2025-11-18T18:31:21","modified_gmt":"2025-11-18T17:31:21","slug":"pernik-s-tresnemi","status":"publish","type":"product","link":"https:\/\/jacekplacek.com.pl\/cs\/obchod\/babki-i-makowce\/pernik-s-tresnemi\/","title":{"rendered":"Pern\u00edk s t\u0159e\u0161n\u011bmi"},"content":{"rendered":"<p>Poznejte chu\u0165 sv\u00e1tk\u016f s jedine\u010dn\u00fdm <strong>Pern\u00edk s t\u0159e\u0161n\u00ed<\/strong>! Toto aromatick\u00e9 pe\u010divo kombinuje klasick\u00e9 ko\u0159en\u00ed s intenzivn\u00ed, lehce nakyslou chut\u00ed t\u0159e\u0161n\u00ed a vytv\u00e1\u0159\u00ed tak jedine\u010dnou kompozici, kter\u00e1 pot\u011b\u0161\u00ed mlsn\u00e9 jaz\u00fd\u010dky v\u0161ech milovn\u00edk\u016f sladk\u00e9ho. N\u00e1\u0161 pern\u00edk s t\u0159e\u0161n\u00ed je perfektn\u00ed volbou pro ty, kte\u0159\u00ed hledaj\u00ed klasiku v nov\u00e9, osv\u011b\u017een\u00e9 verzi. T\u0159e\u0161n\u011b dod\u00e1vaj\u00ed dortu vlhkost, d\u00edky \u010demu\u017e je pern\u00edk jemn\u00fd a rozpou\u0161t\u00ed se v \u00fastech. <strong>Ide\u00e1ln\u00ed na v\u00e1no\u010dn\u00ed st\u016fl i jako d\u00e1rek<\/strong> \u2013 na stole vypad\u00e1 kr\u00e1sn\u011b a na jeho chu\u0165 budou host\u00e9 dlouho vzpom\u00ednat.<\/p>\n<p>&nbsp;<\/p>\n<p>&nbsp;<\/p>","protected":false},"excerpt":{"rendered":"<p><strong>Pern\u00edk s t\u0159e\u0161n\u00ed<\/strong> je to prav\u00e9 v\u00e1no\u010dn\u00ed pot\u011b\u0161en\u00ed - p\u0159id\u00e1n\u00ed \u0161\u0165avnat\u00fdch t\u0159e\u0161n\u00ed rozbije sladkost dortu a dod\u00e1 mu jedine\u010dn\u00fd ovocn\u00fd akcent, kter\u00fd dokonale kontrastuje s hlubokou chut\u00ed ko\u0159en\u00ed.<\/p>","protected":false},"featured_media":14731,"comment_status":"closed","ping_status":"closed","template":"","meta":{"content-type":""},"product_brand":[],"product_cat":[907,81],"product_tag":[845,444,446,445,449,95,435],"class_list":{"0":"post-14575","1":"product","2":"type-product","3":"status-publish","4":"has-post-thumbnail","6":"product_cat-ciasta-swiateczne","7":"product_cat-babki-i-makowce","8":"product_tag-ciasto-dyniowe","9":"product_tag-cukiernia-jacek-placek","10":"product_tag-jacek-placek-gdansk","11":"product_tag-jacek-placek-gowino","12":"product_tag-jacek-placek-sopot","13":"product_tag-piernik","14":"product_tag-piernik-z-dynia","16":"entry","17":"has-media","19":"first","20":"instock","21":"shipping-taxable","22":"product-type-variable","23":"has-default-attributes","24":"has-product-nav","25":"col","26":"span_1_of_4","27":"owp-content-center","28":"owp-thumbs-layout-horizontal","29":"owp-btn-normal","30":"owp-tabs-layout-horizontal"},"acf":[],"_links":{"self":[{"href":"https:\/\/jacekplacek.com.pl\/cs\/wp-json\/wp\/v2\/product\/14575","targetHints":{"allow":["GET"]}}],"collection":[{"href":"https:\/\/jacekplacek.com.pl\/cs\/wp-json\/wp\/v2\/product"}],"about":[{"href":"https:\/\/jacekplacek.com.pl\/cs\/wp-json\/wp\/v2\/types\/product"}],"replies":[{"embeddable":true,"href":"https:\/\/jacekplacek.com.pl\/cs\/wp-json\/wp\/v2\/comments?post=14575"}],"wp:featuredmedia":[{"embeddable":true,"href":"https:\/\/jacekplacek.com.pl\/cs\/wp-json\/wp\/v2\/media\/14731"}],"wp:attachment":[{"href":"https:\/\/jacekplacek.com.pl\/cs\/wp-json\/wp\/v2\/media?parent=14575"}],"wp:term":[{"taxonomy":"product_brand","embeddable":true,"href":"https:\/\/jacekplacek.com.pl\/cs\/wp-json\/wp\/v2\/product_brand?post=14575"},{"taxonomy":"product_cat","embeddable":true,"href":"https:\/\/jacekplacek.com.pl\/cs\/wp-json\/wp\/v2\/product_cat?post=14575"},{"taxonomy":"product_tag","embeddable":true,"href":"https:\/\/jacekplacek.com.pl\/cs\/wp-json\/wp\/v2\/product_tag?post=14575"}],"curies":[{"name":"wp","href":"https:\/\/api.w.org\/{rel}","templated":true}]}}