{"id":14572,"date":"2024-11-14T15:11:59","date_gmt":"2024-11-14T14:11:59","guid":{"rendered":"https:\/\/jacekplacek.com.pl\/?post_type=product&#038;p=14572"},"modified":"2025-11-18T18:31:21","modified_gmt":"2025-11-18T17:31:21","slug":"mrkvovy-pernik","status":"publish","type":"product","link":"https:\/\/jacekplacek.com.pl\/cs\/obchod\/babki-i-makowce\/mrkvovy-pernik\/","title":{"rendered":"Pern\u00edk Mrkev"},"content":{"rendered":"<p>N\u00e1\u0161 <strong>Mrkvov\u00fd pern\u00edk<\/strong> je jedine\u010dn\u00fd pe\u010den\u00fd v\u00fdrobek, kter\u00fd kombinuje ko\u0159enit\u00e9 v\u016fn\u011b s p\u0159irozenou sladkost\u00ed mrkve a dod\u00e1v\u00e1 tradi\u010dn\u00ed v\u00e1no\u010dn\u00ed chuti lehkost a trochu sv\u011b\u017eesti. Tento pern\u00edk je skv\u011blou volbou pro ty, kte\u0159\u00ed cht\u011bj\u00ed n\u011bco nov\u00e9ho, ale p\u0159esto maj\u00ed bl\u00edzko k v\u00e1no\u010dn\u00ed klasice.<\/p>\n<p>\u010cerstv\u00e1 mrkev dod\u00e1v\u00e1 pern\u00edku jemnou sladkost a p\u0159irozenou v\u016fni, zv\u00fdraz\u0148uje jeho vlhkost a nav\u00edc jako v\u00fdborn\u00fd zdroj vl\u00e1kniny podporuje tr\u00e1ven\u00ed a d\u011bl\u00e1 z tohoto pe\u010den\u00e9ho dobrotu zdravou alternativu na dovolenou. N\u00e1dech sko\u0159ice, h\u0159eb\u00ed\u010dku a \u0161petka z\u00e1zvoru vytv\u00e1\u0159\u00ed dokonale vyv\u00e1\u017eenou chu\u0165, kter\u00e1 napln\u00ed v\u00e1\u0161 domov v\u016fn\u00ed V\u00e1noc.<\/p>\n<p>&nbsp;<\/p>","protected":false},"excerpt":{"rendered":"<p><strong>Mrkvov\u00fd pern\u00edk<\/strong> Dob\u0159e poslou\u017e\u00ed jako lahodn\u00fd v\u00e1no\u010dn\u00ed dezert, d\u00e1rek pro bl\u00edzk\u00e9 nebo zdrav\u00e1 sva\u010dina na zimn\u00ed ve\u010dery. Spojen\u00ed tradice s n\u00e1dechem moderny z n\u011bj d\u011bl\u00e1 perfektn\u00ed volbu pro leto\u0161n\u00ed sv\u00e1tky!<\/p>","protected":false},"featured_media":14738,"comment_status":"closed","ping_status":"closed","template":"","meta":{"content-type":""},"product_brand":[],"product_cat":[907,81],"product_tag":[845,444,446,445,449,95,435],"class_list":{"0":"post-14572","1":"product","2":"type-product","3":"status-publish","4":"has-post-thumbnail","6":"product_cat-ciasta-swiateczne","7":"product_cat-babki-i-makowce","8":"product_tag-ciasto-dyniowe","9":"product_tag-cukiernia-jacek-placek","10":"product_tag-jacek-placek-gdansk","11":"product_tag-jacek-placek-gowino","12":"product_tag-jacek-placek-sopot","13":"product_tag-piernik","14":"product_tag-piernik-z-dynia","16":"entry","17":"has-media","19":"first","20":"instock","21":"shipping-taxable","22":"product-type-variable","23":"has-default-attributes","24":"has-product-nav","25":"col","26":"span_1_of_4","27":"owp-content-center","28":"owp-thumbs-layout-horizontal","29":"owp-btn-normal","30":"owp-tabs-layout-horizontal"},"acf":[],"_links":{"self":[{"href":"https:\/\/jacekplacek.com.pl\/cs\/wp-json\/wp\/v2\/product\/14572","targetHints":{"allow":["GET"]}}],"collection":[{"href":"https:\/\/jacekplacek.com.pl\/cs\/wp-json\/wp\/v2\/product"}],"about":[{"href":"https:\/\/jacekplacek.com.pl\/cs\/wp-json\/wp\/v2\/types\/product"}],"replies":[{"embeddable":true,"href":"https:\/\/jacekplacek.com.pl\/cs\/wp-json\/wp\/v2\/comments?post=14572"}],"wp:featuredmedia":[{"embeddable":true,"href":"https:\/\/jacekplacek.com.pl\/cs\/wp-json\/wp\/v2\/media\/14738"}],"wp:attachment":[{"href":"https:\/\/jacekplacek.com.pl\/cs\/wp-json\/wp\/v2\/media?parent=14572"}],"wp:term":[{"taxonomy":"product_brand","embeddable":true,"href":"https:\/\/jacekplacek.com.pl\/cs\/wp-json\/wp\/v2\/product_brand?post=14572"},{"taxonomy":"product_cat","embeddable":true,"href":"https:\/\/jacekplacek.com.pl\/cs\/wp-json\/wp\/v2\/product_cat?post=14572"},{"taxonomy":"product_tag","embeddable":true,"href":"https:\/\/jacekplacek.com.pl\/cs\/wp-json\/wp\/v2\/product_tag?post=14572"}],"curies":[{"name":"wp","href":"https:\/\/api.w.org\/{rel}","templated":true}]}}