{"id":14563,"date":"2024-11-14T14:19:51","date_gmt":"2024-11-14T13:19:51","guid":{"rendered":"https:\/\/jacekplacek.com.pl\/?post_type=product&#038;p=14563"},"modified":"2025-12-16T15:38:39","modified_gmt":"2025-12-16T14:38:39","slug":"keto-pernik-s-brezovym-cukrem","status":"publish","type":"product","link":"https:\/\/jacekplacek.com.pl\/cs\/obchod\/cookies-a-cookies\/cookies\/keto-pernik-s-brezovym-cukrem\/","title":{"rendered":"Keto pern\u00edk s b\u0159ezov\u00fdm cukrem"},"content":{"rendered":"<p><b>Pern\u00ed\u010dky <\/b>ide\u00e1ln\u00ed pro lidi, kte\u0159\u00ed se staraj\u00ed o svou postavu, zdrav\u00ed a chu\u0165ov\u00e9 vjemy!<\/p>\n<ul>\n<li><strong>\u017d\u00e1dn\u00fd cukr<\/strong> \u2013 slazeno p\u0159\u00edrodn\u00edm b\u0159ezov\u00fdm cukrem (xylitol), kter\u00fd m\u00e1 n\u00edzk\u00fd glykemick\u00fd index.\u00a0<span style=\"font-weight: 400;\">\u010cokol\u00e1dov\u00e1 poleva bez cukru!<\/span><\/li>\n<li><span style=\"font-weight: 400;\">Hmotnost t\u011bsta<strong> z kokosov\u00e9 a mandlov\u00e9 mouky<\/strong>.<\/span><\/li>\n<li><strong>Ide\u00e1ln\u00ed pro ketogenn\u00ed dietu<\/strong> \u2013 n\u00edzk\u00fd obsah sacharid\u016f a vysok\u00fd obsah zdrav\u00fdch tuk\u016f.<\/li>\n<li><strong>Tradi\u010dn\u00ed chu\u0165<\/strong> \u2013 pikantn\u00ed ko\u0159en\u00ed jako sko\u0159ice, z\u00e1zvor a h\u0159eb\u00ed\u010dek navod\u00ed pravou v\u00e1no\u010dn\u00ed atmosf\u00e9ru.<\/li>\n<li><strong>Sn\u00ed\u017een\u00fd obsah lepku<\/strong>\u00a0\u2013 vhodn\u00e9 pro osoby vyh\u00fdbaj\u00edc\u00ed se lepku.<\/li>\n<\/ul>\n<p>&nbsp;<\/p>\n<p>&nbsp;<\/p>","protected":false},"excerpt":{"rendered":"<p>Tyto k\u0159upav\u00e9 aromatick\u00e9 pern\u00ed\u010dky se skv\u011ble hod\u00ed na v\u00e1no\u010dn\u00ed st\u016fl, jako zdrav\u00e1 sva\u010dina nebo d\u00e1rek pro va\u0161e bl\u00edzk\u00e9. Dodejte sv\u00fdm V\u00e1noc\u016fm kouzlo sv\u00fdm v\u00fdb\u011brem <strong>Keto pern\u00ed\u010dky s b\u0159ezov\u00fdm cukrem<\/strong> \u2013 tradice v modern\u00ed, zdrav\u00e9 verzi!<\/p>","protected":false},"featured_media":14566,"comment_status":"closed","ping_status":"closed","template":"","meta":{"content-type":""},"product_brand":[],"product_cat":[400,121],"product_tag":[664,844,431,843,102,99,444,446,445,449,430,95,98],"class_list":{"0":"post-14563","1":"product","2":"type-product","3":"status-publish","4":"has-post-thumbnail","6":"product_cat-ciastka-i-ciasteczka","7":"product_cat-ciasteczka","8":"product_tag-ciasta-na-boze-narodzenie","9":"product_tag-ciasteczka-keto","10":"product_tag-ciasteczka-korzenne","11":"product_tag-ciasto-keto","12":"product_tag-ciasto-korzenne","13":"product_tag-ciasto-swiateczne","14":"product_tag-cukiernia-jacek-placek","15":"product_tag-jacek-placek-gdansk","16":"product_tag-jacek-placek-gowino","17":"product_tag-jacek-placek-sopot","18":"product_tag-pierniczki","19":"product_tag-piernik","20":"product_tag-swieta","22":"entry","23":"has-media","25":"first","26":"outofstock","27":"shipping-taxable","28":"product-type-variable","29":"has-product-nav","30":"col","31":"span_1_of_4","32":"owp-content-center","33":"owp-thumbs-layout-horizontal","34":"owp-btn-normal","35":"owp-tabs-layout-horizontal"},"acf":[],"_links":{"self":[{"href":"https:\/\/jacekplacek.com.pl\/cs\/wp-json\/wp\/v2\/product\/14563","targetHints":{"allow":["GET"]}}],"collection":[{"href":"https:\/\/jacekplacek.com.pl\/cs\/wp-json\/wp\/v2\/product"}],"about":[{"href":"https:\/\/jacekplacek.com.pl\/cs\/wp-json\/wp\/v2\/types\/product"}],"replies":[{"embeddable":true,"href":"https:\/\/jacekplacek.com.pl\/cs\/wp-json\/wp\/v2\/comments?post=14563"}],"wp:featuredmedia":[{"embeddable":true,"href":"https:\/\/jacekplacek.com.pl\/cs\/wp-json\/wp\/v2\/media\/14566"}],"wp:attachment":[{"href":"https:\/\/jacekplacek.com.pl\/cs\/wp-json\/wp\/v2\/media?parent=14563"}],"wp:term":[{"taxonomy":"product_brand","embeddable":true,"href":"https:\/\/jacekplacek.com.pl\/cs\/wp-json\/wp\/v2\/product_brand?post=14563"},{"taxonomy":"product_cat","embeddable":true,"href":"https:\/\/jacekplacek.com.pl\/cs\/wp-json\/wp\/v2\/product_cat?post=14563"},{"taxonomy":"product_tag","embeddable":true,"href":"https:\/\/jacekplacek.com.pl\/cs\/wp-json\/wp\/v2\/product_tag?post=14563"}],"curies":[{"name":"wp","href":"https:\/\/api.w.org\/{rel}","templated":true}]}}