{"id":1442,"date":"2020-11-30T13:57:27","date_gmt":"2020-11-30T12:57:27","guid":{"rendered":"https:\/\/jacekplacek.com.pl\/?post_type=product&#038;p=1442"},"modified":"2025-11-18T18:27:37","modified_gmt":"2025-11-18T17:27:37","slug":"ovocnydort","status":"publish","type":"product","link":"https:\/\/jacekplacek.com.pl\/cs\/obchod\/babki-i-makowce\/ovocnydort\/","title":{"rendered":"ovocn\u00fddort"},"content":{"rendered":"<p><strong>Keks je nesporn\u00fdm kr\u00e1lem dlouh\u00fdch p\u00edskov\u00fdch dort\u016f. Na jeho po\u010dest naz\u00fdv\u00e1me \u00fazk\u00e9 pek\u00e1\u010de: o\u0161atky. A to mno\u017estv\u00ed su\u0161en\u00e9ho ovoce\u2026<\/strong><\/p>\n<p><span style=\"font-weight: 400;\">Pamatujete na babi\u010dky ve st\u0159\u00edbrn\u00fdch form\u00e1ch? Pod\u011bkovali jsme hlin\u00edkov\u00fdm form\u00e1m a dorty pro v\u00e1s bal\u00edme do kartonov\u00fdch, p\u0159\u00edrod\u011b bl\u00edzk\u00fdch obal\u016f.<\/span><\/p>\n<p><span style=\"font-weight: 400;\">Milovn\u00edky cupcake\u016f pot\u011b\u0161\u00ed jejich v\u00fdb\u011br v na\u0161\u00ed cukr\u00e1rn\u011b -\u00a0<a href=\"https:\/\/jacekplacek.com.pl\/cs\/kategorie-produktu\/babicka\/\" target=\"_blank\" rel=\"noopener\">oh tady...<\/a><\/span><\/p>\n<p>&nbsp;<\/p>","protected":false},"excerpt":{"rendered":"<p><span style=\"font-weight: 400;\">Klasick\u00fd podlouhl\u00fd p\u00edskov\u00fd dort se su\u0161en\u00fdm ovocem, citronovou \u0161\u0165\u00e1vou a k\u016frou.<\/span><\/p>","protected":false},"featured_media":11693,"comment_status":"closed","ping_status":"closed","template":"","meta":{"content-type":""},"product_brand":[],"product_cat":[81,907],"product_tag":[322,472,213,444,446,445,449,326],"class_list":{"0":"post-1442","1":"product","2":"type-product","3":"status-publish","4":"has-post-thumbnail","6":"product_cat-babki-i-makowce","7":"product_cat-ciasta-swiateczne","8":"product_tag-babka","9":"product_tag-babka-piaskowa","10":"product_tag-bakalie","11":"product_tag-cukiernia-jacek-placek","12":"product_tag-jacek-placek-gdansk","13":"product_tag-jacek-placek-gowino","14":"product_tag-jacek-placek-sopot","15":"product_tag-keks","17":"entry","18":"has-media","20":"first","21":"instock","22":"shipping-taxable","23":"product-type-variable","24":"has-default-attributes","25":"has-product-nav","26":"col","27":"span_1_of_4","28":"owp-content-center","29":"owp-thumbs-layout-horizontal","30":"owp-btn-normal","31":"owp-tabs-layout-horizontal"},"acf":[],"_links":{"self":[{"href":"https:\/\/jacekplacek.com.pl\/cs\/wp-json\/wp\/v2\/product\/1442","targetHints":{"allow":["GET"]}}],"collection":[{"href":"https:\/\/jacekplacek.com.pl\/cs\/wp-json\/wp\/v2\/product"}],"about":[{"href":"https:\/\/jacekplacek.com.pl\/cs\/wp-json\/wp\/v2\/types\/product"}],"replies":[{"embeddable":true,"href":"https:\/\/jacekplacek.com.pl\/cs\/wp-json\/wp\/v2\/comments?post=1442"}],"wp:featuredmedia":[{"embeddable":true,"href":"https:\/\/jacekplacek.com.pl\/cs\/wp-json\/wp\/v2\/media\/11693"}],"wp:attachment":[{"href":"https:\/\/jacekplacek.com.pl\/cs\/wp-json\/wp\/v2\/media?parent=1442"}],"wp:term":[{"taxonomy":"product_brand","embeddable":true,"href":"https:\/\/jacekplacek.com.pl\/cs\/wp-json\/wp\/v2\/product_brand?post=1442"},{"taxonomy":"product_cat","embeddable":true,"href":"https:\/\/jacekplacek.com.pl\/cs\/wp-json\/wp\/v2\/product_cat?post=1442"},{"taxonomy":"product_tag","embeddable":true,"href":"https:\/\/jacekplacek.com.pl\/cs\/wp-json\/wp\/v2\/product_tag?post=1442"}],"curies":[{"name":"wp","href":"https:\/\/api.w.org\/{rel}","templated":true}]}}