{"id":14360,"date":"2024-10-17T11:28:38","date_gmt":"2024-10-17T09:28:38","guid":{"rendered":"https:\/\/jacekplacek.com.pl\/?post_type=product&#038;p=14360"},"modified":"2025-11-18T18:31:21","modified_gmt":"2025-11-18T17:31:21","slug":"mrkvovy-kolac-2","status":"publish","type":"product","link":"https:\/\/jacekplacek.com.pl\/cs\/obchod\/ovocne-kolace\/mrkvovy-kolac-2\/","title":{"rendered":"D\u00fd\u0148ov\u00fd dort s kardamomem"},"content":{"rendered":"<p>Klasick\u00e1 d\u00fdn\u011b v nov\u00e9 verzi, obohacen\u00e1 o aromatick\u00fd kardamom. Tento dort je kvintesenc\u00ed podzimn\u00edch chut\u00ed \u2013 vlhk\u00fd, jemn\u00fd a s v\u00fdrazn\u00fdm n\u00e1dechem ko\u0159en\u00ed. Skv\u011ble se hod\u00ed k hork\u00e9 k\u00e1v\u011b nebo \u010daji.<\/p>","protected":false},"excerpt":{"rendered":"<p><span data-sheets-root=\"1\">Klasick\u00e1 d\u00fdn\u011b v nov\u00e9 verzi, obohacen\u00e1 o aromatick\u00fd kardamom a kr\u00e9m z mascarpone. Tento dort je kvintesenc\u00ed podzimn\u00edch chut\u00ed \u2013 vlhk\u00fd, jemn\u00fd a s v\u00fdrazn\u00fdm n\u00e1dechem ko\u0159en\u00ed.<\/span><\/p>","protected":false},"featured_media":14366,"comment_status":"closed","ping_status":"closed","template":"","meta":{"content-type":""},"product_brand":[],"product_cat":[907,74],"product_tag":[380,444,446,445,449,280,382],"class_list":{"0":"post-14360","1":"product","2":"type-product","3":"status-publish","4":"has-post-thumbnail","6":"product_cat-ciasta-swiateczne","7":"product_cat-ciasta-owocowe","8":"product_tag-ciasto","9":"product_tag-cukiernia-jacek-placek","10":"product_tag-jacek-placek-gdansk","11":"product_tag-jacek-placek-gowino","12":"product_tag-jacek-placek-sopot","13":"product_tag-marchewka","14":"product_tag-marchewkowe","16":"entry","17":"has-media","19":"first","20":"instock","21":"shipping-taxable","22":"product-type-variable","23":"has-product-nav","24":"col","25":"span_1_of_4","26":"owp-content-center","27":"owp-thumbs-layout-horizontal","28":"owp-btn-normal","29":"owp-tabs-layout-horizontal"},"acf":[],"_links":{"self":[{"href":"https:\/\/jacekplacek.com.pl\/cs\/wp-json\/wp\/v2\/product\/14360","targetHints":{"allow":["GET"]}}],"collection":[{"href":"https:\/\/jacekplacek.com.pl\/cs\/wp-json\/wp\/v2\/product"}],"about":[{"href":"https:\/\/jacekplacek.com.pl\/cs\/wp-json\/wp\/v2\/types\/product"}],"replies":[{"embeddable":true,"href":"https:\/\/jacekplacek.com.pl\/cs\/wp-json\/wp\/v2\/comments?post=14360"}],"wp:featuredmedia":[{"embeddable":true,"href":"https:\/\/jacekplacek.com.pl\/cs\/wp-json\/wp\/v2\/media\/14366"}],"wp:attachment":[{"href":"https:\/\/jacekplacek.com.pl\/cs\/wp-json\/wp\/v2\/media?parent=14360"}],"wp:term":[{"taxonomy":"product_brand","embeddable":true,"href":"https:\/\/jacekplacek.com.pl\/cs\/wp-json\/wp\/v2\/product_brand?post=14360"},{"taxonomy":"product_cat","embeddable":true,"href":"https:\/\/jacekplacek.com.pl\/cs\/wp-json\/wp\/v2\/product_cat?post=14360"},{"taxonomy":"product_tag","embeddable":true,"href":"https:\/\/jacekplacek.com.pl\/cs\/wp-json\/wp\/v2\/product_tag?post=14360"}],"curies":[{"name":"wp","href":"https:\/\/api.w.org\/{rel}","templated":true}]}}