{"id":11963,"date":"2024-01-18T11:49:22","date_gmt":"2024-01-18T10:49:22","guid":{"rendered":"https:\/\/jacekplacek.com.pl\/?post_type=product&#038;p=11963"},"modified":"2025-11-18T18:31:05","modified_gmt":"2025-11-18T17:31:05","slug":"boruvkovo-jogurtove-muffiny-12","status":"publish","type":"product","link":"https:\/\/jacekplacek.com.pl\/cs\/obchod\/kremove-dorty\/boruvkovo-jogurtove-muffiny-12\/","title":{"rendered":"Sada sladk\u00fdch bal\u00ed\u010dk\u016f \u2013 pro firmy"},"content":{"rendered":"<p><b>Sladk\u00fd bal\u00ed\u010dek<\/b><span style=\"font-weight: 400;\"> je 24 nakr\u00e1jen\u00fdch porc\u00ed t\u011bsta v cupcake vlo\u017ek\u00e1ch o pr\u016fm\u011brn\u00e9 hmotnosti 1,90 kg (v jednotliv\u00fdch pergamenov\u00fdch obalech). Sada obsahuje 3 druhy dort\u016f, uspo\u0159\u00e1dan\u00e9 na vyhrazen\u00e9m t\u00e1cu, v ochrann\u00e9m boxu.<\/span><\/p>\n<p><span style=\"font-weight: 400;\">Do sad vyb\u00edr\u00e1me dorty, kter\u00e9 lze skladovat p\u0159i pokojov\u00e9 teplot\u011b po cel\u00fd den, p\u0159\u00edpadn\u011b i v lednici <\/span><b>5 dn\u00ed!<\/b><\/p>\n<div class=\"x1e56ztr\" data-block=\"true\" data-editor=\"9812b\" data-offset-key=\"atun-0-0\"><\/div>\n<div class=\"x1e56ztr\" data-block=\"true\" data-editor=\"9812b\" data-offset-key=\"clmd4-0-0\">\n<div class=\"_1mf _1mj\" data-offset-key=\"clmd4-0-0\"><span data-offset-key=\"clmd4-0-0\"> Jedn\u00e1 se o ide\u00e1ln\u00ed nab\u00eddku pro firmy a pracovi\u0161t\u011b, kde se \u010dasto po\u0159\u00e1d\u00e1 sladk\u00e9 ob\u010derstven\u00ed pro zam\u011bstnance a hosty. <\/span>Na\u0161e sada obsahuje hotov\u00e9 nakr\u00e1jen\u00e9 kousky dortu, kter\u00e9 sta\u010d\u00ed popadnout a sn\u00edst.<\/div>\n<\/div>\n<div class=\"x1e56ztr\" data-block=\"true\" data-editor=\"9812b\" data-offset-key=\"54kc3-0-0\">\n<div class=\"_1mf _1mj\" data-offset-key=\"54kc3-0-0\"><span data-offset-key=\"54kc3-0-0\">Ka\u017ed\u00fd t\u00fdden nab\u00edz\u00edme r\u016fzn\u00e9 druhy pe\u010diva v bal\u00ed\u010dku - s<\/span><span data-offset-key=\"2709o-0-0\">Zveme v\u00e1s, abyste vyu\u017eili na\u0161\u00ed nov\u00e9 nab\u00eddky a kontaktujte cake@jacekplacek.com.pl.<\/span><\/div>\n<\/div>","protected":false},"excerpt":{"rendered":"<p><span style=\"font-weight: 400;\"><b>Sladk\u00fd bal\u00ed\u010dek<\/b> to je 24 porc\u00ed t\u011bsta ve vlo\u017ek\u00e1ch na ko\u0161\u00ed\u010dky - tolik jako <\/span><span style=\"font-weight: 400;\">3 r\u016fzn\u00e9 p\u0159\u00edchut\u011b \u2013 ka\u017ed\u00fd si najde to sv\u00e9!\u00a0<\/span><span style=\"font-weight: 400;\">Ka\u017ed\u00fd t\u00fdden jin\u00e9 p\u0159\u00edchut\u011b! Objednejte si p\u0159edplatn\u00e9 va\u0161\u00ed spole\u010dnosti je\u0161t\u011b dnes \u2013 sklep@jacekplacek.com.pl.\u00a0<\/span><\/p>","protected":false},"featured_media":11969,"comment_status":"closed","ping_status":"closed","template":"","meta":{"content-type":""},"product_brand":[],"product_cat":[398],"product_tag":[805,804,444,803,446,445,449,801,802],"class_list":{"0":"post-11963","1":"product","2":"type-product","3":"status-publish","4":"has-post-thumbnail","6":"product_cat-ciasta-kremowe","7":"product_tag-abonament-ciast","8":"product_tag-ciasto-do-firm","9":"product_tag-cukiernia-jacek-placek","10":"product_tag-dla-firm","11":"product_tag-jacek-placek-gdansk","12":"product_tag-jacek-placek-gowino","13":"product_tag-jacek-placek-sopot","14":"product_tag-zestaw-ciast","15":"product_tag-zestaw-dla-firm","17":"entry","18":"has-media","20":"first","21":"instock","22":"shipping-taxable","23":"product-type-simple","24":"has-product-nav","25":"col","26":"span_1_of_4","27":"owp-content-center","28":"owp-thumbs-layout-horizontal","29":"owp-btn-normal","30":"owp-tabs-layout-horizontal"},"acf":[],"_links":{"self":[{"href":"https:\/\/jacekplacek.com.pl\/cs\/wp-json\/wp\/v2\/product\/11963","targetHints":{"allow":["GET"]}}],"collection":[{"href":"https:\/\/jacekplacek.com.pl\/cs\/wp-json\/wp\/v2\/product"}],"about":[{"href":"https:\/\/jacekplacek.com.pl\/cs\/wp-json\/wp\/v2\/types\/product"}],"replies":[{"embeddable":true,"href":"https:\/\/jacekplacek.com.pl\/cs\/wp-json\/wp\/v2\/comments?post=11963"}],"wp:featuredmedia":[{"embeddable":true,"href":"https:\/\/jacekplacek.com.pl\/cs\/wp-json\/wp\/v2\/media\/11969"}],"wp:attachment":[{"href":"https:\/\/jacekplacek.com.pl\/cs\/wp-json\/wp\/v2\/media?parent=11963"}],"wp:term":[{"taxonomy":"product_brand","embeddable":true,"href":"https:\/\/jacekplacek.com.pl\/cs\/wp-json\/wp\/v2\/product_brand?post=11963"},{"taxonomy":"product_cat","embeddable":true,"href":"https:\/\/jacekplacek.com.pl\/cs\/wp-json\/wp\/v2\/product_cat?post=11963"},{"taxonomy":"product_tag","embeddable":true,"href":"https:\/\/jacekplacek.com.pl\/cs\/wp-json\/wp\/v2\/product_tag?post=11963"}],"curies":[{"name":"wp","href":"https:\/\/api.w.org\/{rel}","templated":true}]}}