{"id":11932,"date":"2024-01-16T09:16:28","date_gmt":"2024-01-16T08:16:28","guid":{"rendered":"https:\/\/jacekplacek.com.pl\/?post_type=product&#038;p=11932"},"modified":"2025-11-18T18:31:04","modified_gmt":"2025-11-18T17:31:04","slug":"boruvkovo-jogurtove-muffiny-11","status":"publish","type":"product","link":"https:\/\/jacekplacek.com.pl\/cs\/obchod\/cookies-a-cookies\/umelecke-dorty\/boruvkovo-jogurtove-muffiny-11\/","title":{"rendered":"Mini kobliha s advocaatem"},"content":{"rendered":"<p>Je\u015bli masz ochot\u0119 na s\u0142odkie dwa k\u0119sy, zw\u0142aszcza &#8222;na wynos&#8221;, mini p\u0105czek z advokatem jest do tego stworzony!<\/p>\n<p>Hmotnost cca 60g.<\/p>\n<p>&nbsp;<\/p>","protected":false},"excerpt":{"rendered":"<p>Mini p\u0105czek z advokatem.<\/p>\n<p>Hmotnost cca 60g.<\/p>","protected":false},"featured_media":11943,"comment_status":"closed","ping_status":"closed","template":"","meta":{"content-type":""},"product_brand":[],"product_cat":[83],"product_tag":[145,432,444,446,445,449,148,433,149,151],"class_list":{"0":"post-11932","1":"product","2":"type-product","3":"status-publish","4":"has-post-thumbnail","6":"product_cat-ciastka-sztukowe","7":"product_tag-babeczki","8":"product_tag-babeczki-jogurtowe","9":"product_tag-cukiernia-jacek-placek","10":"product_tag-jacek-placek-gdansk","11":"product_tag-jacek-placek-gowino","12":"product_tag-jacek-placek-sopot","13":"product_tag-muffiny","14":"product_tag-mufinki-jogurtowe","15":"product_tag-mufiny","16":"product_tag-mufiny-jasne","18":"entry","19":"has-media","21":"first","22":"outofstock","23":"shipping-taxable","24":"product-type-simple","25":"has-product-nav","26":"col","27":"span_1_of_4","28":"owp-content-center","29":"owp-thumbs-layout-horizontal","30":"owp-btn-normal","31":"owp-tabs-layout-horizontal"},"acf":[],"_links":{"self":[{"href":"https:\/\/jacekplacek.com.pl\/cs\/wp-json\/wp\/v2\/product\/11932","targetHints":{"allow":["GET"]}}],"collection":[{"href":"https:\/\/jacekplacek.com.pl\/cs\/wp-json\/wp\/v2\/product"}],"about":[{"href":"https:\/\/jacekplacek.com.pl\/cs\/wp-json\/wp\/v2\/types\/product"}],"replies":[{"embeddable":true,"href":"https:\/\/jacekplacek.com.pl\/cs\/wp-json\/wp\/v2\/comments?post=11932"}],"wp:featuredmedia":[{"embeddable":true,"href":"https:\/\/jacekplacek.com.pl\/cs\/wp-json\/wp\/v2\/media\/11943"}],"wp:attachment":[{"href":"https:\/\/jacekplacek.com.pl\/cs\/wp-json\/wp\/v2\/media?parent=11932"}],"wp:term":[{"taxonomy":"product_brand","embeddable":true,"href":"https:\/\/jacekplacek.com.pl\/cs\/wp-json\/wp\/v2\/product_brand?post=11932"},{"taxonomy":"product_cat","embeddable":true,"href":"https:\/\/jacekplacek.com.pl\/cs\/wp-json\/wp\/v2\/product_cat?post=11932"},{"taxonomy":"product_tag","embeddable":true,"href":"https:\/\/jacekplacek.com.pl\/cs\/wp-json\/wp\/v2\/product_tag?post=11932"}],"curies":[{"name":"wp","href":"https:\/\/api.w.org\/{rel}","templated":true}]}}