{"id":11930,"date":"2024-01-16T09:16:23","date_gmt":"2024-01-16T08:16:23","guid":{"rendered":"https:\/\/jacekplacek.com.pl\/?post_type=product&#038;p=11930"},"modified":"2025-11-18T18:31:04","modified_gmt":"2025-11-18T17:31:04","slug":"boruvkovo-jogurtove-muffiny-9","status":"publish","type":"product","link":"https:\/\/jacekplacek.com.pl\/cs\/obchod\/cookies-a-cookies\/umelecke-dorty\/boruvkovo-jogurtove-muffiny-9\/","title":{"rendered":"Mini donut s n\u00e1pln\u00ed z malin a r\u016f\u017e\u00ed"},"content":{"rendered":"<p>Pokud tou\u017e\u00edte po sladk\u00e9m dvoukusov\u00e9m dobr\u016ftku, zvl\u00e1\u0161t\u011b \u201ena cest\u00e1ch\u201c, mini donut s n\u00e1pln\u00ed z malinov\u00fdch r\u016f\u017e\u00ed je k tomu jako stvo\u0159en\u00fd!<\/p>\n<p>Hmotnost cca 60g.<\/p>\n<p>&nbsp;<\/p>","protected":false},"excerpt":{"rendered":"<p>Mini donut s n\u00e1pln\u00ed z malin a r\u016f\u017e\u00ed.<\/p>\n<p>Hmotnost cca 60g.<\/p>","protected":false},"featured_media":11937,"comment_status":"closed","ping_status":"closed","template":"","meta":{"content-type":""},"product_brand":[],"product_cat":[83],"product_tag":[444,446,445,449,791,797,457],"class_list":{"0":"post-11930","1":"product","2":"type-product","3":"status-publish","4":"has-post-thumbnail","6":"product_cat-ciastka-sztukowe","7":"product_tag-cukiernia-jacek-placek","8":"product_tag-jacek-placek-gdansk","9":"product_tag-jacek-placek-gowino","10":"product_tag-jacek-placek-sopot","11":"product_tag-paczek","12":"product_tag-paczek-z-nadzieniem-malinowym","13":"product_tag-tlusty-czwartek","15":"entry","16":"has-media","18":"first","19":"outofstock","20":"shipping-taxable","21":"product-type-simple","22":"has-product-nav","23":"col","24":"span_1_of_4","25":"owp-content-center","26":"owp-thumbs-layout-horizontal","27":"owp-btn-normal","28":"owp-tabs-layout-horizontal"},"acf":[],"_links":{"self":[{"href":"https:\/\/jacekplacek.com.pl\/cs\/wp-json\/wp\/v2\/product\/11930","targetHints":{"allow":["GET"]}}],"collection":[{"href":"https:\/\/jacekplacek.com.pl\/cs\/wp-json\/wp\/v2\/product"}],"about":[{"href":"https:\/\/jacekplacek.com.pl\/cs\/wp-json\/wp\/v2\/types\/product"}],"replies":[{"embeddable":true,"href":"https:\/\/jacekplacek.com.pl\/cs\/wp-json\/wp\/v2\/comments?post=11930"}],"wp:featuredmedia":[{"embeddable":true,"href":"https:\/\/jacekplacek.com.pl\/cs\/wp-json\/wp\/v2\/media\/11937"}],"wp:attachment":[{"href":"https:\/\/jacekplacek.com.pl\/cs\/wp-json\/wp\/v2\/media?parent=11930"}],"wp:term":[{"taxonomy":"product_brand","embeddable":true,"href":"https:\/\/jacekplacek.com.pl\/cs\/wp-json\/wp\/v2\/product_brand?post=11930"},{"taxonomy":"product_cat","embeddable":true,"href":"https:\/\/jacekplacek.com.pl\/cs\/wp-json\/wp\/v2\/product_cat?post=11930"},{"taxonomy":"product_tag","embeddable":true,"href":"https:\/\/jacekplacek.com.pl\/cs\/wp-json\/wp\/v2\/product_tag?post=11930"}],"curies":[{"name":"wp","href":"https:\/\/api.w.org\/{rel}","templated":true}]}}