{"id":11925,"date":"2024-01-16T09:10:24","date_gmt":"2024-01-16T08:10:24","guid":{"rendered":"https:\/\/jacekplacek.com.pl\/?post_type=product&#038;p=11925"},"modified":"2025-11-18T18:31:03","modified_gmt":"2025-11-18T17:31:03","slug":"boruvkovo-jogurtove-muffiny-4","status":"publish","type":"product","link":"https:\/\/jacekplacek.com.pl\/cs\/obchod\/cookies-a-cookies\/umelecke-dorty\/boruvkovo-jogurtove-muffiny-4\/","title":{"rendered":"Kobliha s n\u00e1pln\u00ed z malin a r\u016f\u017e\u00ed"},"content":{"rendered":"<p>Pokud tou\u017e\u00edte po sladk\u00e9m dvoukusov\u00e9m pochoutku, zvl\u00e1\u0161t\u011b \u201ena cest\u00e1ch\u201c, kobliha s malinovou r\u016f\u017e\u00ed je pro to ide\u00e1ln\u00ed!<\/p>\n<p>Hmotnost cca 110g.<\/p>\n<p>&nbsp;<\/p>","protected":false},"excerpt":{"rendered":"<p>Kobliha s n\u00e1pln\u00ed z malin a r\u016f\u017e\u00ed.<\/p>\n<p>Hmotnost cca 110g.<\/p>","protected":false},"featured_media":11936,"comment_status":"closed","ping_status":"closed","template":"","meta":{"content-type":""},"product_brand":[],"product_cat":[83],"product_tag":[444,446,445,449,791,796,797,457],"class_list":{"0":"post-11925","1":"product","2":"type-product","3":"status-publish","4":"has-post-thumbnail","6":"product_cat-ciastka-sztukowe","7":"product_tag-cukiernia-jacek-placek","8":"product_tag-jacek-placek-gdansk","9":"product_tag-jacek-placek-gowino","10":"product_tag-jacek-placek-sopot","11":"product_tag-paczek","12":"product_tag-paczek-malinowy","13":"product_tag-paczek-z-nadzieniem-malinowym","14":"product_tag-tlusty-czwartek","16":"entry","17":"has-media","19":"first","20":"outofstock","21":"shipping-taxable","22":"product-type-simple","23":"has-product-nav","24":"col","25":"span_1_of_4","26":"owp-content-center","27":"owp-thumbs-layout-horizontal","28":"owp-btn-normal","29":"owp-tabs-layout-horizontal"},"acf":[],"_links":{"self":[{"href":"https:\/\/jacekplacek.com.pl\/cs\/wp-json\/wp\/v2\/product\/11925","targetHints":{"allow":["GET"]}}],"collection":[{"href":"https:\/\/jacekplacek.com.pl\/cs\/wp-json\/wp\/v2\/product"}],"about":[{"href":"https:\/\/jacekplacek.com.pl\/cs\/wp-json\/wp\/v2\/types\/product"}],"replies":[{"embeddable":true,"href":"https:\/\/jacekplacek.com.pl\/cs\/wp-json\/wp\/v2\/comments?post=11925"}],"wp:featuredmedia":[{"embeddable":true,"href":"https:\/\/jacekplacek.com.pl\/cs\/wp-json\/wp\/v2\/media\/11936"}],"wp:attachment":[{"href":"https:\/\/jacekplacek.com.pl\/cs\/wp-json\/wp\/v2\/media?parent=11925"}],"wp:term":[{"taxonomy":"product_brand","embeddable":true,"href":"https:\/\/jacekplacek.com.pl\/cs\/wp-json\/wp\/v2\/product_brand?post=11925"},{"taxonomy":"product_cat","embeddable":true,"href":"https:\/\/jacekplacek.com.pl\/cs\/wp-json\/wp\/v2\/product_cat?post=11925"},{"taxonomy":"product_tag","embeddable":true,"href":"https:\/\/jacekplacek.com.pl\/cs\/wp-json\/wp\/v2\/product_tag?post=11925"}],"curies":[{"name":"wp","href":"https:\/\/api.w.org\/{rel}","templated":true}]}}