{"id":11227,"date":"2023-11-10T12:23:39","date_gmt":"2023-11-10T11:23:39","guid":{"rendered":"https:\/\/jacekplacek.com.pl\/?post_type=product&#038;p=11227"},"modified":"2025-11-18T18:31:05","modified_gmt":"2025-11-18T17:31:05","slug":"kralovsky-dort-2","status":"publish","type":"product","link":"https:\/\/jacekplacek.com.pl\/cs\/obchod\/torty_i_desery\/kolace-2\/kralovsky-dort-2\/","title":{"rendered":"Pusinkov\u00fd dort s malinami"},"content":{"rendered":"<p><span style=\"font-weight: 400;\">Perfektn\u00ed pusinkov\u00fd dort s mascarpone kr\u00e9mem a malinovou n\u00e1pln\u00ed. Toto je n\u00e1\u0161 nejobl\u00edben\u011bj\u0161\u00ed dort na b\u00e1zi pusinek! Kombinace malin a jemn\u00e9ho s\u00fdru mascarpone zaru\u010d\u00ed po\u017eitek pro mlsn\u00e9 jaz\u00fd\u010dky<\/span><span style=\"font-weight: 400;\">.<\/span><\/p>\n<p>Zdoben\u00ed dortu z\u00e1vis\u00ed na ro\u010dn\u00edm obdob\u00ed.<\/p>\n<p><span style=\"font-weight: 400;\">Doporu\u010dujeme v\u00e1m objednat si dort ve form\u011b d\u00e1rku s vyvolen\u00fdm <\/span><b>blahop\u0159\u00e1n\u00ed.<\/b><\/p>","protected":false},"excerpt":{"rendered":"<p><span data-sheets-root=\"1\">Tort bezowy z aksamitnym kremem mascarpone i intensywnym nadzieniem malinowym.<\/span><\/p>","protected":false},"featured_media":11233,"comment_status":"closed","ping_status":"closed","template":"","meta":{"content-type":""},"product_brand":[],"product_cat":[123],"product_tag":[747,166,176,309,730,733,731,746,732,734],"class_list":{"0":"post-11227","1":"product","2":"type-product","3":"status-publish","4":"has-post-thumbnail","6":"product_cat-torty","7":"product_tag-luksusowy-tort","8":"product_tag-tort","9":"product_tag-tort-czekoladowy","10":"product_tag-tort-krolewski","11":"product_tag-tort-na-urodziny","12":"product_tag-tort-naturalny","13":"product_tag-tort-urodzinowy","14":"product_tag-tort-z-czekolada-jadalne-zloto","15":"product_tag-torty-naturalne","16":"product_tag-zdrowy-sklad","18":"entry","19":"has-media","21":"first","22":"instock","23":"shipping-taxable","24":"product-type-variable","25":"has-product-nav","26":"col","27":"span_1_of_4","28":"owp-content-center","29":"owp-thumbs-layout-horizontal","30":"owp-btn-normal","31":"owp-tabs-layout-horizontal"},"acf":[],"_links":{"self":[{"href":"https:\/\/jacekplacek.com.pl\/cs\/wp-json\/wp\/v2\/product\/11227","targetHints":{"allow":["GET"]}}],"collection":[{"href":"https:\/\/jacekplacek.com.pl\/cs\/wp-json\/wp\/v2\/product"}],"about":[{"href":"https:\/\/jacekplacek.com.pl\/cs\/wp-json\/wp\/v2\/types\/product"}],"replies":[{"embeddable":true,"href":"https:\/\/jacekplacek.com.pl\/cs\/wp-json\/wp\/v2\/comments?post=11227"}],"wp:featuredmedia":[{"embeddable":true,"href":"https:\/\/jacekplacek.com.pl\/cs\/wp-json\/wp\/v2\/media\/11233"}],"wp:attachment":[{"href":"https:\/\/jacekplacek.com.pl\/cs\/wp-json\/wp\/v2\/media?parent=11227"}],"wp:term":[{"taxonomy":"product_brand","embeddable":true,"href":"https:\/\/jacekplacek.com.pl\/cs\/wp-json\/wp\/v2\/product_brand?post=11227"},{"taxonomy":"product_cat","embeddable":true,"href":"https:\/\/jacekplacek.com.pl\/cs\/wp-json\/wp\/v2\/product_cat?post=11227"},{"taxonomy":"product_tag","embeddable":true,"href":"https:\/\/jacekplacek.com.pl\/cs\/wp-json\/wp\/v2\/product_tag?post=11227"}],"curies":[{"name":"wp","href":"https:\/\/api.w.org\/{rel}","templated":true}]}}