{"id":11219,"date":"2023-11-09T16:12:40","date_gmt":"2023-11-09T15:12:40","guid":{"rendered":"https:\/\/jacekplacek.com.pl\/?post_type=product&#038;p=11219"},"modified":"2025-11-18T18:31:01","modified_gmt":"2025-11-18T17:31:01","slug":"mini-dort-cerveno-samet-18","status":"publish","type":"product","link":"https:\/\/jacekplacek.com.pl\/cs\/obchod\/torty_i_desery\/monoporcje-na-catering\/mini-dort-cerveno-samet-18\/","title":{"rendered":"Nano dort Royal Chocolate 6 kus\u016f"},"content":{"rendered":"<p><b>Royal Chocolate nano dort je skute\u010dnou lah\u016fdkou pro milovn\u00edky \u010dokol\u00e1dy.<\/b><\/p>\n<p><span style=\"font-weight: 400;\">Tato \u00fa\u017easn\u00e1 \u010dokol\u00e1dov\u00e1 p\u011bna z\u00edsk\u00e1v\u00e1 mimo\u0159\u00e1dn\u00e9 chut\u011b d\u00edky n\u00e1dechu bizon\u00edho s\u00fdra, kter\u00fd j\u00ed dod\u00e1v\u00e1 charakter a jedine\u010dnou hloubku chuti. Mezi vrstvami tohoto jedine\u010dn\u00e9ho dortu nav\u00edc najdete k\u0159upav\u00e9 b\u00e1bovi\u010dky, kter\u00e9 mu dod\u00e1vaj\u00ed jedine\u010dnou texturu.<\/span><\/p>\n<p><span style=\"font-weight: 400;\">T\u00edm ale p\u0159ekvapen\u00ed nekon\u010d\u00ed! Na\u0161e p\u011bna je pokryta jemn\u00fdm bor\u016fvkov\u00fdm a ryb\u00edzov\u00fdm d\u017eemem, kter\u00fd dod\u00e1v\u00e1 trochu sv\u011b\u017eesti a ovocn\u00e9ho kouzla. <\/span><b>Jedn\u00e1 se o dort, kter\u00fd nab\u00edz\u00ed harmonii sladkosti a v\u00fdrazn\u00e9 chuti v ka\u017ed\u00e9m soustu. P\u0159ij\u010fte do na\u0161\u00ed cukr\u00e1rny a dop\u0159ejte si nano dort Royal Chocolate!<\/b><\/p>\n<p>Dezert nejen na elegantn\u00ed stoly - perfektn\u00ed na oslavu jmenin, narozenin \u010di jin\u00fdch oslav doma nebo v pr\u00e1ci...<\/p>\n<p>Produkt dostupn\u00fd v\u00a0<strong>6 kus\u016f v hromadn\u00e9m balen\u00ed (6 kus\u016f cca 360g).<\/strong><\/p>","protected":false},"excerpt":{"rendered":"<p><span style=\"font-weight: 400;\">Jedn\u00e1 se o dort, kter\u00fd nab\u00edz\u00ed harmonii sladkosti a v\u00fdrazn\u00e9 chuti v ka\u017ed\u00e9m soustu. P\u0159ij\u010fte k n\u00e1m do cukr\u00e1rny a dop\u0159ejte si dort Royal Chocolate!<\/span><\/p>\n<p>Produkt dostupn\u00fd v\u00a0<strong>6 kus\u016f v hromadn\u00e9m balen\u00ed (6 kus\u016f cca 360g).<\/strong><\/p>","protected":false},"featured_media":11465,"comment_status":"closed","ping_status":"closed","template":"","meta":{"content-type":""},"product_brand":[],"product_cat":[693],"product_tag":[444,442,446,445,176,291,450,771],"class_list":{"0":"post-11219","1":"product","2":"type-product","3":"status-publish","4":"has-post-thumbnail","6":"product_cat-monoporcje-na-catering","7":"product_tag-cukiernia-jacek-placek","8":"product_tag-deser-jednoporcjowy","9":"product_tag-jacek-placek-gdansk","10":"product_tag-jacek-placek-gowino","11":"product_tag-tort-czekoladowy","12":"product_tag-tort-malinowy","13":"product_tag-tort-mini","14":"product_tag-tort-royal-chocolate","16":"entry","17":"has-media","19":"first","20":"instock","21":"shipping-taxable","22":"product-type-simple","23":"has-product-nav","24":"col","25":"span_1_of_4","26":"owp-content-center","27":"owp-thumbs-layout-horizontal","28":"owp-btn-normal","29":"owp-tabs-layout-horizontal"},"acf":[],"_links":{"self":[{"href":"https:\/\/jacekplacek.com.pl\/cs\/wp-json\/wp\/v2\/product\/11219","targetHints":{"allow":["GET"]}}],"collection":[{"href":"https:\/\/jacekplacek.com.pl\/cs\/wp-json\/wp\/v2\/product"}],"about":[{"href":"https:\/\/jacekplacek.com.pl\/cs\/wp-json\/wp\/v2\/types\/product"}],"replies":[{"embeddable":true,"href":"https:\/\/jacekplacek.com.pl\/cs\/wp-json\/wp\/v2\/comments?post=11219"}],"wp:featuredmedia":[{"embeddable":true,"href":"https:\/\/jacekplacek.com.pl\/cs\/wp-json\/wp\/v2\/media\/11465"}],"wp:attachment":[{"href":"https:\/\/jacekplacek.com.pl\/cs\/wp-json\/wp\/v2\/media?parent=11219"}],"wp:term":[{"taxonomy":"product_brand","embeddable":true,"href":"https:\/\/jacekplacek.com.pl\/cs\/wp-json\/wp\/v2\/product_brand?post=11219"},{"taxonomy":"product_cat","embeddable":true,"href":"https:\/\/jacekplacek.com.pl\/cs\/wp-json\/wp\/v2\/product_cat?post=11219"},{"taxonomy":"product_tag","embeddable":true,"href":"https:\/\/jacekplacek.com.pl\/cs\/wp-json\/wp\/v2\/product_tag?post=11219"}],"curies":[{"name":"wp","href":"https:\/\/api.w.org\/{rel}","templated":true}]}}