{"id":11215,"date":"2023-11-09T16:12:10","date_gmt":"2023-11-09T15:12:10","guid":{"rendered":"https:\/\/jacekplacek.com.pl\/?post_type=product&#038;p=11215"},"modified":"2025-11-18T18:30:59","modified_gmt":"2025-11-18T17:30:59","slug":"mini-dort-cerveno-samet-14","status":"publish","type":"product","link":"https:\/\/jacekplacek.com.pl\/cs\/obchod\/torty_i_desery\/monoporcje-na-catering\/mini-dort-cerveno-samet-14\/","title":{"rendered":"Nano dort s b\u00edlou \u010dokol\u00e1dou a malinami, 6 kus\u016f"},"content":{"rendered":"<p><b>Pot\u011b\u0161en\u00ed pro smysly \u2013 n\u00e1\u0161 nano dort s b\u00edlou \u010dokol\u00e1dou a malinami!<\/b><\/p>\n<p><span style=\"font-weight: 400;\">Jde o jemnou kr\u00e9movou p\u011bnu, kter\u00e1 kombinuje kr\u00e9mov\u011b b\u00edlou \u010dokol\u00e1du se \u0161\u0165avnat\u00fdmi malinami. Jedn\u00e1 se o spojen\u00ed chut\u00ed, kter\u00e9 pot\u011b\u0161\u00ed milovn\u00edky sladk\u00e9ho i ovoce. Srde\u010dn\u011b v\u00e1s zveme ochutnat chu\u0165 b\u00edl\u00e9ho \u010dokol\u00e1dov\u00e9ho a malinov\u00e9ho nano dortu.<\/span><\/p>\n<p><span style=\"font-weight: 400;\">Doporu\u010dujeme v\u00e1m objednat si dort ve form\u011b d\u00e1rku s vyvolen\u00fdm <\/span><b>blahop\u0159\u00e1n\u00ed<\/b><span style=\"font-weight: 400;\"> a sp\u00e1rov\u00e1n\u00ed <\/span><b>sv\u00ed\u010dky<\/b><span style=\"font-weight: 400;\">.<\/span><\/p>\n<p>Dezert nejen na elegantn\u00ed stoly - perfektn\u00ed na oslavu jmenin, narozenin \u010di jin\u00fdch oslav doma nebo v pr\u00e1ci...<\/p>\n<p>Produkt dostupn\u00fd v\u00a0<strong>6 kus\u016f v hromadn\u00e9m balen\u00ed (6 kus\u016f cca 360g).<\/strong><\/p>","protected":false},"excerpt":{"rendered":"<p><span style=\"font-weight: 400;\">Jemn\u00e1 kr\u00e9mov\u00e1 p\u011bna, kter\u00e1 kombinuje kr\u00e9mov\u011b b\u00edlou \u010dokol\u00e1du se \u0161\u0165avnat\u00fdmi malinami - kombinace chut\u00ed, kter\u00e1 v\u00e1s pot\u011b\u0161\u00ed! <\/span><\/p>\n<p>Produkt dostupn\u00fd v\u00a0<strong>6 kus\u016f v hromadn\u00e9m balen\u00ed (6 kus\u016f cca 360g).<\/strong><\/p>","protected":false},"featured_media":11477,"comment_status":"closed","ping_status":"closed","template":"","meta":{"content-type":""},"product_brand":[],"product_cat":[693],"product_tag":[444,763,442,446,445,736,291,450,735,762,738,759],"class_list":{"0":"post-11215","1":"product","2":"type-product","3":"status-publish","4":"has-post-thumbnail","6":"product_cat-monoporcje-na-catering","7":"product_tag-cukiernia-jacek-placek","8":"product_tag-deser-biala-czekolada","9":"product_tag-deser-jednoporcjowy","10":"product_tag-jacek-placek-gdansk","11":"product_tag-jacek-placek-gowino","12":"product_tag-tort-biala-czekolada","13":"product_tag-tort-malinowy","14":"product_tag-tort-mini","15":"product_tag-tort-owocowy","16":"product_tag-tort-z-biala-czekolada","17":"product_tag-tort-z-malinami","18":"product_tag-tort-z-owocami","20":"entry","21":"has-media","23":"first","24":"instock","25":"shipping-taxable","26":"product-type-simple","27":"has-product-nav","28":"col","29":"span_1_of_4","30":"owp-content-center","31":"owp-thumbs-layout-horizontal","32":"owp-btn-normal","33":"owp-tabs-layout-horizontal"},"acf":[],"_links":{"self":[{"href":"https:\/\/jacekplacek.com.pl\/cs\/wp-json\/wp\/v2\/product\/11215","targetHints":{"allow":["GET"]}}],"collection":[{"href":"https:\/\/jacekplacek.com.pl\/cs\/wp-json\/wp\/v2\/product"}],"about":[{"href":"https:\/\/jacekplacek.com.pl\/cs\/wp-json\/wp\/v2\/types\/product"}],"replies":[{"embeddable":true,"href":"https:\/\/jacekplacek.com.pl\/cs\/wp-json\/wp\/v2\/comments?post=11215"}],"wp:featuredmedia":[{"embeddable":true,"href":"https:\/\/jacekplacek.com.pl\/cs\/wp-json\/wp\/v2\/media\/11477"}],"wp:attachment":[{"href":"https:\/\/jacekplacek.com.pl\/cs\/wp-json\/wp\/v2\/media?parent=11215"}],"wp:term":[{"taxonomy":"product_brand","embeddable":true,"href":"https:\/\/jacekplacek.com.pl\/cs\/wp-json\/wp\/v2\/product_brand?post=11215"},{"taxonomy":"product_cat","embeddable":true,"href":"https:\/\/jacekplacek.com.pl\/cs\/wp-json\/wp\/v2\/product_cat?post=11215"},{"taxonomy":"product_tag","embeddable":true,"href":"https:\/\/jacekplacek.com.pl\/cs\/wp-json\/wp\/v2\/product_tag?post=11215"}],"curies":[{"name":"wp","href":"https:\/\/api.w.org\/{rel}","templated":true}]}}