{"id":11101,"date":"2023-10-27T17:12:54","date_gmt":"2023-10-27T15:12:54","guid":{"rendered":"https:\/\/jacekplacek.com.pl\/?post_type=product&#038;p=11101"},"modified":"2025-11-18T18:30:58","modified_gmt":"2025-11-18T17:30:58","slug":"mini-dort-cerveno-samet-10","status":"publish","type":"product","link":"https:\/\/jacekplacek.com.pl\/cs\/obchod\/torty_i_desery\/kavarna-mini-dezerty-2\/mini-dort-cerveno-samet-10\/","title":{"rendered":"Mini pist\u00e1ciov\u00fd dort, 3 kusy"},"content":{"rendered":"<p><b>V\u00edtejte ve sv\u011bt\u011b jedine\u010dn\u00e9 chuti pist\u00e1ciov\u00e9ho dortu!<\/b><\/p>\n<p><span style=\"font-weight: 400;\">Jde o kombinaci jemn\u00e9 st\u0159edomo\u0159sk\u00e9 pist\u00e1ciov\u00e9 p\u011bny a d\u017eemu z lesn\u00edho ovoce. Vnit\u0159ek dortu byl obohacen o k\u0159upav\u00e9 obl\u00e1tky, kter\u00e9 mu dodaly zaj\u00edmavou texturu. N\u00e1\u0161 pist\u00e1ciov\u00fd dort je opravdovou lah\u016fdkou pro milovn\u00edky pist\u00e1ci\u00ed a ovocn\u00fdch chut\u00ed. Dop\u0159ejte si chvilku pot\u011b\u0161en\u00ed s t\u00edmto jedine\u010dn\u00fdm dortem!<\/span><\/p>\n<p><span style=\"font-weight: 400;\">Doporu\u010dujeme v\u00e1m objednat si dort ve form\u011b d\u00e1rku s vyvolen\u00fdm <\/span><b>blahop\u0159\u00e1n\u00ed<\/b><span style=\"font-weight: 400;\"> a sp\u00e1rov\u00e1n\u00ed <\/span><b>sv\u00ed\u010dky<\/b><span style=\"font-weight: 400;\">.<\/span><\/p>\n<p>Dezert nejen na elegantn\u00ed stoly - perfektn\u00ed na oslavu jmenin, narozenin \u010di jin\u00fdch oslav doma nebo v pr\u00e1ci...<\/p>\n<p>Produkt dostupn\u00fd v\u00a0<strong>3 kusy v hromadn\u00e9m balen\u00ed (3 kusy cca 390g).<\/strong><\/p>","protected":false},"excerpt":{"rendered":"<p><span style=\"font-weight: 400;\">N\u00e1\u0161 pist\u00e1ciov\u00fd dort je opravdovou lah\u016fdkou pro milovn\u00edky pist\u00e1ci\u00ed a ovocn\u00fdch chut\u00ed. Dop\u0159ejte si chvilku pot\u011b\u0161en\u00ed s t\u00edmto jedine\u010dn\u00fdm dortem!<\/span><\/p>\n<p>Produkt dostupn\u00fd v\u00a0<strong>3 kusy v hromadn\u00e9m balen\u00ed (3 kusy cca 390g).<\/strong><\/p>","protected":false},"featured_media":11437,"comment_status":"closed","ping_status":"closed","template":"","meta":{"content-type":""},"product_brand":[],"product_cat":[723],"product_tag":[444,442,446,445,450,743],"class_list":{"0":"post-11101","1":"product","2":"type-product","3":"status-publish","4":"has-post-thumbnail","6":"product_cat-mini-desery-do-kawiarni","7":"product_tag-cukiernia-jacek-placek","8":"product_tag-deser-jednoporcjowy","9":"product_tag-jacek-placek-gdansk","10":"product_tag-jacek-placek-gowino","11":"product_tag-tort-mini","12":"product_tag-tort-pistacjowy","14":"entry","15":"has-media","17":"first","18":"instock","19":"shipping-taxable","20":"product-type-simple","21":"has-product-nav","22":"col","23":"span_1_of_4","24":"owp-content-center","25":"owp-thumbs-layout-horizontal","26":"owp-btn-normal","27":"owp-tabs-layout-horizontal"},"acf":[],"_links":{"self":[{"href":"https:\/\/jacekplacek.com.pl\/cs\/wp-json\/wp\/v2\/product\/11101","targetHints":{"allow":["GET"]}}],"collection":[{"href":"https:\/\/jacekplacek.com.pl\/cs\/wp-json\/wp\/v2\/product"}],"about":[{"href":"https:\/\/jacekplacek.com.pl\/cs\/wp-json\/wp\/v2\/types\/product"}],"replies":[{"embeddable":true,"href":"https:\/\/jacekplacek.com.pl\/cs\/wp-json\/wp\/v2\/comments?post=11101"}],"wp:featuredmedia":[{"embeddable":true,"href":"https:\/\/jacekplacek.com.pl\/cs\/wp-json\/wp\/v2\/media\/11437"}],"wp:attachment":[{"href":"https:\/\/jacekplacek.com.pl\/cs\/wp-json\/wp\/v2\/media?parent=11101"}],"wp:term":[{"taxonomy":"product_brand","embeddable":true,"href":"https:\/\/jacekplacek.com.pl\/cs\/wp-json\/wp\/v2\/product_brand?post=11101"},{"taxonomy":"product_cat","embeddable":true,"href":"https:\/\/jacekplacek.com.pl\/cs\/wp-json\/wp\/v2\/product_cat?post=11101"},{"taxonomy":"product_tag","embeddable":true,"href":"https:\/\/jacekplacek.com.pl\/cs\/wp-json\/wp\/v2\/product_tag?post=11101"}],"curies":[{"name":"wp","href":"https:\/\/api.w.org\/{rel}","templated":true}]}}