{"id":11096,"date":"2023-10-27T17:12:29","date_gmt":"2023-10-27T15:12:29","guid":{"rendered":"https:\/\/jacekplacek.com.pl\/?post_type=product&#038;p=11096"},"modified":"2025-11-18T18:30:58","modified_gmt":"2025-11-18T17:30:58","slug":"mini-dort-cerveno-samet-9","status":"publish","type":"product","link":"https:\/\/jacekplacek.com.pl\/cs\/obchod\/torty_i_desery\/kavarna-mini-dezerty-2\/mini-dort-cerveno-samet-9\/","title":{"rendered":"Mini dort se slan\u00fdm karamelem, 3 kusy"},"content":{"rendered":"<p><b>P\u0159edstavujeme Slan\u00fd karamelov\u00fd dort, kter\u00fd kombinuje jedine\u010dnou kr\u00e9movou p\u011bnu s jemn\u00fdm slan\u00fdm karamelem.<\/b><span style=\"font-weight: 400;\"> Je to kombinace chut\u00ed, kter\u00e1 vytv\u00e1\u0159\u00ed neobvykl\u00fd a p\u0159ekvapiv\u00fd kontrast. Vnit\u0159ek dortu zdob\u00ed k\u0159upav\u00e9 karamelov\u00e9 ara\u0161\u00eddy a francouzsk\u00e9 zdoben\u00ed &quot;Dulce de Leche&quot; a karamelov\u00fd popcorn jsou jedine\u010dn\u00fdm zavr\u0161en\u00edm tohoto lahodn\u00e9ho dortu. Je to sladk\u00fd i slan\u00fd r\u00e1j pro gurm\u00e1ny.<\/span><\/p>\n<p><b>Vychutnejte si s n\u00e1mi chu\u0165 slan\u00e9ho karamelov\u00e9ho dortu!<\/b><\/p>\n<p>Dezert nejen na elegantn\u00ed stoly - perfektn\u00ed na oslavu jmenin, narozenin \u010di jin\u00fdch oslav doma nebo v pr\u00e1ci...<\/p>\n<p>Produkt dostupn\u00fd v\u00a0<strong>3 kusy v hromadn\u00e9m balen\u00ed (3 kusy cca 405g).<\/strong><\/p>","protected":false},"excerpt":{"rendered":"<p><span style=\"font-weight: 400;\">Lahodn\u00e1 kombinace kr\u00e9mov\u00e9 p\u011bny a slan\u00e9ho karamelu. Charakter dortu dod\u00e1v\u00e1 vrstva o\u0159ech\u016f v karamelu. Francouzsk\u00e1 dekorace &quot;Dulche de leche&quot; a karamelov\u00fd popcorn jsou skv\u011bl\u00fdm zakon\u010den\u00edm tohoto lahodn\u00e9ho dortu.<\/span><\/p>\n<p>Produkt dostupn\u00fd v\u00a0<strong>3 kusy v hromadn\u00e9m balen\u00ed (3 kusy cca 405g).<\/strong><\/p>","protected":false},"featured_media":11332,"comment_status":"closed","ping_status":"closed","template":"","meta":{"content-type":""},"product_brand":[],"product_cat":[723],"product_tag":[444,442,446,445,764,450,760],"class_list":{"0":"post-11096","1":"product","2":"type-product","3":"status-publish","4":"has-post-thumbnail","6":"product_cat-mini-desery-do-kawiarni","7":"product_tag-cukiernia-jacek-placek","8":"product_tag-deser-jednoporcjowy","9":"product_tag-jacek-placek-gdansk","10":"product_tag-jacek-placek-gowino","11":"product_tag-slony-karmel","12":"product_tag-tort-mini","13":"product_tag-tort-slony-karmel","15":"entry","16":"has-media","18":"first","19":"instock","20":"shipping-taxable","21":"product-type-simple","22":"has-product-nav","23":"col","24":"span_1_of_4","25":"owp-content-center","26":"owp-thumbs-layout-horizontal","27":"owp-btn-normal","28":"owp-tabs-layout-horizontal"},"acf":[],"_links":{"self":[{"href":"https:\/\/jacekplacek.com.pl\/cs\/wp-json\/wp\/v2\/product\/11096","targetHints":{"allow":["GET"]}}],"collection":[{"href":"https:\/\/jacekplacek.com.pl\/cs\/wp-json\/wp\/v2\/product"}],"about":[{"href":"https:\/\/jacekplacek.com.pl\/cs\/wp-json\/wp\/v2\/types\/product"}],"replies":[{"embeddable":true,"href":"https:\/\/jacekplacek.com.pl\/cs\/wp-json\/wp\/v2\/comments?post=11096"}],"wp:featuredmedia":[{"embeddable":true,"href":"https:\/\/jacekplacek.com.pl\/cs\/wp-json\/wp\/v2\/media\/11332"}],"wp:attachment":[{"href":"https:\/\/jacekplacek.com.pl\/cs\/wp-json\/wp\/v2\/media?parent=11096"}],"wp:term":[{"taxonomy":"product_brand","embeddable":true,"href":"https:\/\/jacekplacek.com.pl\/cs\/wp-json\/wp\/v2\/product_brand?post=11096"},{"taxonomy":"product_cat","embeddable":true,"href":"https:\/\/jacekplacek.com.pl\/cs\/wp-json\/wp\/v2\/product_cat?post=11096"},{"taxonomy":"product_tag","embeddable":true,"href":"https:\/\/jacekplacek.com.pl\/cs\/wp-json\/wp\/v2\/product_tag?post=11096"}],"curies":[{"name":"wp","href":"https:\/\/api.w.org\/{rel}","templated":true}]}}