{"id":11066,"date":"2023-10-26T14:02:41","date_gmt":"2023-10-26T12:02:41","guid":{"rendered":"https:\/\/jacekplacek.com.pl\/?post_type=product&#038;p=11066"},"modified":"2025-11-18T18:31:00","modified_gmt":"2025-11-18T17:31:00","slug":"kralovsky-dort","status":"publish","type":"product","link":"https:\/\/jacekplacek.com.pl\/cs\/obchod\/torty_i_desery\/kolace-2\/kralovsky-dort\/","title":{"rendered":"kr\u00e1lovsk\u00fd dort"},"content":{"rendered":"<p><strong>P\u0159edstavujeme kr\u00e1lovsk\u00fd dort - jedine\u010dnou kombinaci chut\u00ed, kter\u00e1 pot\u011b\u0161\u00ed mlsn\u00e9 jaz\u00fd\u010dky. <\/strong><\/p>\n<p><span style=\"font-weight: 400;\">N\u00e1\u0161 recept je zalo\u017een na intenzivn\u00ed chuti \u010dokol\u00e1dov\u00e9ho dortu s p\u0159\u00eddavkem o\u0159\u00ed\u0161k\u016f, kter\u00e9 mu dod\u00e1vaj\u00ed jedine\u010dn\u00fd charakter. Dort je polit\u00fd \u010dokol\u00e1dov\u00fdm kr\u00e9mem, pln\u011bn\u00fd \u0161vestkov\u00fdmi povidly a m\u00e1slov\u00fdm kr\u00e9mem s citronem, kter\u00fd mu dod\u00e1v\u00e1 lehkost a sv\u011b\u017eest. Abychom p\u0159idali je\u0161t\u011b v\u00edce chu\u0165ov\u00fdch p\u0159ekvapen\u00ed, obohat\u00edme n\u00e1\u0161 dort o k\u0159upavou chalvu.\u00a0<\/span><\/p>\n<p><strong>Je to sladk\u00fd z\u00e1\u017eitek a zaslou\u017e\u00ed si b\u00fdt naz\u00fdv\u00e1n kr\u00e1lovsk\u00fdm. P\u0159ij\u010fte se pod\u00edvat, pro\u010d je kr\u00e1lovsk\u00fd dort na\u0161\u00edm nesporn\u00fdm hitem!<\/strong><\/p>\n<p><span style=\"font-weight: 400;\">Doporu\u010dujeme v\u00e1m objednat si dort ve form\u011b d\u00e1rku s vyvolen\u00fdm <\/span><b>blahop\u0159\u00e1n\u00ed<\/b><span style=\"font-weight: 400;\"> a sp\u00e1rov\u00e1n\u00ed <\/span><b>sv\u00ed\u010dky<\/b><span style=\"font-weight: 400;\">.<\/span><\/p>","protected":false},"excerpt":{"rendered":"<p><span data-sheets-root=\"1\">Bohat\u011b ochucen\u00fd \u010dokol\u00e1dov\u00fd dort se \u0161vestkov\u00fdmi povidly, citronov\u00fdm a \u010dokol\u00e1dov\u00fdm kr\u00e9mem a kousky chalvy.<\/span><\/p>","protected":false},"featured_media":10969,"comment_status":"closed","ping_status":"closed","template":"","meta":{"content-type":""},"product_brand":[],"product_cat":[123],"product_tag":[747,166,176,309,730,733,731,746,732,734],"class_list":{"0":"post-11066","1":"product","2":"type-product","3":"status-publish","4":"has-post-thumbnail","6":"product_cat-torty","7":"product_tag-luksusowy-tort","8":"product_tag-tort","9":"product_tag-tort-czekoladowy","10":"product_tag-tort-krolewski","11":"product_tag-tort-na-urodziny","12":"product_tag-tort-naturalny","13":"product_tag-tort-urodzinowy","14":"product_tag-tort-z-czekolada-jadalne-zloto","15":"product_tag-torty-naturalne","16":"product_tag-zdrowy-sklad","18":"entry","19":"has-media","21":"first","22":"instock","23":"shipping-taxable","24":"product-type-variable","25":"has-default-attributes","26":"has-product-nav","27":"col","28":"span_1_of_4","29":"owp-content-center","30":"owp-thumbs-layout-horizontal","31":"owp-btn-normal","32":"owp-tabs-layout-horizontal"},"acf":[],"_links":{"self":[{"href":"https:\/\/jacekplacek.com.pl\/cs\/wp-json\/wp\/v2\/product\/11066","targetHints":{"allow":["GET"]}}],"collection":[{"href":"https:\/\/jacekplacek.com.pl\/cs\/wp-json\/wp\/v2\/product"}],"about":[{"href":"https:\/\/jacekplacek.com.pl\/cs\/wp-json\/wp\/v2\/types\/product"}],"replies":[{"embeddable":true,"href":"https:\/\/jacekplacek.com.pl\/cs\/wp-json\/wp\/v2\/comments?post=11066"}],"wp:featuredmedia":[{"embeddable":true,"href":"https:\/\/jacekplacek.com.pl\/cs\/wp-json\/wp\/v2\/media\/10969"}],"wp:attachment":[{"href":"https:\/\/jacekplacek.com.pl\/cs\/wp-json\/wp\/v2\/media?parent=11066"}],"wp:term":[{"taxonomy":"product_brand","embeddable":true,"href":"https:\/\/jacekplacek.com.pl\/cs\/wp-json\/wp\/v2\/product_brand?post=11066"},{"taxonomy":"product_cat","embeddable":true,"href":"https:\/\/jacekplacek.com.pl\/cs\/wp-json\/wp\/v2\/product_cat?post=11066"},{"taxonomy":"product_tag","embeddable":true,"href":"https:\/\/jacekplacek.com.pl\/cs\/wp-json\/wp\/v2\/product_tag?post=11066"}],"curies":[{"name":"wp","href":"https:\/\/api.w.org\/{rel}","templated":true}]}}