{"id":11059,"date":"2023-10-26T14:02:34","date_gmt":"2023-10-26T12:02:34","guid":{"rendered":"https:\/\/jacekplacek.com.pl\/?post_type=product&#038;p=11059"},"modified":"2025-11-18T18:31:00","modified_gmt":"2025-11-18T17:31:00","slug":"dort-s-bilou-cokoladou-a-malinami","status":"publish","type":"product","link":"https:\/\/jacekplacek.com.pl\/cs\/obchod\/torty_i_desery\/kolace-2\/dort-s-bilou-cokoladou-a-malinami\/","title":{"rendered":"Dort s b\u00edlou \u010dokol\u00e1dou a malinami"},"content":{"rendered":"<p><strong>Pot\u011b\u0161en\u00ed pro smysly \u2013 n\u00e1\u0161 dort s b\u00edlou \u010dokol\u00e1dou a malinami! <\/strong><\/p>\n<p><span style=\"font-weight: 400;\">Jedn\u00e1 se o jemnou kr\u00e9movou p\u011bnu, kter\u00e1 kombinuje kr\u00e9mov\u011b b\u00edlou \u010dokol\u00e1du se \u0161\u0165avnat\u00fdmi malinami. Jedn\u00e1 se o kombinaci chut\u00ed, kter\u00e1 pot\u011b\u0161\u00ed milovn\u00edky sladkost\u00ed i ovoce. Srde\u010dn\u011b v\u00e1s zveme ochutnat chu\u0165 Dortu s b\u00edlou \u010dokol\u00e1dou a malinami.<\/span><\/p>\n<p><span style=\"font-weight: 400;\">Doporu\u010dujeme v\u00e1m objednat si dort ve form\u011b d\u00e1rku s vyvolen\u00fdm <\/span><b>blahop\u0159\u00e1n\u00ed<\/b><span style=\"font-weight: 400;\"> a sp\u00e1rov\u00e1n\u00ed <\/span><b>sv\u00ed\u010dky<\/b><span style=\"font-weight: 400;\">.<\/span><\/p>","protected":false},"excerpt":{"rendered":"<p><span data-sheets-root=\"1\">Sv\u011btl\u00e9 pi\u0161koty namo\u010den\u00e9 v jemn\u00e9m pun\u010di, vrstven\u00e9 kr\u00e9mem s b\u00edlou \u010dokol\u00e1dou a malinami.<\/span><\/p>","protected":false},"featured_media":10961,"comment_status":"closed","ping_status":"closed","template":"","meta":{"content-type":""},"product_brand":[],"product_cat":[123],"product_tag":[739,166,736,291,730,733,735,731,737,738,732,734],"class_list":{"0":"post-11059","1":"product","2":"type-product","3":"status-publish","4":"has-post-thumbnail","6":"product_cat-torty","7":"product_tag-biala-czekolada-z-malinami","8":"product_tag-tort","9":"product_tag-tort-biala-czekolada","10":"product_tag-tort-malinowy","11":"product_tag-tort-na-urodziny","12":"product_tag-tort-naturalny","13":"product_tag-tort-owocowy","14":"product_tag-tort-urodzinowy","15":"product_tag-tort-z-bialej-czekolady","16":"product_tag-tort-z-malinami","17":"product_tag-torty-naturalne","18":"product_tag-zdrowy-sklad","20":"entry","21":"has-media","23":"first","24":"instock","25":"shipping-taxable","26":"product-type-variable","27":"has-product-nav","28":"col","29":"span_1_of_4","30":"owp-content-center","31":"owp-thumbs-layout-horizontal","32":"owp-btn-normal","33":"owp-tabs-layout-horizontal"},"acf":[],"_links":{"self":[{"href":"https:\/\/jacekplacek.com.pl\/cs\/wp-json\/wp\/v2\/product\/11059","targetHints":{"allow":["GET"]}}],"collection":[{"href":"https:\/\/jacekplacek.com.pl\/cs\/wp-json\/wp\/v2\/product"}],"about":[{"href":"https:\/\/jacekplacek.com.pl\/cs\/wp-json\/wp\/v2\/types\/product"}],"replies":[{"embeddable":true,"href":"https:\/\/jacekplacek.com.pl\/cs\/wp-json\/wp\/v2\/comments?post=11059"}],"wp:featuredmedia":[{"embeddable":true,"href":"https:\/\/jacekplacek.com.pl\/cs\/wp-json\/wp\/v2\/media\/10961"}],"wp:attachment":[{"href":"https:\/\/jacekplacek.com.pl\/cs\/wp-json\/wp\/v2\/media?parent=11059"}],"wp:term":[{"taxonomy":"product_brand","embeddable":true,"href":"https:\/\/jacekplacek.com.pl\/cs\/wp-json\/wp\/v2\/product_brand?post=11059"},{"taxonomy":"product_cat","embeddable":true,"href":"https:\/\/jacekplacek.com.pl\/cs\/wp-json\/wp\/v2\/product_cat?post=11059"},{"taxonomy":"product_tag","embeddable":true,"href":"https:\/\/jacekplacek.com.pl\/cs\/wp-json\/wp\/v2\/product_tag?post=11059"}],"curies":[{"name":"wp","href":"https:\/\/api.w.org\/{rel}","templated":true}]}}