{"id":11050,"date":"2023-10-26T14:02:29","date_gmt":"2023-10-26T12:02:29","guid":{"rendered":"https:\/\/jacekplacek.com.pl\/?post_type=product&#038;p=11050"},"modified":"2025-11-18T18:30:59","modified_gmt":"2025-11-18T17:30:59","slug":"pistaciovy-dort","status":"publish","type":"product","link":"https:\/\/jacekplacek.com.pl\/cs\/obchod\/torty_i_desery\/kolace-2\/pistaciovy-dort\/","title":{"rendered":"Pist\u00e1ciov\u00fd dort"},"content":{"rendered":"<p><span style=\"font-weight: 400;\"><strong>V\u00edtejte ve sv\u011bt\u011b jedine\u010dn\u00e9 chuti Pist\u00e1ciov\u00e9ho dortu!<\/strong> <\/span><\/p>\n<p><span style=\"font-weight: 400;\">Jde o kombinaci jemn\u00e9 st\u0159edomo\u0159sk\u00e9 pist\u00e1ciov\u00e9 p\u011bny a d\u017eemu z lesn\u00edho ovoce. Vnit\u0159ek dortu byl obohacen o k\u0159upav\u00e9 obl\u00e1tky, kter\u00e9 mu dodaly zaj\u00edmavou texturu. N\u00e1\u0161 Pist\u00e1ciov\u00fd dort je skute\u010dnou lah\u016fdkou pro milovn\u00edky pist\u00e1ci\u00ed a ovocn\u00fdch chut\u00ed. Dop\u0159ejte si chvilku pot\u011b\u0161en\u00ed s t\u00edmto jedine\u010dn\u00fdm dortem!<\/span><\/p>\n<p><span style=\"font-weight: 400;\">Doporu\u010dujeme v\u00e1m objednat si dort ve form\u011b d\u00e1rku s vyvolen\u00fdm <\/span><b>blahop\u0159\u00e1n\u00ed<\/b><span style=\"font-weight: 400;\"> a sp\u00e1rov\u00e1n\u00ed <\/span><b>sv\u00ed\u010dky<\/b><span style=\"font-weight: 400;\">.<\/span><\/p>","protected":false},"excerpt":{"rendered":"<p><span data-sheets-root=\"1\">Dort s jemn\u00fdm kr\u00e9mem na b\u00e1zi st\u0159edomo\u0159sk\u00fdch pist\u00e1ci\u00ed, rozl\u00e1man\u00fd marmel\u00e1dou z lesn\u00edho ovoce a obohacen\u00fd o k\u0159upav\u00e9 k\u0159upav\u00e9 toasty.<\/span><\/p>","protected":false},"featured_media":10905,"comment_status":"closed","ping_status":"closed","template":"","meta":{"content-type":""},"product_brand":[],"product_cat":[123],"product_tag":[744,166,730,733,743,731,745,732,734],"class_list":{"0":"post-11050","1":"product","2":"type-product","3":"status-publish","4":"has-post-thumbnail","6":"product_cat-torty","7":"product_tag-deser-pistacjowy","8":"product_tag-tort","9":"product_tag-tort-na-urodziny","10":"product_tag-tort-naturalny","11":"product_tag-tort-pistacjowy","12":"product_tag-tort-urodzinowy","13":"product_tag-tort-z-pistacjami","14":"product_tag-torty-naturalne","15":"product_tag-zdrowy-sklad","17":"entry","18":"has-media","20":"first","21":"instock","22":"shipping-taxable","23":"product-type-variable","24":"has-default-attributes","25":"has-product-nav","26":"col","27":"span_1_of_4","28":"owp-content-center","29":"owp-thumbs-layout-horizontal","30":"owp-btn-normal","31":"owp-tabs-layout-horizontal"},"acf":[],"_links":{"self":[{"href":"https:\/\/jacekplacek.com.pl\/cs\/wp-json\/wp\/v2\/product\/11050","targetHints":{"allow":["GET"]}}],"collection":[{"href":"https:\/\/jacekplacek.com.pl\/cs\/wp-json\/wp\/v2\/product"}],"about":[{"href":"https:\/\/jacekplacek.com.pl\/cs\/wp-json\/wp\/v2\/types\/product"}],"replies":[{"embeddable":true,"href":"https:\/\/jacekplacek.com.pl\/cs\/wp-json\/wp\/v2\/comments?post=11050"}],"wp:featuredmedia":[{"embeddable":true,"href":"https:\/\/jacekplacek.com.pl\/cs\/wp-json\/wp\/v2\/media\/10905"}],"wp:attachment":[{"href":"https:\/\/jacekplacek.com.pl\/cs\/wp-json\/wp\/v2\/media?parent=11050"}],"wp:term":[{"taxonomy":"product_brand","embeddable":true,"href":"https:\/\/jacekplacek.com.pl\/cs\/wp-json\/wp\/v2\/product_brand?post=11050"},{"taxonomy":"product_cat","embeddable":true,"href":"https:\/\/jacekplacek.com.pl\/cs\/wp-json\/wp\/v2\/product_cat?post=11050"},{"taxonomy":"product_tag","embeddable":true,"href":"https:\/\/jacekplacek.com.pl\/cs\/wp-json\/wp\/v2\/product_tag?post=11050"}],"curies":[{"name":"wp","href":"https:\/\/api.w.org\/{rel}","templated":true}]}}