{"id":11044,"date":"2023-10-26T14:02:26","date_gmt":"2023-10-26T12:02:26","guid":{"rendered":"https:\/\/jacekplacek.com.pl\/?post_type=product&#038;p=11044"},"modified":"2025-11-18T18:30:59","modified_gmt":"2025-11-18T17:30:59","slug":"kralovsky-cokoladovy-dort","status":"publish","type":"product","link":"https:\/\/jacekplacek.com.pl\/cs\/obchod\/torty_i_desery\/kolace-2\/kralovsky-cokoladovy-dort\/","title":{"rendered":"Kr\u00e1lovsk\u00fd \u010dokol\u00e1dov\u00fd dort"},"content":{"rendered":"<p><strong>Kr\u00e1lovsk\u00fd \u010dokol\u00e1dov\u00fd dort je opravdovou lah\u016fdkou pro milovn\u00edky \u010dokol\u00e1dy. <\/strong><\/p>\n<p><span style=\"font-weight: 400;\">Tato \u00fa\u017easn\u00e1 \u010dokol\u00e1dov\u00e1 p\u011bna z\u00edsk\u00e1v\u00e1 mimo\u0159\u00e1dn\u00e9 chut\u011b d\u00edky n\u00e1dechu bizon\u00edho s\u00fdra, kter\u00fd j\u00ed dod\u00e1v\u00e1 charakter a jedine\u010dnou hloubku chuti. Mezi vrstvami tohoto jedine\u010dn\u00e9ho dortu nav\u00edc najdete k\u0159upav\u00e9 b\u00e1bovi\u010dky, kter\u00e9 mu dod\u00e1vaj\u00ed jedine\u010dnou texturu. <\/span><\/p>\n<p><span style=\"font-weight: 400;\">T\u00edm ale p\u0159ekvapen\u00ed nekon\u010d\u00ed! Na\u0161e p\u011bna je pokryta jemn\u00fdm bor\u016fvkov\u00fdm a ryb\u00edzov\u00fdm d\u017eemem, kter\u00fd dod\u00e1v\u00e1 trochu sv\u011b\u017eesti a ovocn\u00e9ho kouzla. <strong>Jedn\u00e1 se o dort, kter\u00fd nab\u00edz\u00ed harmonii sladkosti a v\u00fdrazn\u00e9 chuti v ka\u017ed\u00e9m soustu. P\u0159ij\u010fte k n\u00e1m do cukr\u00e1rny a dop\u0159ejte si Kr\u00e1lovsk\u00fd \u010dokol\u00e1dov\u00fd dort!<\/strong><\/span><\/p>\n<p><span style=\"font-weight: 400;\">Doporu\u010dujeme v\u00e1m objednat si dort ve form\u011b d\u00e1rku s vyvolen\u00fdm <\/span><b>blahop\u0159\u00e1n\u00ed<\/b><span style=\"font-weight: 400;\"> a sp\u00e1rov\u00e1n\u00ed <\/span><b>sv\u00ed\u010dky<\/b><span style=\"font-weight: 400;\">.<\/span><\/p>","protected":false},"excerpt":{"rendered":"<p><span style=\"font-weight: 400;\">Jedn\u00e1 se o dort, kter\u00fd nab\u00edz\u00ed harmonii sladkosti a v\u00fdrazn\u00e9 chuti v ka\u017ed\u00e9m soustu. P\u0159ij\u010fte k n\u00e1m do cukr\u00e1rny a dop\u0159ejte si Kr\u00e1lovsk\u00fd \u010dokol\u00e1dov\u00fd dort!<\/span><\/p>","protected":false},"featured_media":10975,"comment_status":"closed","ping_status":"closed","template":"","meta":{"content-type":""},"product_brand":[],"product_cat":[123],"product_tag":[747,166,176,730,733,731,746,732,734],"class_list":{"0":"post-11044","1":"product","2":"type-product","3":"status-publish","4":"has-post-thumbnail","6":"product_cat-torty","7":"product_tag-luksusowy-tort","8":"product_tag-tort","9":"product_tag-tort-czekoladowy","10":"product_tag-tort-na-urodziny","11":"product_tag-tort-naturalny","12":"product_tag-tort-urodzinowy","13":"product_tag-tort-z-czekolada-jadalne-zloto","14":"product_tag-torty-naturalne","15":"product_tag-zdrowy-sklad","17":"entry","18":"has-media","20":"first","21":"instock","22":"shipping-taxable","23":"product-type-variable","24":"has-default-attributes","25":"has-product-nav","26":"col","27":"span_1_of_4","28":"owp-content-center","29":"owp-thumbs-layout-horizontal","30":"owp-btn-normal","31":"owp-tabs-layout-horizontal"},"acf":[],"_links":{"self":[{"href":"https:\/\/jacekplacek.com.pl\/cs\/wp-json\/wp\/v2\/product\/11044","targetHints":{"allow":["GET"]}}],"collection":[{"href":"https:\/\/jacekplacek.com.pl\/cs\/wp-json\/wp\/v2\/product"}],"about":[{"href":"https:\/\/jacekplacek.com.pl\/cs\/wp-json\/wp\/v2\/types\/product"}],"replies":[{"embeddable":true,"href":"https:\/\/jacekplacek.com.pl\/cs\/wp-json\/wp\/v2\/comments?post=11044"}],"wp:featuredmedia":[{"embeddable":true,"href":"https:\/\/jacekplacek.com.pl\/cs\/wp-json\/wp\/v2\/media\/10975"}],"wp:attachment":[{"href":"https:\/\/jacekplacek.com.pl\/cs\/wp-json\/wp\/v2\/media?parent=11044"}],"wp:term":[{"taxonomy":"product_brand","embeddable":true,"href":"https:\/\/jacekplacek.com.pl\/cs\/wp-json\/wp\/v2\/product_brand?post=11044"},{"taxonomy":"product_cat","embeddable":true,"href":"https:\/\/jacekplacek.com.pl\/cs\/wp-json\/wp\/v2\/product_cat?post=11044"},{"taxonomy":"product_tag","embeddable":true,"href":"https:\/\/jacekplacek.com.pl\/cs\/wp-json\/wp\/v2\/product_tag?post=11044"}],"curies":[{"name":"wp","href":"https:\/\/api.w.org\/{rel}","templated":true}]}}