{"id":11041,"date":"2023-10-26T14:02:24","date_gmt":"2023-10-26T12:02:24","guid":{"rendered":"https:\/\/jacekplacek.com.pl\/?post_type=product&#038;p=11041"},"modified":"2025-11-18T18:30:55","modified_gmt":"2025-11-18T17:30:55","slug":"italsky-tiramisu-dort","status":"publish","type":"product","link":"https:\/\/jacekplacek.com.pl\/cs\/obchod\/torty_i_desery\/kolace-2\/italsky-tiramisu-dort\/","title":{"rendered":"Italsk\u00fd dort tiramisu"},"content":{"rendered":"<p><strong>Italsk\u00e1 klasika ve sv\u00e9 nejchutn\u011bj\u0161\u00ed verzi - n\u00e1\u0161 italsk\u00fd dort Tiramisu. <\/strong><\/p>\n<p><span style=\"font-weight: 400;\">N\u00e1\u0161 dort je poctou tradi\u010dn\u00edmu italsk\u00e9mu dezertu na b\u00e1zi s\u00fdru mascarpone, kter\u00fd je nejen extr\u00e9mn\u011b kr\u00e9mov\u00fd, ale tak\u00e9 bohat\u00fd na chu\u0165. Pro je\u0161t\u011b v\u011bt\u0161\u00ed aroma namo\u010d\u00edme do k\u00e1vov\u00e9ho pun\u010de s n\u00e1dechem lik\u00e9ru amaretto. Je to kombinace chut\u00ed, kter\u00e1 pot\u011b\u0161\u00ed smysly a okouzl\u00ed patra. <\/span><\/p>\n<p><strong>Italsk\u00fd dort tiramisu je perfektn\u00ed volbou pro ty, kte\u0159\u00ed se cht\u011bj\u00ed pono\u0159it do tradice a chut\u00ed It\u00e1lie. P\u0159ij\u010fte do na\u0161\u00ed cukr\u00e1rny a vydejte se s n\u00e1mi na tuto chu\u0165ovou cestu je\u0161t\u011b dnes! <\/strong><\/p>\n<p><span style=\"font-weight: 400;\">Doporu\u010dujeme v\u00e1m objednat si dort ve form\u011b d\u00e1rku s vyvolen\u00fdm <\/span><b>blahop\u0159\u00e1n\u00ed<\/b><span style=\"font-weight: 400;\"> a sp\u00e1rov\u00e1n\u00ed <\/span><b>sv\u00ed\u010dky<\/b><span style=\"font-weight: 400;\">.<\/span><\/p>","protected":false},"excerpt":{"rendered":"<p><span data-sheets-root=\"1\">Vrstvy pi\u0161kot\u016f namo\u010den\u00fdch v k\u00e1v\u011b a lik\u00e9ru amaretto, kombinovan\u00e9 s kr\u00e9mov\u00fdm mascarpone. Klasick\u00e9 italsk\u00e9 dezerty v podob\u011b vynikaj\u00edc\u00edho dortu.<\/span><\/p>","protected":false},"featured_media":10947,"comment_status":"closed","ping_status":"closed","template":"","meta":{"content-type":""},"product_brand":[],"product_cat":[123],"product_tag":[748,749,267,166,304,730,733,296,731,732,702,734],"class_list":{"0":"post-11041","1":"product","2":"type-product","3":"status-publish","4":"has-post-thumbnail","6":"product_cat-torty","7":"product_tag-deser-kawowy","8":"product_tag-deser-tiramisu","9":"product_tag-tiramisu","10":"product_tag-tort","11":"product_tag-tort-kawowy","12":"product_tag-tort-na-urodziny","13":"product_tag-tort-naturalny","14":"product_tag-tort-tiramisu","15":"product_tag-tort-urodzinowy","16":"product_tag-torty-naturalne","17":"product_tag-wloskie-tiramisu","18":"product_tag-zdrowy-sklad","20":"entry","21":"has-media","23":"first","24":"instock","25":"shipping-taxable","26":"product-type-variable","27":"has-default-attributes","28":"has-product-nav","29":"col","30":"span_1_of_4","31":"owp-content-center","32":"owp-thumbs-layout-horizontal","33":"owp-btn-normal","34":"owp-tabs-layout-horizontal"},"acf":[],"_links":{"self":[{"href":"https:\/\/jacekplacek.com.pl\/cs\/wp-json\/wp\/v2\/product\/11041","targetHints":{"allow":["GET"]}}],"collection":[{"href":"https:\/\/jacekplacek.com.pl\/cs\/wp-json\/wp\/v2\/product"}],"about":[{"href":"https:\/\/jacekplacek.com.pl\/cs\/wp-json\/wp\/v2\/types\/product"}],"replies":[{"embeddable":true,"href":"https:\/\/jacekplacek.com.pl\/cs\/wp-json\/wp\/v2\/comments?post=11041"}],"wp:featuredmedia":[{"embeddable":true,"href":"https:\/\/jacekplacek.com.pl\/cs\/wp-json\/wp\/v2\/media\/10947"}],"wp:attachment":[{"href":"https:\/\/jacekplacek.com.pl\/cs\/wp-json\/wp\/v2\/media?parent=11041"}],"wp:term":[{"taxonomy":"product_brand","embeddable":true,"href":"https:\/\/jacekplacek.com.pl\/cs\/wp-json\/wp\/v2\/product_brand?post=11041"},{"taxonomy":"product_cat","embeddable":true,"href":"https:\/\/jacekplacek.com.pl\/cs\/wp-json\/wp\/v2\/product_cat?post=11041"},{"taxonomy":"product_tag","embeddable":true,"href":"https:\/\/jacekplacek.com.pl\/cs\/wp-json\/wp\/v2\/product_tag?post=11041"}],"curies":[{"name":"wp","href":"https:\/\/api.w.org\/{rel}","templated":true}]}}