{"id":11036,"date":"2023-10-26T14:02:09","date_gmt":"2023-10-26T12:02:09","guid":{"rendered":"https:\/\/jacekplacek.com.pl\/?post_type=product&#038;p=11036"},"modified":"2025-11-18T18:30:55","modified_gmt":"2025-11-18T17:30:55","slug":"dort-cerveno-samet-2","status":"publish","type":"product","link":"https:\/\/jacekplacek.com.pl\/cs\/obchod\/torty_i_desery\/kolace-2\/dort-cerveno-samet-2\/","title":{"rendered":"\u010cerven\u00fd sametov\u00fd dort"},"content":{"rendered":"<p><strong>Zveme v\u00e1s ochutnat na\u0161i vlajkovou lo\u010f Red Velvet Cake \u2013 klasick\u00fd dezert s nov\u00fdm n\u00e1dechem. <\/strong><\/p>\n<p><span style=\"font-weight: 400;\"><strong>N\u00e1\u0161 dort je nejen chutn\u00fd, ale tak\u00e9 zdrav\u00fd, proto\u017ee se vyh\u00fdb\u00e1me um\u011bl\u00fdm p\u0159\u00edsad\u00e1m pou\u017e\u00edv\u00e1n\u00edm p\u0159\u00edrodn\u00edho barviva lykopenu z\u00edskan\u00e9ho z raj\u010dat.<\/strong> Vnit\u0159ek dortu pln\u00edme lahodn\u00fdm kr\u00e9mem z mascarpone a malinov\u00fdm d\u017eemem, kter\u00fd mu dod\u00e1v\u00e1 jedine\u010dnou chu\u0165. <\/span><span style=\"font-weight: 400;\">P\u0159esv\u011bd\u010dte se sami, \u017ee tradi\u010dn\u00ed chu\u0165 m\u016f\u017ee j\u00edt ruku v ruce s d\u016frazem na kvalitu surovin.<\/span><\/p>\n<p><span style=\"font-weight: 400;\">Doporu\u010dujeme v\u00e1m objednat si dort ve form\u011b d\u00e1rku s vyvolen\u00fdm <\/span><b>blahop\u0159\u00e1n\u00ed<\/b><span style=\"font-weight: 400;\"> a sp\u00e1rov\u00e1n\u00ed <\/span><b>sv\u00ed\u010dky<\/b><span style=\"font-weight: 400;\">.<\/span><\/p>","protected":false},"excerpt":{"rendered":"<p><span data-sheets-root=\"1\">\u010cerven\u00fd pi\u0161kot obarven\u00fd p\u0159\u00edrodn\u00edm lykopenem z raj\u010dat, vrstven\u00fd kr\u00e9mem z mascarpone a malinovou marmel\u00e1dou. Klasika v modern\u00edm vyd\u00e1n\u00ed, bez um\u011bl\u00fdch p\u0159\u00edsad.<\/span><\/p>","protected":false},"featured_media":9379,"comment_status":"closed","ping_status":"closed","template":"","meta":{"content-type":""},"product_brand":[],"product_cat":[123],"product_tag":[336,166,730,733,447,731,732,734],"class_list":{"0":"post-11036","1":"product","2":"type-product","3":"status-publish","4":"has-post-thumbnail","6":"product_cat-torty","7":"product_tag-red-velvet","8":"product_tag-tort","9":"product_tag-tort-na-urodziny","10":"product_tag-tort-naturalny","11":"product_tag-tort-red-velvet","12":"product_tag-tort-urodzinowy","13":"product_tag-torty-naturalne","14":"product_tag-zdrowy-sklad","16":"entry","17":"has-media","19":"first","20":"instock","21":"shipping-taxable","22":"product-type-variable","23":"has-default-attributes","24":"has-product-nav","25":"col","26":"span_1_of_4","27":"owp-content-center","28":"owp-thumbs-layout-horizontal","29":"owp-btn-normal","30":"owp-tabs-layout-horizontal"},"acf":[],"_links":{"self":[{"href":"https:\/\/jacekplacek.com.pl\/cs\/wp-json\/wp\/v2\/product\/11036","targetHints":{"allow":["GET"]}}],"collection":[{"href":"https:\/\/jacekplacek.com.pl\/cs\/wp-json\/wp\/v2\/product"}],"about":[{"href":"https:\/\/jacekplacek.com.pl\/cs\/wp-json\/wp\/v2\/types\/product"}],"replies":[{"embeddable":true,"href":"https:\/\/jacekplacek.com.pl\/cs\/wp-json\/wp\/v2\/comments?post=11036"}],"wp:featuredmedia":[{"embeddable":true,"href":"https:\/\/jacekplacek.com.pl\/cs\/wp-json\/wp\/v2\/media\/9379"}],"wp:attachment":[{"href":"https:\/\/jacekplacek.com.pl\/cs\/wp-json\/wp\/v2\/media?parent=11036"}],"wp:term":[{"taxonomy":"product_brand","embeddable":true,"href":"https:\/\/jacekplacek.com.pl\/cs\/wp-json\/wp\/v2\/product_brand?post=11036"},{"taxonomy":"product_cat","embeddable":true,"href":"https:\/\/jacekplacek.com.pl\/cs\/wp-json\/wp\/v2\/product_cat?post=11036"},{"taxonomy":"product_tag","embeddable":true,"href":"https:\/\/jacekplacek.com.pl\/cs\/wp-json\/wp\/v2\/product_tag?post=11036"}],"curies":[{"name":"wp","href":"https:\/\/api.w.org\/{rel}","templated":true}]}}