{"id":11031,"date":"2023-10-26T14:00:48","date_gmt":"2023-10-26T12:00:48","guid":{"rendered":"https:\/\/jacekplacek.com.pl\/?post_type=product&#038;p=11031"},"modified":"2025-11-18T18:30:54","modified_gmt":"2025-11-18T17:30:54","slug":"jahodovy-kolac-2","status":"publish","type":"product","link":"https:\/\/jacekplacek.com.pl\/cs\/obchod\/torty_i_desery\/kolace-2\/jahodovy-kolac-2\/","title":{"rendered":"jahodov\u00fd kol\u00e1\u010d"},"content":{"rendered":"<p><b>Jahodov\u00fd dort \u2013 po\u017eitek pro mlsn\u00e9 jaz\u00fd\u010dky. Na\u0161e verze t\u00e9to klasick\u00e9 pochoutky je skute\u010dnou pastvou pro smysly!<\/b><\/p>\n<p><span style=\"font-weight: 400;\">Dort je vyroben z jemn\u00e9 \u0161leha\u010dky a jedine\u010dn\u00e9 jahodov\u00e9 marmel\u00e1dy - uspokoj\u00ed mal\u00e9 i velk\u00e9 labu\u017en\u00edky! \u010c\u00edm vynik\u00e1? Jeho mimo\u0159\u00e1dn\u00e1 chu\u0165, kter\u00e1 poch\u00e1z\u00ed pouze z p\u0159\u00edrodn\u00edch surovin. To je sladkost jahod vytvo\u0159en\u00e1 p\u0159\u00edrodou \u2013 vychutnejte si jejich chu\u0165 v ka\u017ed\u00e9m soustu a nechte sv\u00e9 smysly u\u017e\u00edt si malou hostinu!<\/span><\/p>\n<p><span style=\"font-weight: 400;\">Doporu\u010dujeme v\u00e1m objednat si dort ve form\u011b d\u00e1rku s vyvolen\u00fdm <\/span><b>blahop\u0159\u00e1n\u00ed<\/b><span style=\"font-weight: 400;\"> a sp\u00e1rov\u00e1n\u00ed <\/span><b>sv\u00ed\u010dky<\/b><span style=\"font-weight: 400;\">.<\/span><\/p>","protected":false},"excerpt":{"rendered":"<p><span data-sheets-root=\"1\">Lehk\u00fd dort na b\u00e1zi \u0161leha\u010dky a jahodov\u00e9ho d\u017eemu. P\u0159irozen\u00e1 sladkost jahod pot\u011b\u0161\u00ed svou chut\u00ed a ud\u011bl\u00e1 z ka\u017ed\u00e9ho sousta \u010dist\u00fd po\u017eitek.<\/span><\/p>","protected":false},"featured_media":10321,"comment_status":"closed","ping_status":"closed","template":"","meta":{"content-type":""},"product_brand":[],"product_cat":[123],"product_tag":[728,166,730,733,735,297,731,729,732,734],"class_list":{"0":"post-11031","1":"product","2":"type-product","3":"status-publish","4":"has-post-thumbnail","6":"product_cat-torty","7":"product_tag-ciasto-truskawkowe","8":"product_tag-tort","9":"product_tag-tort-na-urodziny","10":"product_tag-tort-naturalny","11":"product_tag-tort-owocowy","12":"product_tag-tort-truskawkowy","13":"product_tag-tort-urodzinowy","14":"product_tag-tort-z-truskawkami","15":"product_tag-torty-naturalne","16":"product_tag-zdrowy-sklad","18":"entry","19":"has-media","21":"first","22":"instock","23":"shipping-taxable","24":"product-type-variable","25":"has-default-attributes","26":"has-product-nav","27":"col","28":"span_1_of_4","29":"owp-content-center","30":"owp-thumbs-layout-horizontal","31":"owp-btn-normal","32":"owp-tabs-layout-horizontal"},"acf":[],"_links":{"self":[{"href":"https:\/\/jacekplacek.com.pl\/cs\/wp-json\/wp\/v2\/product\/11031","targetHints":{"allow":["GET"]}}],"collection":[{"href":"https:\/\/jacekplacek.com.pl\/cs\/wp-json\/wp\/v2\/product"}],"about":[{"href":"https:\/\/jacekplacek.com.pl\/cs\/wp-json\/wp\/v2\/types\/product"}],"replies":[{"embeddable":true,"href":"https:\/\/jacekplacek.com.pl\/cs\/wp-json\/wp\/v2\/comments?post=11031"}],"wp:featuredmedia":[{"embeddable":true,"href":"https:\/\/jacekplacek.com.pl\/cs\/wp-json\/wp\/v2\/media\/10321"}],"wp:attachment":[{"href":"https:\/\/jacekplacek.com.pl\/cs\/wp-json\/wp\/v2\/media?parent=11031"}],"wp:term":[{"taxonomy":"product_brand","embeddable":true,"href":"https:\/\/jacekplacek.com.pl\/cs\/wp-json\/wp\/v2\/product_brand?post=11031"},{"taxonomy":"product_cat","embeddable":true,"href":"https:\/\/jacekplacek.com.pl\/cs\/wp-json\/wp\/v2\/product_cat?post=11031"},{"taxonomy":"product_tag","embeddable":true,"href":"https:\/\/jacekplacek.com.pl\/cs\/wp-json\/wp\/v2\/product_tag?post=11031"}],"curies":[{"name":"wp","href":"https:\/\/api.w.org\/{rel}","templated":true}]}}