{"id":10997,"date":"2023-10-26T12:14:49","date_gmt":"2023-10-26T10:14:49","guid":{"rendered":"https:\/\/jacekplacek.com.pl\/?post_type=product&#038;p=10997"},"modified":"2025-11-18T18:30:48","modified_gmt":"2025-11-18T17:30:48","slug":"oreo-kolac-2","status":"publish","type":"product","link":"https:\/\/jacekplacek.com.pl\/cs\/obchod\/torty_i_desery\/kolace-2\/oreo-kolac-2\/","title":{"rendered":"dort Oreo"},"content":{"rendered":"<p><strong>N\u00e1\u0161 Oreo dort je chu\u0165ovou cestou do zem\u011b ml\u00e9\u010dn\u00e9 \u010dokol\u00e1dy. <\/strong><\/p>\n<p><span style=\"font-weight: 400;\">Je to kombinace intenzivn\u00ed chuti ml\u00e9\u010dn\u00e9 \u010dokol\u00e1dy s k\u0159upav\u00fdmi kousky su\u0161enek, kter\u00e9 pot\u011b\u0161\u00ed va\u0161e mlsn\u00e9 jaz\u00fd\u010dky.\u00a0<\/span><\/p>\n<p><strong>Toto je perfektn\u00ed volba pro milovn\u00edky klasiky a ty, kte\u0159\u00ed cht\u011bj\u00ed nov\u00e9 chu\u0165ov\u00e9 z\u00e1\u017eitky. Dop\u0159ejte si nebesk\u00e9 pot\u011b\u0161en\u00ed v podob\u011b Oreo dortu!<\/strong><\/p>\n<p><span style=\"font-weight: 400;\">Doporu\u010dujeme v\u00e1m objednat si dort ve form\u011b d\u00e1rku s vyvolen\u00fdm <\/span><b>blahop\u0159\u00e1n\u00ed<\/b><span style=\"font-weight: 400;\"> a sp\u00e1rov\u00e1n\u00ed <\/span><b>sv\u00ed\u010dky<\/b><span style=\"font-weight: 400;\">.<\/span><\/p>","protected":false},"excerpt":{"rendered":"<p><span data-sheets-root=\"1\">Dort z k\u0159ehk\u00e9ho t\u011bsta s aktivn\u00edm uhl\u00edm, vrstvou nad\u00fdchan\u00e9 kr\u00e9mov\u00e9 hmoty, polevou z k\u0159ehk\u00e9ho t\u011bsta a ozdobou z origin\u00e1ln\u00edch su\u0161enek Oreo.<\/span><\/p>","protected":false},"featured_media":11005,"comment_status":"closed","ping_status":"closed","template":"","meta":{"content-type":""},"product_brand":[],"product_cat":[123],"product_tag":[747,166,176,758,730,733,376,731,759,732,734],"class_list":{"0":"post-10997","1":"product","2":"type-product","3":"status-publish","4":"has-post-thumbnail","6":"product_cat-torty","7":"product_tag-luksusowy-tort","8":"product_tag-tort","9":"product_tag-tort-czekoladowy","10":"product_tag-tort-dla-dzieci","11":"product_tag-tort-na-urodziny","12":"product_tag-tort-naturalny","13":"product_tag-tort-oreo","14":"product_tag-tort-urodzinowy","15":"product_tag-tort-z-owocami","16":"product_tag-torty-naturalne","17":"product_tag-zdrowy-sklad","19":"entry","20":"has-media","22":"first","23":"instock","24":"shipping-taxable","25":"product-type-variable","26":"has-default-attributes","27":"has-product-nav","28":"col","29":"span_1_of_4","30":"owp-content-center","31":"owp-thumbs-layout-horizontal","32":"owp-btn-normal","33":"owp-tabs-layout-horizontal"},"acf":[],"_links":{"self":[{"href":"https:\/\/jacekplacek.com.pl\/cs\/wp-json\/wp\/v2\/product\/10997","targetHints":{"allow":["GET"]}}],"collection":[{"href":"https:\/\/jacekplacek.com.pl\/cs\/wp-json\/wp\/v2\/product"}],"about":[{"href":"https:\/\/jacekplacek.com.pl\/cs\/wp-json\/wp\/v2\/types\/product"}],"replies":[{"embeddable":true,"href":"https:\/\/jacekplacek.com.pl\/cs\/wp-json\/wp\/v2\/comments?post=10997"}],"wp:featuredmedia":[{"embeddable":true,"href":"https:\/\/jacekplacek.com.pl\/cs\/wp-json\/wp\/v2\/media\/11005"}],"wp:attachment":[{"href":"https:\/\/jacekplacek.com.pl\/cs\/wp-json\/wp\/v2\/media?parent=10997"}],"wp:term":[{"taxonomy":"product_brand","embeddable":true,"href":"https:\/\/jacekplacek.com.pl\/cs\/wp-json\/wp\/v2\/product_brand?post=10997"},{"taxonomy":"product_cat","embeddable":true,"href":"https:\/\/jacekplacek.com.pl\/cs\/wp-json\/wp\/v2\/product_cat?post=10997"},{"taxonomy":"product_tag","embeddable":true,"href":"https:\/\/jacekplacek.com.pl\/cs\/wp-json\/wp\/v2\/product_tag?post=10997"}],"curies":[{"name":"wp","href":"https:\/\/api.w.org\/{rel}","templated":true}]}}