{"id":10987,"date":"2023-10-26T12:14:42","date_gmt":"2023-10-26T10:14:42","guid":{"rendered":"https:\/\/jacekplacek.com.pl\/?post_type=product&#038;p=10987"},"modified":"2025-11-18T18:30:48","modified_gmt":"2025-11-18T17:30:48","slug":"dort-bueno-2","status":"publish","type":"product","link":"https:\/\/jacekplacek.com.pl\/cs\/obchod\/torty_i_desery\/kolace-2\/dort-bueno-2\/","title":{"rendered":"bueno dort"},"content":{"rendered":"<p><strong>P\u0159edstavujeme Bueno Cake - kombinaci jemn\u00e9ho kr\u00e9mu z b\u00edl\u00e9 \u010dokol\u00e1dy a k\u0159upav\u00fdch l\u00edskov\u00fdch o\u0159\u00ed\u0161k\u016f. <\/strong><\/p>\n<p><span style=\"font-weight: 400;\">Na\u0161e verze tohoto obl\u00edben\u00e9ho dortu je opravdov\u00fdm sv\u00e1tkem pro mlsn\u00e9 jaz\u00fd\u010dky. \u010c\u00edm vynik\u00e1? T\u00edm, \u017ee nen\u00ed p\u0159ehnan\u011b sladk\u00fd, je ide\u00e1ln\u00ed variantou pro d\u011bti, kter\u00e9 miluj\u00ed tuto jedine\u010dnou skladbu chut\u00ed.<strong> Zveme v\u00e1s do na\u0161\u00ed cukr\u00e1rny, abyste zjistili, pro\u010d se Bueno Cake stal obl\u00edben\u00fdm dezertem mnoha gurm\u00e1n\u016f!<\/strong><\/span><\/p>\n<p><span style=\"font-weight: 400;\">Doporu\u010dujeme v\u00e1m objednat si dort ve form\u011b d\u00e1rku s vyvolen\u00fdm <\/span><b>blahop\u0159\u00e1n\u00ed<\/b><span style=\"font-weight: 400;\"> a sp\u00e1rov\u00e1n\u00ed <\/span><b>sv\u00ed\u010dky<\/b><span style=\"font-weight: 400;\">.<\/span><\/p>","protected":false},"excerpt":{"rendered":"<p><span style=\"font-weight: 400;\">Na\u0161e verze tohoto obl\u00edben\u00e9ho dortu je samoz\u0159ejm\u011b kombinac\u00ed kr\u00e9mu z b\u00edl\u00e9 \u010dokol\u00e1dy a l\u00edskov\u00fdch o\u0159\u00ed\u0161k\u016f. Dort nen\u00ed p\u0159eslazen\u00fd, m\u00e1 zaj\u00edmav\u00e9 chut\u011b a d\u011bti ho miluj\u00ed!<\/span><\/p>","protected":false},"featured_media":11010,"comment_status":"closed","ping_status":"closed","template":"","meta":{"content-type":""},"product_brand":[],"product_cat":[123],"product_tag":[761,166,290,730,733,731,732,734],"class_list":{"0":"post-10987","1":"product","2":"type-product","3":"status-publish","4":"has-post-thumbnail","6":"product_cat-torty","7":"product_tag-bueno","8":"product_tag-tort","9":"product_tag-tort-bueno","10":"product_tag-tort-na-urodziny","11":"product_tag-tort-naturalny","12":"product_tag-tort-urodzinowy","13":"product_tag-torty-naturalne","14":"product_tag-zdrowy-sklad","16":"entry","17":"has-media","19":"first","20":"instock","21":"shipping-taxable","22":"product-type-variable","23":"has-product-nav","24":"col","25":"span_1_of_4","26":"owp-content-center","27":"owp-thumbs-layout-horizontal","28":"owp-btn-normal","29":"owp-tabs-layout-horizontal"},"acf":[],"_links":{"self":[{"href":"https:\/\/jacekplacek.com.pl\/cs\/wp-json\/wp\/v2\/product\/10987","targetHints":{"allow":["GET"]}}],"collection":[{"href":"https:\/\/jacekplacek.com.pl\/cs\/wp-json\/wp\/v2\/product"}],"about":[{"href":"https:\/\/jacekplacek.com.pl\/cs\/wp-json\/wp\/v2\/types\/product"}],"replies":[{"embeddable":true,"href":"https:\/\/jacekplacek.com.pl\/cs\/wp-json\/wp\/v2\/comments?post=10987"}],"wp:featuredmedia":[{"embeddable":true,"href":"https:\/\/jacekplacek.com.pl\/cs\/wp-json\/wp\/v2\/media\/11010"}],"wp:attachment":[{"href":"https:\/\/jacekplacek.com.pl\/cs\/wp-json\/wp\/v2\/media?parent=10987"}],"wp:term":[{"taxonomy":"product_brand","embeddable":true,"href":"https:\/\/jacekplacek.com.pl\/cs\/wp-json\/wp\/v2\/product_brand?post=10987"},{"taxonomy":"product_cat","embeddable":true,"href":"https:\/\/jacekplacek.com.pl\/cs\/wp-json\/wp\/v2\/product_cat?post=10987"},{"taxonomy":"product_tag","embeddable":true,"href":"https:\/\/jacekplacek.com.pl\/cs\/wp-json\/wp\/v2\/product_tag?post=10987"}],"curies":[{"name":"wp","href":"https:\/\/api.w.org\/{rel}","templated":true}]}}