{"id":10196,"date":"2023-07-28T10:16:02","date_gmt":"2023-07-28T08:16:02","guid":{"rendered":"https:\/\/jacekplacek.com.pl\/?post_type=product&#038;p=10196"},"modified":"2025-12-16T15:38:39","modified_gmt":"2025-12-16T14:38:39","slug":"mandle-cookies-keto","status":"publish","type":"product","link":"https:\/\/jacekplacek.com.pl\/cs\/obchod\/cookies-a-cookies\/cookies\/mandle-cookies-keto\/","title":{"rendered":"KETO mandlov\u00e9 su\u0161enky"},"content":{"rendered":"<p><span style=\"font-weight: 400; color: #000000;\">Jak hezk\u00e9 spojit svou slabost pro k\u0159ehk\u00e9 su\u0161enky s dopln\u011bn\u00edm j\u00eddeln\u00ed\u010dku cenn\u00fdmi sem\u00ednky...<\/span><\/p>\n<p><span style=\"color: #000000;\">Na\u0161e bezlepkov\u00e9 mandlov\u00e9 su\u0161enky s xylitolem a n\u00e1dechem pomeran\u010de jsou nejen chutnou sva\u010dinkou, ale tak\u00e9 produktem, kter\u00fd se hod\u00ed ke zdrav\u00e9mu \u017eivotn\u00edmu stylu. Jsou p\u0159ipraveny pro lidi na ketogenn\u00ed diet\u011b a jsou dokonal\u00fdm dopl\u0148kem denn\u00edho menu. Ka\u017ed\u00e1 su\u0161enka je mal\u00e1, ale pln\u00e1 chuti, pot\u011b\u0161en\u00ed a zdrav\u00ed. <span style=\"font-weight: 400;\"> (Vzhledem k absenci samostatn\u00e9 v\u00fdrobn\u00ed linky m\u016f\u017ee v\u00fdrobek obsahovat stopy lepku a dal\u0161\u00edch alergen\u016f. Z\u00e1vod pou\u017e\u00edv\u00e1: mouku, vejce, o\u0159echy, sezam a ml\u00e9ko, proto ka\u017ed\u00fd v\u00fdrobek m\u016f\u017ee obsahovat stopy uveden\u00fdch alergen\u016f, i kdy\u017e jsou nen\u00ed uvedeno v popisu a seznamu slo\u017eek.)<\/span><\/span><\/p>\n<p><span style=\"font-weight: 400; color: #000000;\">Je to perfektn\u00ed sva\u010dinka pro ka\u017edou p\u0159\u00edle\u017eitost!\u00a0<\/span><\/p>\n<p>&nbsp;<\/p>\n<p>&nbsp;<\/p>","protected":false},"excerpt":{"rendered":"<p><span style=\"font-weight: 400;\">Mandlov\u00e9 su\u0161enky se sn\u00ed\u017een\u00fdm obsahem lepku s xylitolem a n\u00e1dechem pomeran\u010de - produkt pro lidi dodr\u017euj\u00edc\u00ed ketogenn\u00ed dietu.\u00a0<\/span><\/p>","protected":false},"featured_media":0,"comment_status":"closed","ping_status":"closed","template":"","meta":{"content-type":""},"product_brand":[],"product_cat":[121],"product_tag":[348,454,444,446,445,449,354,355],"class_list":{"0":"post-10196","1":"product","2":"type-product","3":"status-publish","5":"product_cat-ciasteczka","6":"product_tag-ciasteczka-kruche","7":"product_tag-ciasteczka-na-wage","8":"product_tag-cukiernia-jacek-placek","9":"product_tag-jacek-placek-gdansk","10":"product_tag-jacek-placek-gowino","11":"product_tag-jacek-placek-sopot","12":"product_tag-z-nasionami","13":"product_tag-ze-slonecznikiem","15":"entry","17":"first","18":"outofstock","19":"shipping-taxable","20":"product-type-variable","21":"has-default-attributes","22":"has-product-nav","23":"col","24":"span_1_of_4","25":"owp-content-center","26":"owp-thumbs-layout-horizontal","27":"owp-btn-normal","28":"owp-tabs-layout-horizontal","29":"has-no-thumbnails"},"acf":[],"_links":{"self":[{"href":"https:\/\/jacekplacek.com.pl\/cs\/wp-json\/wp\/v2\/product\/10196","targetHints":{"allow":["GET"]}}],"collection":[{"href":"https:\/\/jacekplacek.com.pl\/cs\/wp-json\/wp\/v2\/product"}],"about":[{"href":"https:\/\/jacekplacek.com.pl\/cs\/wp-json\/wp\/v2\/types\/product"}],"replies":[{"embeddable":true,"href":"https:\/\/jacekplacek.com.pl\/cs\/wp-json\/wp\/v2\/comments?post=10196"}],"wp:attachment":[{"href":"https:\/\/jacekplacek.com.pl\/cs\/wp-json\/wp\/v2\/media?parent=10196"}],"wp:term":[{"taxonomy":"product_brand","embeddable":true,"href":"https:\/\/jacekplacek.com.pl\/cs\/wp-json\/wp\/v2\/product_brand?post=10196"},{"taxonomy":"product_cat","embeddable":true,"href":"https:\/\/jacekplacek.com.pl\/cs\/wp-json\/wp\/v2\/product_cat?post=10196"},{"taxonomy":"product_tag","embeddable":true,"href":"https:\/\/jacekplacek.com.pl\/cs\/wp-json\/wp\/v2\/product_tag?post=10196"}],"curies":[{"name":"wp","href":"https:\/\/api.w.org\/{rel}","templated":true}]}}